{"id":4436,"date":"2020-09-03T10:25:52","date_gmt":"2020-09-03T09:25:52","guid":{"rendered":"https:\/\/coeytaux-vins.ch\/home\/"},"modified":"2026-02-28T16:45:59","modified_gmt":"2026-02-28T15:45:59","slug":"home","status":"publish","type":"page","link":"https:\/\/coeytaux-vins.ch\/de\/","title":{"rendered":"Home"},"content":{"rendered":"<p>[et_pb_section fb_built=&#8220;1&#8243; fullwidth=&#8220;on&#8220; _builder_version=&#8220;4.16&#8243; global_colors_info=&#8220;{}&#8220;][et_pb_fullwidth_slider use_bg_overlay=&#8220;on&#8220; bg_overlay_color=&#8220;rgba(0,0,0,0.41)&#8220; use_text_overlay=&#8220;off&#8220; show_arrows_tablet=&#8220;off&#8220; show_arrows_phone=&#8220;off&#8220; show_arrows_last_edited=&#8220;on|phone&#8220; show_pagination_tablet=&#8220;on&#8220; show_pagination_phone=&#8220;on&#8220; show_pagination_last_edited=&#8220;on|desktop&#8220; _builder_version=&#8220;4.27.4&#8243; header_level=&#8220;h1&#8243; header_font=&#8220;||||||||&#8220; header_font_size=&#8220;60px&#8220; custom_button=&#8220;on&#8220; button_text_size=&#8220;17px&#8220; button_font=&#8220;||||||||&#8220; button_use_icon=&#8220;off&#8220; button_custom_margin=&#8220;30px||||false|false&#8220; button_custom_margin_tablet=&#8220;20px||||false|false&#8220; button_custom_margin_phone=&#8220;&#8220; button_custom_margin_last_edited=&#8220;on|desktop&#8220; button_custom_padding=&#8220;4px|12px|3px|12px|false|false&#8220; content_max_width=&#8220;1000px&#8220; custom_padding=&#8220;200px||200px||true|false&#8220; custom_padding_tablet=&#8220;130px||130px||true|false&#8220; custom_padding_phone=&#8220;100px||100px||true|false&#8220; custom_padding_last_edited=&#8220;on|desktop&#8220; auto=&#8220;on&#8220; auto_speed=&#8220;3000&#8243; auto_ignore_hover=&#8220;on&#8220; hover_enabled=&#8220;0&#8243; header_font_size_tablet=&#8220;51px&#8220; header_font_size_phone=&#8220;38px&#8220; header_font_size_last_edited=&#8220;on|desktop&#8220; header_text_shadow_style=&#8220;preset1&#8243; header_text_shadow_blur_strength=&#8220;0.2em&#8220; header_text_shadow_color=&#8220;#222222&#8243; text_shadow_style=&#8220;preset1&#8243; text_shadow_blur_strength=&#8220;0.3em&#8220; text_shadow_color=&#8220;#222222&#8243; global_colors_info=&#8220;{}&#8220; button_bg_color__hover_enabled=&#8220;off|desktop&#8220; button_border_color__hover_enabled=&#8220;off|desktop&#8220; sticky_enabled=&#8220;0&#8243;][et_pb_slide button_link=&#8220;@ET-DC@eyJkeW5hbWljIjp0cnVlLCJjb250ZW50IjoicG9zdF9saW5rX3VybF9wYWdlIiwic2V0dGluZ3MiOnsicG9zdF9pZCI6IjEwIn19@&#8220; use_bg_overlay=&#8220;off&#8220; image_last_edited=&#8220;off|desktop&#8220; _builder_version=&#8220;4.23&#8243; _dynamic_attributes=&#8220;button_link&#8220; header_level=&#8220;h6&#8243; header_font=&#8220;||||||||&#8220; background_color=&#8220;rgba(34,34,34,0.3)&#8220; background_enable_color=&#8220;on&#8220; background_image=&#8220;https:\/\/coeytaux-vins.ch\/wp-content\/uploads\/2024\/07\/Banniere-pour-site-Internet-Famille-2.png&#8220; background_enable_image=&#8220;on&#8220; background_last_edited=&#8220;off|desktop&#8220; global_colors_info=&#8220;{}&#8220; image__hover_enabled=&#8220;off|desktop&#8220; background__hover_enabled=&#8220;off|desktop&#8220; sticky_transition=&#8220;on&#8220;][\/et_pb_slide][et_pb_slide button_link=&#8220;@ET-DC@eyJkeW5hbWljIjp0cnVlLCJjb250ZW50IjoicG9zdF9saW5rX3VybF9wYWdlIiwic2V0dGluZ3MiOnsicG9zdF9pZCI6IjEwIn19@&#8220; use_bg_overlay=&#8220;off&#8220; image_last_edited=&#8220;off|desktop&#8220; _builder_version=&#8220;4.27.4&#8243; _dynamic_attributes=&#8220;button_link&#8220; header_level=&#8220;h6&#8243; header_font=&#8220;||||||||&#8220; background_color=&#8220;rgba(34,34,34,0.3)&#8220; background_enable_color=&#8220;on&#8220; background_image=&#8220;https:\/\/coeytaux-vins.ch\/wp-content\/uploads\/2026\/02\/Banniere-pour-site-Internet-2026-1.jpg&#8220; background_enable_image=&#8220;on&#8220; hover_enabled=&#8220;0&#8243; background_last_edited=&#8220;off|desktop&#8220; global_colors_info=&#8220;{}&#8220; image__hover_enabled=&#8220;off|desktop&#8220; background__hover_enabled=&#8220;off|desktop&#8220; sticky_transition=&#8220;on&#8220; title_text=&#8220;Banni\u00e8re pour site Internet &#8211; 2026&#8243; sticky_enabled=&#8220;0&#8243;][\/et_pb_slide][et_pb_slide button_link=&#8220;@ET-DC@eyJkeW5hbWljIjp0cnVlLCJjb250ZW50IjoicG9zdF9saW5rX3VybF9wYWdlIiwic2V0dGluZ3MiOnsicG9zdF9pZCI6IjEwIn19@&#8220; use_bg_overlay=&#8220;off&#8220; image_last_edited=&#8220;off|desktop&#8220; _builder_version=&#8220;4.27.4&#8243; _dynamic_attributes=&#8220;button_link&#8220; header_level=&#8220;h6&#8243; header_font=&#8220;||||||||&#8220; background_color=&#8220;rgba(34,34,34,0.3)&#8220; background_enable_color=&#8220;on&#8220; background_image=&#8220;https:\/\/coeytaux-vins.ch\/wp-content\/uploads\/2025\/10\/Banniere-pour-site-Internet-GaultMillau-2026.jpg&#8220; background_enable_image=&#8220;on&#8220; background_last_edited=&#8220;off|desktop&#8220; global_colors_info=&#8220;{}&#8220; image__hover_enabled=&#8220;off|desktop&#8220; background__hover_enabled=&#8220;off|desktop&#8220; sticky_transition=&#8220;on&#8220;][\/et_pb_slide][et_pb_slide heading=&#8220;Von der Rebe\u2026 ins Glas! &#8220; button_link=&#8220;@ET-DC@eyJkeW5hbWljIjp0cnVlLCJjb250ZW50IjoicG9zdF9saW5rX3VybF9wYWdlIiwic2V0dGluZ3MiOnsicG9zdF9pZCI6IjEwIn19@&#8220; use_bg_overlay=&#8220;on&#8220; image_last_edited=&#8220;off|desktop&#8220; _builder_version=&#8220;4.23&#8243; _dynamic_attributes=&#8220;button_link&#8220; header_level=&#8220;h6&#8243; header_font=&#8220;||||||||&#8220; background_color=&#8220;rgba(34,34,34,0.3)&#8220; background_enable_color=&#8220;on&#8220; background_image=&#8220;https:\/\/coeytaux-vins.ch\/wp-content\/uploads\/2020\/02\/home.jpg&#8220; background_enable_image=&#8220;on&#8220; background_last_edited=&#8220;off|desktop&#8220; global_colors_info=&#8220;{}&#8220; image__hover_enabled=&#8220;off|desktop&#8220; background__hover_enabled=&#8220;off|desktop&#8220; sticky_transition=&#8220;on&#8220;]<\/p>\n<h2><em><\/em>Mit Herz und Leidenschaft\u2026<\/h2>\n<p>[\/et_pb_slide][et_pb_slide heading=&#8220;Von der Rebe\u2026 ins Glas! &#8220; button_link=&#8220;@ET-DC@eyJkeW5hbWljIjp0cnVlLCJjb250ZW50IjoicG9zdF9saW5rX3VybF9wYWdlIiwic2V0dGluZ3MiOnsicG9zdF9pZCI6IjEwIn19@&#8220; use_bg_overlay=&#8220;on&#8220; image_last_edited=&#8220;off|desktop&#8220; _builder_version=&#8220;4.16&#8243; _dynamic_attributes=&#8220;button_link&#8220; header_level=&#8220;h6&#8243; header_font=&#8220;||||||||&#8220; background_color=&#8220;rgba(34,34,34,0.3)&#8220; background_enable_color=&#8220;on&#8220; background_image=&#8220;https:\/\/coeytaux-vins.ch\/wp-content\/uploads\/2020\/03\/Vendanges-2019-48.jpg&#8220; background_enable_image=&#8220;on&#8220; background_last_edited=&#8220;off|desktop&#8220; global_colors_info=&#8220;{}&#8220; image__hover_enabled=&#8220;off|desktop&#8220; background__hover_enabled=&#8220;off|desktop&#8220; sticky_transition=&#8220;on&#8220;]<\/p>\n<h2><em><\/em>Mit Herz und Leidenschaft\u2026<\/h2>\n<p>[\/et_pb_slide][et_pb_slide heading=&#8220;Von der Rebe\u2026 ins Glas! &#8220; button_link=&#8220;@ET-DC@eyJkeW5hbWljIjp0cnVlLCJjb250ZW50IjoicG9zdF9saW5rX3VybF9wYWdlIiwic2V0dGluZ3MiOnsicG9zdF9pZCI6IjEwIn19@&#8220; use_bg_overlay=&#8220;on&#8220; image_last_edited=&#8220;off|desktop&#8220; _builder_version=&#8220;4.16&#8243; _dynamic_attributes=&#8220;button_link&#8220; header_level=&#8220;h6&#8243; header_font=&#8220;||||||||&#8220; background_color=&#8220;rgba(34,34,34,0.3)&#8220; background_enable_color=&#8220;on&#8220; background_image=&#8220;https:\/\/coeytaux-vins.ch\/wp-content\/uploads\/2020\/10\/Vue-sur-les-Alpes.jpg&#8220; background_enable_image=&#8220;on&#8220; background_last_edited=&#8220;off|desktop&#8220; global_colors_info=&#8220;{}&#8220; image__hover_enabled=&#8220;off|desktop&#8220; background__hover_enabled=&#8220;off|desktop&#8220; sticky_transition=&#8220;on&#8220;]<\/p>\n<h2><em><\/em>Mit Herz und Leidenschaft\u2026<\/h2>\n<p>[\/et_pb_slide][et_pb_slide heading=&#8220;Von der Rebe\u2026 ins Glas! &#8220; button_link=&#8220;@ET-DC@eyJkeW5hbWljIjp0cnVlLCJjb250ZW50IjoicG9zdF9saW5rX3VybF9wYWdlIiwic2V0dGluZ3MiOnsicG9zdF9pZCI6IjEwIn19@&#8220; use_bg_overlay=&#8220;on&#8220; image_last_edited=&#8220;off|desktop&#8220; _builder_version=&#8220;4.16&#8243; _dynamic_attributes=&#8220;button_link&#8220; header_level=&#8220;h6&#8243; header_font=&#8220;||||||||&#8220; background_color=&#8220;rgba(34,34,34,0.3)&#8220; background_enable_color=&#8220;on&#8220; background_image=&#8220;https:\/\/coeytaux-vins.ch\/wp-content\/uploads\/2020\/03\/Cave-Jean-Daniel-Coeytaux-Photo-cep-de-vigne-automne.jpg&#8220; background_enable_image=&#8220;on&#8220; background_last_edited=&#8220;off|desktop&#8220; global_colors_info=&#8220;{}&#8220; image__hover_enabled=&#8220;off|desktop&#8220; background__hover_enabled=&#8220;off|desktop&#8220; sticky_transition=&#8220;on&#8220;]<\/p>\n<h2><em><\/em>Mit Herz und Leidenschaft\u2026<\/h2>\n<p>[\/et_pb_slide][et_pb_slide heading=&#8220;Von der Rebe\u2026 ins Glas! &#8220; button_link=&#8220;@ET-DC@eyJkeW5hbWljIjp0cnVlLCJjb250ZW50IjoicG9zdF9saW5rX3VybF9wYWdlIiwic2V0dGluZ3MiOnsicG9zdF9pZCI6IjEwIn19@&#8220; use_bg_overlay=&#8220;on&#8220; image_last_edited=&#8220;off|desktop&#8220; _builder_version=&#8220;4.16&#8243; _dynamic_attributes=&#8220;button_link&#8220; header_level=&#8220;h6&#8243; header_font=&#8220;||||||||&#8220; background_color=&#8220;rgba(34,34,34,0.3)&#8220; background_enable_color=&#8220;on&#8220; background_image=&#8220;https:\/\/coeytaux-vins.ch\/wp-content\/uploads\/2020\/10\/Cave-Jean-Daniel-Coeytaux-Vendanges-2020-26-scaled.jpg&#8220; background_enable_image=&#8220;on&#8220; background_last_edited=&#8220;off|desktop&#8220; global_colors_info=&#8220;{}&#8220; image__hover_enabled=&#8220;off|desktop&#8220; background__hover_enabled=&#8220;off|desktop&#8220; sticky_transition=&#8220;on&#8220;]<\/p>\n<h2><em><\/em>Mit Herz und Leidenschaft\u2026<\/h2>\n<p>[\/et_pb_slide][et_pb_slide heading=&#8220;Von der Rebe\u2026 ins Glas! &#8220; button_link=&#8220;@ET-DC@eyJkeW5hbWljIjp0cnVlLCJjb250ZW50IjoicG9zdF9saW5rX3VybF9wYWdlIiwic2V0dGluZ3MiOnsicG9zdF9pZCI6IjEwIn19@&#8220; use_bg_overlay=&#8220;off&#8220; image_last_edited=&#8220;off|desktop&#8220; _builder_version=&#8220;4.16&#8243; _dynamic_attributes=&#8220;button_link&#8220; header_level=&#8220;h6&#8243; header_font=&#8220;||||||||&#8220; background_color=&#8220;rgba(34,34,34,0.3)&#8220; background_enable_color=&#8220;on&#8220; background_image=&#8220;https:\/\/coeytaux-vins.ch\/wp-content\/uploads\/2021\/09\/Vue-des-Vignes.jpg&#8220; background_enable_image=&#8220;on&#8220; background_last_edited=&#8220;off|desktop&#8220; header_text_shadow_style=&#8220;preset1&#8243; header_text_shadow_blur_strength=&#8220;0.26em&#8220; header_text_shadow_color=&#8220;#000000&#8243; body_text_shadow_style=&#8220;preset1&#8243; body_text_shadow_blur_strength=&#8220;0.35em&#8220; body_text_shadow_color=&#8220;#000000&#8243; global_colors_info=&#8220;{}&#8220; image__hover_enabled=&#8220;off|desktop&#8220; background__hover_enabled=&#8220;off|desktop&#8220; sticky_transition=&#8220;on&#8220;]<\/p>\n<h2><em><\/em>Mit Herz und Leidenschaft\u2026<\/h2>\n<p>[\/et_pb_slide][\/et_pb_fullwidth_slider][\/et_pb_section][et_pb_section fb_built=&#8220;1&#8243; admin_label=&#8220;Top Content&#8220; _builder_version=&#8220;4.16&#8243; custom_padding=&#8220;|40px|40px|40px|false|true&#8220; global_colors_info=&#8220;{}&#8220;][et_pb_row custom_padding_last_edited=&#8220;on|desktop&#8220; _builder_version=&#8220;4.16&#8243; custom_padding=&#8220;0px||0px||false|false&#8220; custom_padding_tablet=&#8220;||0px||false|false&#8220; custom_padding_phone=&#8220;&#8220; global_colors_info=&#8220;{}&#8220;][et_pb_column type=&#8220;4_4&#8243; _builder_version=&#8220;4.16&#8243; global_colors_info=&#8220;{}&#8220;][et_pb_text admin_label=&#8220;Heading&#8220; _builder_version=&#8220;4.23&#8243; header_2_font_size=&#8220;51px&#8220; text_orientation=&#8220;center&#8220; custom_margin=&#8220;||10px||false|false&#8220; header_font_size_last_edited=&#8220;off|tablet&#8220; header_2_font_size_tablet=&#8220;38px&#8220; header_2_font_size_phone=&#8220;28px&#8220; header_2_font_size_last_edited=&#8220;on|desktop&#8220; global_colors_info=&#8220;{}&#8220;]<\/p>\n<h2>Willkommen<\/h2>\n<p>[\/et_pb_text][et_pb_text _builder_version=&#8220;4.23&#8243; text_orientation=&#8220;center&#8220; custom_margin=&#8220;||30px||false|false&#8220; custom_margin_tablet=&#8220;||40px||false|false&#8220; custom_margin_phone=&#8220;||30px||false|false&#8220; custom_margin_last_edited=&#8220;on|desktop&#8220; global_colors_info=&#8220;{}&#8220;]<\/p>\n<p>Bei uns ist es eine echte Familienangelegenheit!<\/p>\n<p>Von dem Moment an, in dem die Reben wachsen, bis der Wein sorgf\u00e4ltig abgef\u00fcllt wird, findet jeder Schritt hier auf unserem Weingut statt.<br \/>Der Anbau der Reben, die manuelle Ernte, die Weinherstellung, das Abf\u00fcllen und sogar der Direktverkauf von unserem Weingut aus \u2013 alles wird von uns selbst durchgef\u00fchrt&#8230;<\/p>\n<p>Wir sind leidenschaftlich bei unserer Arbeit und sehr dankbar f\u00fcr die Chance, sie aus\u00fcben zu d\u00fcrfen!<\/p>\n<p>Unser Keller ist jeden Tag ge\u00f6ffnet. Ein Anruf reicht um sicherzustellen, dass jemand auf dem Anwesen ist.<br \/>Verkostungen jeden Samstag, von 10 bis 13 Uhr.<\/p>\n<p>Sie werden in unserem authentischen Keller, der auf das Jahr 1597 zur\u00fcckgeht, empfangen, wo eine warme und famili\u00e4re Atmosph\u00e4re herrscht.<br \/>Wir legen gro\u00dfen Wert darauf, Ihnen bei jedem Besuch ein freundliches und herzliches Erlebnis zu bieten.<br \/>Kommen Sie und teilen Sie unsere Leidenschaft f\u00fcr Wein und entdecken Sie alles, was unser Familienbetrieb zu bieten hat!<\/p>\n<p>[\/et_pb_text][et_pb_blurb url=&#8220;https:\/\/www.socialpass.ch\/telecharger-social-pass\/&#8220; url_new_window=&#8220;on&#8220; image=&#8220;https:\/\/www.socialpass.ch\/wp-content\/uploads\/2020\/05\/SocialPass-logo-149&#215;149.png&#8220; image_icon_width=&#8220;50%&#8220; image_icon_width_tablet=&#8220;50%&#8220; image_icon_width_phone=&#8220;50%&#8220; image_icon_width_last_edited=&#8220;on|desktop&#8220; disabled_on=&#8220;on|on|on&#8220; _builder_version=&#8220;4.16&#8243; _module_preset=&#8220;default&#8220; custom_margin=&#8220;||60px||false|false&#8220; custom_margin_last_edited=&#8220;off|desktop&#8220; image_max_width=&#8220;50%&#8220; image_max_width_tablet=&#8220;&#8220; image_max_width_phone=&#8220;&#8220; image_max_width_last_edited=&#8220;on|desktop&#8220; disabled=&#8220;on&#8220; global_colors_info=&#8220;{}&#8220;]<\/p>\n<p style=\"text-align: center;\">F\u00fcr Ihre Besuche bei uns k\u00f6nnen Sie die SocialPass-App verwenden.<br \/>oder Sie k\u00f6nnen sich bei Ihrer Ankunft vor Ort manuell registrieren.<\/p>\n<p>[\/et_pb_blurb][\/et_pb_column][\/et_pb_row][\/et_pb_section]<\/p>\n","protected":false},"excerpt":{"rendered":"<p>Mit Herz und Leidenschaft\u2026Mit Herz und Leidenschaft\u2026Mit Herz und Leidenschaft\u2026Mit Herz und Leidenschaft\u2026Mit Herz und Leidenschaft\u2026Mit Herz und Leidenschaft\u2026WillkommenBei uns ist es eine echte Familienangelegenheit! Von dem Moment an, in dem die Reben wachsen, bis der Wein sorgf\u00e4ltig abgef\u00fcllt wird, findet jeder Schritt hier auf unserem Weingut statt.Der Anbau der Reben, die manuelle Ernte, die [&hellip;]<\/p>\n","protected":false},"author":4,"featured_media":5297,"parent":0,"menu_order":10,"comment_status":"closed","ping_status":"closed","template":"","meta":{"_et_pb_use_builder":"on","_et_pb_old_content":"","_et_gb_content_width":"","inline_featured_image":false,"footnotes":""},"class_list":["post-4436","page","type-page","status-publish","has-post-thumbnail","hentry"],"yoast_head":"<!-- This site is optimized with the Yoast SEO plugin v26.4 - https:\/\/yoast.com\/wordpress\/plugins\/seo\/ -->\n<title>Coeytaux Jean-Daniel -Vigneron - Encaveur - Home<\/title>\n<meta name=\"description\" content=\"Unser Weingut liegt in der Gemeinde Yens, Bezirk Morges und ist Teil der Vereinigung \u201eVinsde Morges\u201c (AOC) \u201eLa C\u00f4te\u201c.\" \/>\n<meta name=\"robots\" content=\"index, follow, max-snippet:-1, max-image-preview:large, max-video-preview:-1\" \/>\n<link rel=\"canonical\" href=\"https:\/\/coeytaux-vins.ch\/de\/\" \/>\n<meta property=\"og:locale\" content=\"de_DE\" \/>\n<meta property=\"og:type\" content=\"article\" \/>\n<meta property=\"og:title\" content=\"Coeytaux Jean-Daniel -Vigneron - Encaveur - Home\" \/>\n<meta property=\"og:description\" content=\"Unser Weingut liegt in der Gemeinde Yens, Bezirk Morges und ist Teil der Vereinigung \u201eVinsde Morges\u201c (AOC) \u201eLa C\u00f4te\u201c.\" \/>\n<meta property=\"og:url\" content=\"https:\/\/coeytaux-vins.ch\/de\/\" \/>\n<meta property=\"og:site_name\" content=\"Coeytaux Jean-Daniel\" \/>\n<meta property=\"article:publisher\" content=\"https:\/\/www.facebook.com\/cavejeandaniel.coeytaux\" \/>\n<meta property=\"article:modified_time\" content=\"2026-02-28T15:45:59+00:00\" \/>\n<meta property=\"og:image\" content=\"https:\/\/coeytaux-vins.ch\/wp-content\/uploads\/2020\/10\/cover-image.jpg\" \/>\n\t<meta property=\"og:image:width\" content=\"2194\" \/>\n\t<meta property=\"og:image:height\" content=\"1080\" \/>\n\t<meta property=\"og:image:type\" content=\"image\/jpeg\" \/>\n<meta name=\"twitter:card\" content=\"summary_large_image\" \/>\n<meta name=\"twitter:site\" content=\"@CaveJDC\" \/>\n<meta name=\"twitter:label1\" content=\"Gesch\u00e4tzte Lesezeit\" \/>\n\t<meta name=\"twitter:data1\" content=\"8\u00a0Minuten\" \/>\n<script type=\"application\/ld+json\" class=\"yoast-schema-graph\">{\"@context\":\"https:\/\/schema.org\",\"@graph\":[{\"@type\":\"WebPage\",\"@id\":\"https:\/\/coeytaux-vins.ch\/de\/\",\"url\":\"https:\/\/coeytaux-vins.ch\/de\/\",\"name\":\"Coeytaux Jean-Daniel -Vigneron - Encaveur - Home\",\"isPartOf\":{\"@id\":\"https:\/\/coeytaux-vins.ch\/de\/#website\"},\"primaryImageOfPage\":{\"@id\":\"https:\/\/coeytaux-vins.ch\/de\/#primaryimage\"},\"image\":{\"@id\":\"https:\/\/coeytaux-vins.ch\/de\/#primaryimage\"},\"thumbnailUrl\":\"https:\/\/coeytaux-vins.ch\/wp-content\/uploads\/2020\/10\/cover-image.jpg\",\"datePublished\":\"2020-09-03T09:25:52+00:00\",\"dateModified\":\"2026-02-28T15:45:59+00:00\",\"description\":\"Unser Weingut liegt in der Gemeinde Yens, Bezirk Morges und ist Teil der Vereinigung \u201eVinsde Morges\u201c (AOC) \u201eLa C\u00f4te\u201c.\",\"breadcrumb\":{\"@id\":\"https:\/\/coeytaux-vins.ch\/de\/#breadcrumb\"},\"inLanguage\":\"de\",\"potentialAction\":[{\"@type\":\"ReadAction\",\"target\":[\"https:\/\/coeytaux-vins.ch\/de\/\"]}]},{\"@type\":\"ImageObject\",\"inLanguage\":\"de\",\"@id\":\"https:\/\/coeytaux-vins.ch\/de\/#primaryimage\",\"url\":\"https:\/\/coeytaux-vins.ch\/wp-content\/uploads\/2020\/10\/cover-image.jpg\",\"contentUrl\":\"https:\/\/coeytaux-vins.ch\/wp-content\/uploads\/2020\/10\/cover-image.jpg\",\"width\":2194,\"height\":1080},{\"@type\":\"BreadcrumbList\",\"@id\":\"https:\/\/coeytaux-vins.ch\/de\/#breadcrumb\",\"itemListElement\":[{\"@type\":\"ListItem\",\"position\":1,\"name\":\"Accueil\",\"item\":\"https:\/\/coeytaux-vins.ch\/de\/\"},{\"@type\":\"ListItem\",\"position\":2,\"name\":\"Home\"}]},{\"@type\":\"WebSite\",\"@id\":\"https:\/\/coeytaux-vins.ch\/de\/#website\",\"url\":\"https:\/\/coeytaux-vins.ch\/de\/\",\"name\":\"Coeytaux Jean-Daniel\",\"description\":\"Jean Daniel Coeytaux, Vigneron-Encaveur, Rue du Ch\u00e2teau 4, 1169 Yens-s\/Morges, Tel +41 21 800 47 38, Fax +41 21 800 47 57, Natel +41 79 276 30 47, jean-daniel@coeytaux-vins.ch\",\"publisher\":{\"@id\":\"https:\/\/coeytaux-vins.ch\/de\/#organization\"},\"potentialAction\":[{\"@type\":\"SearchAction\",\"target\":{\"@type\":\"EntryPoint\",\"urlTemplate\":\"https:\/\/coeytaux-vins.ch\/de\/?s={search_term_string}\"},\"query-input\":{\"@type\":\"PropertyValueSpecification\",\"valueRequired\":true,\"valueName\":\"search_term_string\"}}],\"inLanguage\":\"de\"},{\"@type\":\"Organization\",\"@id\":\"https:\/\/coeytaux-vins.ch\/de\/#organization\",\"name\":\"Jean-Daniel Coeytaux\",\"url\":\"https:\/\/coeytaux-vins.ch\/de\/\",\"logo\":{\"@type\":\"ImageObject\",\"inLanguage\":\"de\",\"@id\":\"https:\/\/coeytaux-vins.ch\/de\/#\/schema\/logo\/image\/\",\"url\":\"https:\/\/coeytaux-vins.ch\/wp-content\/uploads\/2020\/08\/Logo-Cave-Jean-Daniel-Coeytaux-Vigneron-Encaveur-e1598877479575.png\",\"contentUrl\":\"https:\/\/coeytaux-vins.ch\/wp-content\/uploads\/2020\/08\/Logo-Cave-Jean-Daniel-Coeytaux-Vigneron-Encaveur-e1598877479575.png\",\"width\":250,\"height\":176,\"caption\":\"Jean-Daniel Coeytaux\"},\"image\":{\"@id\":\"https:\/\/coeytaux-vins.ch\/de\/#\/schema\/logo\/image\/\"},\"sameAs\":[\"https:\/\/www.facebook.com\/cavejeandaniel.coeytaux\",\"https:\/\/x.com\/CaveJDC\",\"https:\/\/www.instagram.com\/cave_jean_daniel_coeytaux\/\"]}]}<\/script>\n<!-- \/ Yoast SEO plugin. -->","yoast_head_json":{"title":"Coeytaux Jean-Daniel -Vigneron - Encaveur - Home","description":"Unser Weingut liegt in der Gemeinde Yens, Bezirk Morges und ist Teil der Vereinigung \u201eVinsde Morges\u201c (AOC) \u201eLa C\u00f4te\u201c.","robots":{"index":"index","follow":"follow","max-snippet":"max-snippet:-1","max-image-preview":"max-image-preview:large","max-video-preview":"max-video-preview:-1"},"canonical":"https:\/\/coeytaux-vins.ch\/de\/","og_locale":"de_DE","og_type":"article","og_title":"Coeytaux Jean-Daniel -Vigneron - Encaveur - Home","og_description":"Unser Weingut liegt in der Gemeinde Yens, Bezirk Morges und ist Teil der Vereinigung \u201eVinsde Morges\u201c (AOC) \u201eLa C\u00f4te\u201c.","og_url":"https:\/\/coeytaux-vins.ch\/de\/","og_site_name":"Coeytaux Jean-Daniel","article_publisher":"https:\/\/www.facebook.com\/cavejeandaniel.coeytaux","article_modified_time":"2026-02-28T15:45:59+00:00","og_image":[{"width":2194,"height":1080,"url":"https:\/\/coeytaux-vins.ch\/wp-content\/uploads\/2020\/10\/cover-image.jpg","type":"image\/jpeg"}],"twitter_card":"summary_large_image","twitter_site":"@CaveJDC","twitter_misc":{"Gesch\u00e4tzte Lesezeit":"8\u00a0Minuten"},"schema":{"@context":"https:\/\/schema.org","@graph":[{"@type":"WebPage","@id":"https:\/\/coeytaux-vins.ch\/de\/","url":"https:\/\/coeytaux-vins.ch\/de\/","name":"Coeytaux Jean-Daniel -Vigneron - Encaveur - Home","isPartOf":{"@id":"https:\/\/coeytaux-vins.ch\/de\/#website"},"primaryImageOfPage":{"@id":"https:\/\/coeytaux-vins.ch\/de\/#primaryimage"},"image":{"@id":"https:\/\/coeytaux-vins.ch\/de\/#primaryimage"},"thumbnailUrl":"https:\/\/coeytaux-vins.ch\/wp-content\/uploads\/2020\/10\/cover-image.jpg","datePublished":"2020-09-03T09:25:52+00:00","dateModified":"2026-02-28T15:45:59+00:00","description":"Unser Weingut liegt in der Gemeinde Yens, Bezirk Morges und ist Teil der Vereinigung \u201eVinsde Morges\u201c (AOC) \u201eLa C\u00f4te\u201c.","breadcrumb":{"@id":"https:\/\/coeytaux-vins.ch\/de\/#breadcrumb"},"inLanguage":"de","potentialAction":[{"@type":"ReadAction","target":["https:\/\/coeytaux-vins.ch\/de\/"]}]},{"@type":"ImageObject","inLanguage":"de","@id":"https:\/\/coeytaux-vins.ch\/de\/#primaryimage","url":"https:\/\/coeytaux-vins.ch\/wp-content\/uploads\/2020\/10\/cover-image.jpg","contentUrl":"https:\/\/coeytaux-vins.ch\/wp-content\/uploads\/2020\/10\/cover-image.jpg","width":2194,"height":1080},{"@type":"BreadcrumbList","@id":"https:\/\/coeytaux-vins.ch\/de\/#breadcrumb","itemListElement":[{"@type":"ListItem","position":1,"name":"Accueil","item":"https:\/\/coeytaux-vins.ch\/de\/"},{"@type":"ListItem","position":2,"name":"Home"}]},{"@type":"WebSite","@id":"https:\/\/coeytaux-vins.ch\/de\/#website","url":"https:\/\/coeytaux-vins.ch\/de\/","name":"Coeytaux Jean-Daniel","description":"Jean Daniel Coeytaux, Vigneron-Encaveur, Rue du Ch\u00e2teau 4, 1169 Yens-s\/Morges, Tel +41 21 800 47 38, Fax +41 21 800 47 57, Natel +41 79 276 30 47, jean-daniel@coeytaux-vins.ch","publisher":{"@id":"https:\/\/coeytaux-vins.ch\/de\/#organization"},"potentialAction":[{"@type":"SearchAction","target":{"@type":"EntryPoint","urlTemplate":"https:\/\/coeytaux-vins.ch\/de\/?s={search_term_string}"},"query-input":{"@type":"PropertyValueSpecification","valueRequired":true,"valueName":"search_term_string"}}],"inLanguage":"de"},{"@type":"Organization","@id":"https:\/\/coeytaux-vins.ch\/de\/#organization","name":"Jean-Daniel Coeytaux","url":"https:\/\/coeytaux-vins.ch\/de\/","logo":{"@type":"ImageObject","inLanguage":"de","@id":"https:\/\/coeytaux-vins.ch\/de\/#\/schema\/logo\/image\/","url":"https:\/\/coeytaux-vins.ch\/wp-content\/uploads\/2020\/08\/Logo-Cave-Jean-Daniel-Coeytaux-Vigneron-Encaveur-e1598877479575.png","contentUrl":"https:\/\/coeytaux-vins.ch\/wp-content\/uploads\/2020\/08\/Logo-Cave-Jean-Daniel-Coeytaux-Vigneron-Encaveur-e1598877479575.png","width":250,"height":176,"caption":"Jean-Daniel Coeytaux"},"image":{"@id":"https:\/\/coeytaux-vins.ch\/de\/#\/schema\/logo\/image\/"},"sameAs":["https:\/\/www.facebook.com\/cavejeandaniel.coeytaux","https:\/\/x.com\/CaveJDC","https:\/\/www.instagram.com\/cave_jean_daniel_coeytaux\/"]}]}},"_links":{"self":[{"href":"https:\/\/coeytaux-vins.ch\/de\/wp-json\/wp\/v2\/pages\/4436","targetHints":{"allow":["GET"]}}],"collection":[{"href":"https:\/\/coeytaux-vins.ch\/de\/wp-json\/wp\/v2\/pages"}],"about":[{"href":"https:\/\/coeytaux-vins.ch\/de\/wp-json\/wp\/v2\/types\/page"}],"author":[{"embeddable":true,"href":"https:\/\/coeytaux-vins.ch\/de\/wp-json\/wp\/v2\/users\/4"}],"replies":[{"embeddable":true,"href":"https:\/\/coeytaux-vins.ch\/de\/wp-json\/wp\/v2\/comments?post=4436"}],"version-history":[{"count":2,"href":"https:\/\/coeytaux-vins.ch\/de\/wp-json\/wp\/v2\/pages\/4436\/revisions"}],"predecessor-version":[{"id":30604,"href":"https:\/\/coeytaux-vins.ch\/de\/wp-json\/wp\/v2\/pages\/4436\/revisions\/30604"}],"wp:featuredmedia":[{"embeddable":true,"href":"https:\/\/coeytaux-vins.ch\/de\/wp-json\/wp\/v2\/media\/5297"}],"wp:attachment":[{"href":"https:\/\/coeytaux-vins.ch\/de\/wp-json\/wp\/v2\/media?parent=4436"}],"curies":[{"name":"wp","href":"https:\/\/api.w.org\/{rel}","templated":true}]}}