{"id":4521,"date":"2020-09-03T12:45:46","date_gmt":"2020-09-03T11:45:46","guid":{"rendered":"https:\/\/coeytaux-vins.ch\/waadt-weinturismus\/"},"modified":"2020-10-05T10:41:36","modified_gmt":"2020-10-05T09:41:36","slug":"waadt-weinturismus","status":"publish","type":"page","link":"https:\/\/coeytaux-vins.ch\/de\/waadt-weinturismus\/","title":{"rendered":"Waadt Weinturismus"},"content":{"rendered":"<p>[et_pb_section fb_built=&#8220;1&#8243; fullwidth=&#8220;on&#8220; _builder_version=&#8220;4.4.8&#8243; locked=&#8220;off&#8220;][et_pb_fullwidth_header title=&#8220;@ET-DC@eyJkeW5hbWljIjp0cnVlLCJjb250ZW50IjoicG9zdF90aXRsZSIsInNldHRpbmdzIjp7ImJlZm9yZSI6IiIsImFmdGVyIjoiIn19@&#8220; text_orientation=&#8220;center&#8220; background_overlay_color=&#8220;rgba(0,0,0,0.35)&#8220; _builder_version=&#8220;4.4.8&#8243; _dynamic_attributes=&#8220;title&#8220; background_image=&#8220;https:\/\/coeytaux-vins.ch\/wp-content\/uploads\/2020\/03\/Vendanges-2019-48.jpg&#8220; height=&#8220;215px&#8220; custom_padding=&#8220;0px||0px||false|false&#8220; custom_css_header_container=&#8220;height: 100%;&#8220;][\/et_pb_fullwidth_header][\/et_pb_section][et_pb_section fb_built=&#8220;1&#8243; custom_padding_last_edited=&#8220;on|phone&#8220; admin_label=&#8220;Top Content&#8220; _builder_version=&#8220;4.6.0&#8243; background_image=&#8220;https:\/\/coeytaux-vins.ch\/wp-content\/uploads\/2020\/06\/bg-right-4.png&#8220; background_size=&#8220;initial&#8220; background_position=&#8220;center_right&#8220; custom_margin_tablet=&#8220;|5vw||5vw|false|true&#8220; custom_margin_last_edited=&#8220;off|phone&#8220; custom_padding_tablet=&#8220;|5vw||5vw|false|true&#8220; custom_padding_phone=&#8220;&#8220; top_divider_arrangement=&#8220;above_content&#8220;][et_pb_row custom_padding_last_edited=&#8220;on|phone&#8220; _builder_version=&#8220;4.0.9&#8243; max_width=&#8220;630px&#8220; max_width_tablet=&#8220;100%&#8220; max_width_phone=&#8220;&#8220; max_width_last_edited=&#8220;on|desktop&#8220; custom_padding=&#8220;30px||31px||false|false&#8220; custom_padding_tablet=&#8220;25px||||false|false&#8220; custom_padding_phone=&#8220;15px||||false|false&#8220;][et_pb_column type=&#8220;4_4&#8243; _builder_version=&#8220;4.0.9&#8243;][et_pb_text _builder_version=&#8220;4.4.8&#8243; text_orientation=&#8220;center&#8220;]<\/p>\n<p><strong>Cave Jean-Daniel Coeytaux ist ein z<b>ertifizierter Betrieb<\/b><\/strong><\/p>\n<p>Das Waadtland ist ein Kanton des Weines und der Gaumenfreuden und eine Top-Adresse f\u00fcr Feinschmecker.<\/p>\n<p>Die Zertifizierung \u00ab\u2009\u00d6notourismus Waadtland\u2009\u00bb zeichnet Waadtl\u00e4nder Hotellerie- und Gastronomiebetriebe sowie Weine und ganz allgemein k\u00f6stliche Geschmackserlebnisse aus, bei denen das besondere Augenmerk auf einem qualitativ hochwertigen touristischen und kulinarischen Angebot liegt.<\/p>\n<p>Die Zertifizierung \u00ab\u2009\u00d6notourismus Waadtland\u2009\u00bb wurde durch den Kanton Waadt initiiert. Sie schafft ein Netzwerk von Adressen, bei denen Sie sicher sein k\u00f6nnen, Waadtl\u00e4nder Regionalprodukte zu finden, zu erleben und vor allem zu kosten!<\/p>\n<p>[\/et_pb_text][et_pb_blurb url=&#8220;#part2&#8243; use_icon=&#8220;on&#8220; font_icon=&#8220;%%38%%&#8220; icon_color=&#8220;#56735a&#8220; use_icon_font_size=&#8220;on&#8220; icon_font_size=&#8220;50px&#8220; _builder_version=&#8220;4.4.8&#8243; locked=&#8220;off&#8220;][\/et_pb_blurb][\/et_pb_column][\/et_pb_row][et_pb_row module_id=&#8220;part2&#8243; module_class=&#8220;anchor&#8220; _builder_version=&#8220;4.6.5&#8243; _module_preset=&#8220;default&#8220; width=&#8220;100%&#8220; max_width=&#8220;100%&#8220; module_alignment=&#8220;center&#8220; min_height=&#8220;0px&#8220; height=&#8220;0px&#8220; max_height=&#8220;0px&#8220; custom_margin=&#8220;0px|0px|0px|0px|true|true&#8220; custom_padding=&#8220;0px|0px|0px|0px|true|true&#8220; hover_enabled=&#8220;0&#8243; locked=&#8220;off&#8220; sticky_enabled=&#8220;0&#8243;][et_pb_column type=&#8220;4_4&#8243; _builder_version=&#8220;4.6.5&#8243; _module_preset=&#8220;default&#8220; custom_padding=&#8220;0px||0px|0px|true|false&#8220;]<\/p>\n<p>[et_pb_divider show_divider=&#8220;off&#8220; _builder_version=&#8220;4.6.5&#8243; _module_preset=&#8220;default&#8220; module_alignment=&#8220;center&#8220; min_height=&#8220;0px&#8220; height=&#8220;0px&#8220; max_height=&#8220;0px&#8220; custom_margin=&#8220;0px|0px|0px|0px|true|true&#8220; custom_padding=&#8220;0px|0px|0px|0px|true|true&#8220;][\/et_pb_divider]<\/p>\n<p>[\/et_pb_column][\/et_pb_row][et_pb_row custom_padding_last_edited=&#8220;on|phone&#8220; _builder_version=&#8220;4.6.5&#8243; background_color=&#8220;#56735a&#8220; width=&#8220;100%&#8220; max_width=&#8220;100%&#8220; max_width_tablet=&#8220;100%&#8220; max_width_phone=&#8220;&#8220; max_width_last_edited=&#8220;on|desktop&#8220; custom_padding=&#8220;30px||31px||false|false&#8220; custom_padding_tablet=&#8220;25px||||false|false&#8220; custom_padding_phone=&#8220;15px||||false|false&#8220; link_option_url=&#8220;https:\/\/vaud-oenotourisme.ch\/&#8220; link_option_url_new_window=&#8220;on&#8220; hover_enabled=&#8220;0&#8243; sticky_enabled=&#8220;0&#8243;][et_pb_column type=&#8220;4_4&#8243; _builder_version=&#8220;4.0.9&#8243;][et_pb_text _builder_version=&#8220;4.6.0&#8243; text_text_color=&#8220;#a9bf8f&#8220; text_orientation=&#8220;center&#8220;]<\/p>\n<p>www.vaud-oenotourisme.ch<\/p>\n<p>[\/et_pb_text][et_pb_image src=&#8220;https:\/\/coeytaux-vins.ch\/wp-content\/uploads\/2020\/02\/logo-voe.png&#8220; align=&#8220;center&#8220; _builder_version=&#8220;4.4.1&#8243;][\/et_pb_image][\/et_pb_column][\/et_pb_row][et_pb_row custom_padding_last_edited=&#8220;on|desktop&#8220; _builder_version=&#8220;4.0.9&#8243; custom_padding_tablet=&#8220;||0px||false|false&#8220; custom_padding_phone=&#8220;&#8220;][et_pb_column type=&#8220;4_4&#8243; _builder_version=&#8220;4.0.9&#8243;][et_pb_blurb title=&#8220;D\u00e9zaley Grand Cru&#8220; image=&#8220;https:\/\/coeytaux-vins.ch\/wp-content\/uploads\/2020\/02\/map-dezaley.jpg&#8220; icon_placement=&#8220;left&#8220; content_max_width=&#8220;1060px&#8220; icon_placement_last_edited=&#8220;off|phone&#8220; admin_label=&#8220;D\u00e9zaley Grand Cru&#8220; module_class=&#8220;extended_blurb&#8220; _builder_version=&#8220;4.0.9&#8243; header_text_color=&#8220;#222222&#8243; header_font_size=&#8220;22px&#8220; background_enable_image=&#8220;off&#8220; custom_margin=&#8220;||0px||false|false&#8220; header_font_size_tablet=&#8220;&#8220; header_font_size_phone=&#8220;20px&#8220; header_font_size_last_edited=&#8220;on|desktop&#8220; text_orientation_tablet=&#8220;&#8220; text_orientation_phone=&#8220;center&#8220; text_orientation_last_edited=&#8220;on|desktop&#8220;]<\/p>\n<p>Der vollst\u00e4ndig auf dem Gemeindegebiet von Puidoux gelegene Weinberg des D\u00e9zaley zeichnet sich durch seine steilen H\u00e4nge und die darin angelegten Mauern aus.<br \/>Hier ist der Chasselas K\u00f6nig wo er 90\u2009% der Fl\u00e4che dominiert. Die Terrassen in einzigartiger Lage verleihen dem Wein eine bemerkenswerte F\u00fclle und aromatische L\u00e4nge.<br \/>Komplex und gut strukturiert, bezaubert dieser Wein mit feinen D\u00fcften von Mandeln und ger\u00f6stetem Brot, abgerundet durch Tee- und Honigaromen.<\/p>\n<p>[\/et_pb_blurb][et_pb_blurb title=&#8220;Calamin Grand Cru&#8220; image=&#8220;https:\/\/coeytaux-vins.ch\/wp-content\/uploads\/2020\/02\/map-calamin.jpg&#8220; icon_placement=&#8220;left&#8220; content_max_width=&#8220;1060px&#8220; admin_label=&#8220;Calamin Grand Cru&#8220; module_class=&#8220;extended_blurb&#8220; _builder_version=&#8220;4.0.9&#8243; header_text_color=&#8220;#222222&#8243; header_font_size=&#8220;22px&#8220; background_enable_image=&#8220;off&#8220; custom_margin=&#8220;||0px||false|false&#8220; header_font_size_tablet=&#8220;&#8220; header_font_size_phone=&#8220;20px&#8220; header_font_size_last_edited=&#8220;on|desktop&#8220; text_orientation_tablet=&#8220;&#8220; text_orientation_phone=&#8220;center&#8220; text_orientation_last_edited=&#8220;on|desktop&#8220;]<\/p>\n<p>Die Weinberge des Calamin liegen eingebettet zwischen der Gemeinde Epesses und dem Ufer des Genfersees.<br \/>Sie bilden ein bevorzugtes Terrain f\u00fcr Chasselastrauben mit vielf\u00e4ltigen aromatischen Facetten, die an Karamell und Nuancen von Kreide erinnern.<br \/>Im Gaumen entfaltet der temperament- und kraftvolle Calamin seine Pers\u00f6nlichkeit durch einen saftigen Geschmack mit einer feinen Bitterkeit, die ihm eine m\u00e4nnliche Note verleiht.<\/p>\n<p>[\/et_pb_blurb][et_pb_blurb title=&#8220;Lavaux&#8220; image=&#8220;https:\/\/coeytaux-vins.ch\/wp-content\/uploads\/2020\/09\/lavaux.jpg&#8220; icon_placement=&#8220;left&#8220; content_max_width=&#8220;1060px&#8220; admin_label=&#8220;D\u00e9zaley Grand Cru&#8220; module_class=&#8220;extended_blurb&#8220; _builder_version=&#8220;4.6.0&#8243; header_text_color=&#8220;#222222&#8243; header_font_size=&#8220;22px&#8220; background_enable_image=&#8220;off&#8220; custom_margin=&#8220;||0px||false|false&#8220; header_font_size_tablet=&#8220;&#8220; header_font_size_phone=&#8220;20px&#8220; header_font_size_last_edited=&#8220;on|desktop&#8220; text_orientation_tablet=&#8220;&#8220; text_orientation_phone=&#8220;center&#8220; text_orientation_last_edited=&#8220;on|desktop&#8220;]<\/p>\n<p>Die Weinberge des Lavaux befinden sich zwischen Lausanne und Chillon auf Terrassen \u00fcber dem Genfersee.<br \/>Dank ihrer idealen Lage geniessen sie eine einzigartige Sonneneinstrahlung, die einerseits durch die Reflexion des Sees verst\u00e4rkt und deren W\u00e4rme in den zahlreichen Steinmauern gespeichert wird.<br \/>Die strukturierten und komplexen Weine des Lavaux begeistern durch ihren typischen langen Abgang und weisen h\u00e4ufig Noten von Honig- und R\u00f6staromen auf.<\/p>\n<p>[\/et_pb_blurb][et_pb_blurb title=&#8220;Chablais&#8220; image=&#8220;https:\/\/coeytaux-vins.ch\/wp-content\/uploads\/2020\/02\/map-chablais.jpg&#8220; icon_placement=&#8220;left&#8220; content_max_width=&#8220;1060px&#8220; admin_label=&#8220;Chablais&#8220; module_class=&#8220;extended_blurb&#8220; _builder_version=&#8220;4.0.9&#8243; header_text_color=&#8220;#222222&#8243; header_font_size=&#8220;22px&#8220; background_enable_image=&#8220;off&#8220; custom_margin=&#8220;||0px||false|false&#8220; header_font_size_tablet=&#8220;&#8220; header_font_size_phone=&#8220;20px&#8220; header_font_size_last_edited=&#8220;on|desktop&#8220; text_orientation_tablet=&#8220;&#8220; text_orientation_phone=&#8220;center&#8220; text_orientation_last_edited=&#8220;on|desktop&#8220;]<\/p>\n<p>Zwischen See und Gebirge erstreckt sich der Rebberg des Chablais von Villeneuve bis zur Walliser Grenze.<br \/>Seine steinigen B\u00f6den und der wohltuende Einfluss des F\u00f6hns \u2013 der die Trauben trocknet \u2013 ergeben Weine von ausgepr\u00e4gtem Charakter, die sich durch kr\u00e4ftige mineralische Noten auszeichnen.<br \/>Neben ihrem berauschenden Parf\u00fcm sind die Weine des Chablais unter anderem an ihrem Feuersteingeschmack und ihrem fruchtigen Bouquet zu erkennen.<\/p>\n<p>[\/et_pb_blurb][et_pb_blurb title=&#8220;La C\u00f4te&#8220; image=&#8220;https:\/\/coeytaux-vins.ch\/wp-content\/uploads\/2020\/09\/cote.jpg&#8220; icon_placement=&#8220;left&#8220; content_max_width=&#8220;1060px&#8220; admin_label=&#8220;Calamin Grand Cru&#8220; module_class=&#8220;extended_blurb&#8220; _builder_version=&#8220;4.6.0&#8243; header_text_color=&#8220;#222222&#8243; header_font_size=&#8220;22px&#8220; background_enable_image=&#8220;off&#8220; custom_margin=&#8220;||0px||false|false&#8220; header_font_size_tablet=&#8220;&#8220; header_font_size_phone=&#8220;20px&#8220; header_font_size_last_edited=&#8220;on|desktop&#8220; text_orientation_tablet=&#8220;&#8220; text_orientation_phone=&#8220;center&#8220; text_orientation_last_edited=&#8220;on|desktop&#8220;]<\/p>\n<p>Im Gebiet La C\u00f4te zwischen Nyon und Lausanne profitieren die Weinberge vom Schutz der Jurakette und dem w\u00e4rmeausgleichenden Einfluss des Genfersees.<br \/>Die Struktur der Weine variiert entsprechend der Natur des Bodens\u2009: die kiesigen B\u00f6den in Ufern\u00e4he ergeben Weine von grosser Finesse, w\u00e4hrend die schwerere Erde der h\u00f6heren Lagen kr\u00e4ftigere Weine erzeugt.<br \/>Sie unterscheiden sich durch ihre blumigen D\u00fcfte und ihren fruchtigen Geschmack.<\/p>\n<p>[\/et_pb_blurb][et_pb_blurb title=&#8220;Bonvillars&#8220; image=&#8220;https:\/\/coeytaux-vins.ch\/wp-content\/uploads\/2020\/09\/bonvillars.jpg&#8220; icon_placement=&#8220;left&#8220; content_max_width=&#8220;1060px&#8220; admin_label=&#8220;Chablais&#8220; module_class=&#8220;extended_blurb&#8220; _builder_version=&#8220;4.6.0&#8243; header_text_color=&#8220;#222222&#8243; header_font_size=&#8220;22px&#8220; background_enable_image=&#8220;off&#8220; custom_margin=&#8220;||0px||false|false&#8220; header_font_size_tablet=&#8220;&#8220; header_font_size_phone=&#8220;20px&#8220; header_font_size_last_edited=&#8220;on|desktop&#8220; text_orientation_tablet=&#8220;&#8220; text_orientation_phone=&#8220;center&#8220; text_orientation_last_edited=&#8220;on|desktop&#8220;]<\/p>\n<p>Die Reben von Bonvillars liegen am Waadtl\u00e4nder Ufer des Neuenburgersees, wo sie von der geringsten Niederschlagsmenge des Kantons und einem sehr g\u00fcnstigen Mikroklima profitieren.<br \/>Sie erstrecken sich \u00fcber eine Reihe von kleinen D\u00f6rfern zwischen Montagny-pr\u00e8s-Yverdon und Concise.<br \/>Ihren geschmackreichen, mineralischen Charakter verdanken die Weine der Appellation Bonvillars den kiesigen, kalkhaltigen B\u00f6den der Region.<\/p>\n<p>[\/et_pb_blurb][et_pb_blurb title=&#8220;C\u00f4tes de l&#8217;Orbe&#8220; image=&#8220;https:\/\/coeytaux-vins.ch\/wp-content\/uploads\/2020\/09\/orbe.jpg&#8220; icon_placement=&#8220;left&#8220; content_max_width=&#8220;1060px&#8220; admin_label=&#8220;Chablais&#8220; module_class=&#8220;extended_blurb&#8220; _builder_version=&#8220;4.6.0&#8243; header_text_color=&#8220;#222222&#8243; header_font_size=&#8220;22px&#8220; background_enable_image=&#8220;off&#8220; custom_margin=&#8220;||0px||false|false&#8220; header_font_size_tablet=&#8220;&#8220; header_font_size_phone=&#8220;20px&#8220; header_font_size_last_edited=&#8220;on|desktop&#8220; text_orientation_tablet=&#8220;&#8220; text_orientation_phone=&#8220;center&#8220; text_orientation_last_edited=&#8220;on|desktop&#8220;]<\/p>\n<p>Auf halbem Weg zwischen dem Genfer-und dem Neuenburgersee erstrecken sich die Weinberge der C\u00f4tes-de-l\u2018Orbe \u00fcber rund zwanzig Gemeinden zwischen La Sarraz und den Toren von Yverdon-les-Bains.<br \/>Molasse, Kalk und Lehm bereichern die Vielfalt dieser Terroirs. Die Reben sind meist nach S\u00fcden ausgerichtet und das trockene Klima eignet sich ideal zum Anbau roter Traubensorten, die 75\u2009% der Fl\u00e4che belegen.<\/p>\n<p>[\/et_pb_blurb][et_pb_blurb title=&#8220;Vully&#8220; image=&#8220;https:\/\/coeytaux-vins.ch\/wp-content\/uploads\/2020\/09\/vully.jpg&#8220; icon_placement=&#8220;left&#8220; content_max_width=&#8220;1060px&#8220; admin_label=&#8220;Chablais&#8220; module_class=&#8220;extended_blurb&#8220; _builder_version=&#8220;4.6.0&#8243; header_text_color=&#8220;#222222&#8243; header_font_size=&#8220;22px&#8220; background_enable_image=&#8220;off&#8220; custom_margin=&#8220;||0px||false|false&#8220; header_font_size_tablet=&#8220;&#8220; header_font_size_phone=&#8220;20px&#8220; header_font_size_last_edited=&#8220;on|desktop&#8220; text_orientation_tablet=&#8220;&#8220; text_orientation_phone=&#8220;center&#8220; text_orientation_last_edited=&#8220;on|desktop&#8220;]<\/p>\n<p>Die Rebberge an den H\u00e4ngen des Mont Vully sind zwischen den Kantonen Freibourg und Waadt aufgeteilt.<br \/>Sie liegen auf einer aquitanischen Molasse, deren Sandstein- Mergel-Schichten ziemlich einheitlich sind.<br \/>Der kleine, aber kostbare Weinberg umfasst rund 153 ha, davon befinden sich 51 ha im Waadtland und 102 ha im Freiburgerland. Seine feinen Weine sind sehr ausgewogen, mit samtigem Zitrusgeschmack.<\/p>\n<p>[\/et_pb_blurb][et_pb_button button_url=&#8220;https:\/\/www.region-du-leman.ch\/de\/Z7656\/im-waadtland-erwarten-sie-spezialisten-fuer-weintourismus&#8220; url_new_window=&#8220;on&#8220; button_text=&#8220;Entdecken Sie die Weinberge&#8220; button_alignment=&#8220;center&#8220; _builder_version=&#8220;4.4.8&#8243; custom_button=&#8220;on&#8220; button_use_icon=&#8220;off&#8220; custom_margin=&#8220;80px||||false|false&#8220; custom_margin_tablet=&#8220;&#8220; custom_margin_phone=&#8220;50px||||false|false&#8220; custom_margin_last_edited=&#8220;on|desktop&#8220; custom_padding=&#8220;1px|12px|0px|12px|false|false&#8220; custom_padding_tablet=&#8220;&#8220; custom_padding_phone=&#8220;4px||3px||false|false&#8220; custom_padding_last_edited=&#8220;on|desktop&#8220; button_text_size_tablet=&#8220;&#8220; button_text_size_phone=&#8220;17px&#8220; button_text_size_last_edited=&#8220;on|desktop&#8220;][\/et_pb_button][\/et_pb_column][\/et_pb_row][\/et_pb_section]<\/p>\n","protected":false},"excerpt":{"rendered":"<p>Cave Jean-Daniel Coeytaux ist ein zertifizierter Betrieb Das Waadtland ist ein Kanton des Weines und der Gaumenfreuden und eine Top-Adresse f\u00fcr Feinschmecker. Die Zertifizierung \u00ab\u2009\u00d6notourismus Waadtland\u2009\u00bb zeichnet Waadtl\u00e4nder Hotellerie- und Gastronomiebetriebe sowie Weine und ganz allgemein k\u00f6stliche Geschmackserlebnisse aus, bei denen das besondere Augenmerk auf einem qualitativ hochwertigen touristischen und kulinarischen Angebot liegt. Die Zertifizierung [&hellip;]<\/p>\n","protected":false},"author":4,"featured_media":0,"parent":0,"menu_order":53,"comment_status":"closed","ping_status":"closed","template":"","meta":{"_et_pb_use_builder":"on","_et_pb_old_content":"","_et_gb_content_width":"","inline_featured_image":false,"footnotes":""},"class_list":["post-4521","page","type-page","status-publish","hentry"],"yoast_head":"<!-- This site is optimized with the Yoast SEO plugin v26.4 - https:\/\/yoast.com\/wordpress\/plugins\/seo\/ -->\n<title>Coeytaux Jean-Daniel - Vigneron - Encaveur - Waadt Weinturismus<\/title>\n<meta name=\"robots\" content=\"index, follow, max-snippet:-1, max-image-preview:large, max-video-preview:-1\" \/>\n<link rel=\"canonical\" href=\"https:\/\/coeytaux-vins.ch\/de\/waadt-weinturismus\/\" \/>\n<meta property=\"og:locale\" content=\"de_DE\" \/>\n<meta property=\"og:type\" content=\"article\" \/>\n<meta property=\"og:title\" content=\"Coeytaux Jean-Daniel - Vigneron - Encaveur - Waadt Weinturismus\" \/>\n<meta property=\"og:description\" content=\"Cave Jean-Daniel Coeytaux ist ein zertifizierter Betrieb Das Waadtland ist ein Kanton des Weines und der Gaumenfreuden und eine Top-Adresse f\u00fcr Feinschmecker. Die Zertifizierung \u00ab\u2009\u00d6notourismus Waadtland\u2009\u00bb zeichnet Waadtl\u00e4nder Hotellerie- und Gastronomiebetriebe sowie Weine und ganz allgemein k\u00f6stliche Geschmackserlebnisse aus, bei denen das besondere Augenmerk auf einem qualitativ hochwertigen touristischen und kulinarischen Angebot liegt. Die Zertifizierung [&hellip;]\" \/>\n<meta property=\"og:url\" content=\"https:\/\/coeytaux-vins.ch\/de\/waadt-weinturismus\/\" \/>\n<meta property=\"og:site_name\" content=\"Coeytaux Jean-Daniel\" \/>\n<meta property=\"article:publisher\" content=\"https:\/\/www.facebook.com\/cavejeandaniel.coeytaux\" \/>\n<meta property=\"article:modified_time\" content=\"2020-10-05T09:41:36+00:00\" \/>\n<meta name=\"twitter:card\" content=\"summary_large_image\" \/>\n<meta name=\"twitter:site\" content=\"@CaveJDC\" \/>\n<meta name=\"twitter:label1\" content=\"Gesch\u00e4tzte Lesezeit\" \/>\n\t<meta name=\"twitter:data1\" content=\"9\u00a0Minuten\" \/>\n<script type=\"application\/ld+json\" class=\"yoast-schema-graph\">{\"@context\":\"https:\/\/schema.org\",\"@graph\":[{\"@type\":\"WebPage\",\"@id\":\"https:\/\/coeytaux-vins.ch\/de\/waadt-weinturismus\/\",\"url\":\"https:\/\/coeytaux-vins.ch\/de\/waadt-weinturismus\/\",\"name\":\"Coeytaux Jean-Daniel - Vigneron - Encaveur - Waadt Weinturismus\",\"isPartOf\":{\"@id\":\"https:\/\/coeytaux-vins.ch\/de\/#website\"},\"datePublished\":\"2020-09-03T11:45:46+00:00\",\"dateModified\":\"2020-10-05T09:41:36+00:00\",\"breadcrumb\":{\"@id\":\"https:\/\/coeytaux-vins.ch\/de\/waadt-weinturismus\/#breadcrumb\"},\"inLanguage\":\"de\",\"potentialAction\":[{\"@type\":\"ReadAction\",\"target\":[\"https:\/\/coeytaux-vins.ch\/de\/waadt-weinturismus\/\"]}]},{\"@type\":\"BreadcrumbList\",\"@id\":\"https:\/\/coeytaux-vins.ch\/de\/waadt-weinturismus\/#breadcrumb\",\"itemListElement\":[{\"@type\":\"ListItem\",\"position\":1,\"name\":\"Accueil\",\"item\":\"https:\/\/coeytaux-vins.ch\/de\/\"},{\"@type\":\"ListItem\",\"position\":2,\"name\":\"Waadt Weinturismus\"}]},{\"@type\":\"WebSite\",\"@id\":\"https:\/\/coeytaux-vins.ch\/de\/#website\",\"url\":\"https:\/\/coeytaux-vins.ch\/de\/\",\"name\":\"Coeytaux Jean-Daniel\",\"description\":\"Jean Daniel Coeytaux, Vigneron-Encaveur, Rue du Ch\u00e2teau 4, 1169 Yens-s\/Morges, Tel +41 21 800 47 38, Fax +41 21 800 47 57, Natel +41 79 276 30 47, jean-daniel@coeytaux-vins.ch\",\"publisher\":{\"@id\":\"https:\/\/coeytaux-vins.ch\/de\/#organization\"},\"potentialAction\":[{\"@type\":\"SearchAction\",\"target\":{\"@type\":\"EntryPoint\",\"urlTemplate\":\"https:\/\/coeytaux-vins.ch\/de\/?s={search_term_string}\"},\"query-input\":{\"@type\":\"PropertyValueSpecification\",\"valueRequired\":true,\"valueName\":\"search_term_string\"}}],\"inLanguage\":\"de\"},{\"@type\":\"Organization\",\"@id\":\"https:\/\/coeytaux-vins.ch\/de\/#organization\",\"name\":\"Jean-Daniel Coeytaux\",\"url\":\"https:\/\/coeytaux-vins.ch\/de\/\",\"logo\":{\"@type\":\"ImageObject\",\"inLanguage\":\"de\",\"@id\":\"https:\/\/coeytaux-vins.ch\/de\/#\/schema\/logo\/image\/\",\"url\":\"https:\/\/coeytaux-vins.ch\/wp-content\/uploads\/2020\/08\/Logo-Cave-Jean-Daniel-Coeytaux-Vigneron-Encaveur-e1598877479575.png\",\"contentUrl\":\"https:\/\/coeytaux-vins.ch\/wp-content\/uploads\/2020\/08\/Logo-Cave-Jean-Daniel-Coeytaux-Vigneron-Encaveur-e1598877479575.png\",\"width\":250,\"height\":176,\"caption\":\"Jean-Daniel Coeytaux\"},\"image\":{\"@id\":\"https:\/\/coeytaux-vins.ch\/de\/#\/schema\/logo\/image\/\"},\"sameAs\":[\"https:\/\/www.facebook.com\/cavejeandaniel.coeytaux\",\"https:\/\/x.com\/CaveJDC\",\"https:\/\/www.instagram.com\/cave_jean_daniel_coeytaux\/\"]}]}<\/script>\n<!-- \/ Yoast SEO plugin. -->","yoast_head_json":{"title":"Coeytaux Jean-Daniel - Vigneron - Encaveur - Waadt Weinturismus","robots":{"index":"index","follow":"follow","max-snippet":"max-snippet:-1","max-image-preview":"max-image-preview:large","max-video-preview":"max-video-preview:-1"},"canonical":"https:\/\/coeytaux-vins.ch\/de\/waadt-weinturismus\/","og_locale":"de_DE","og_type":"article","og_title":"Coeytaux Jean-Daniel - Vigneron - Encaveur - Waadt Weinturismus","og_description":"Cave Jean-Daniel Coeytaux ist ein zertifizierter Betrieb Das Waadtland ist ein Kanton des Weines und der Gaumenfreuden und eine Top-Adresse f\u00fcr Feinschmecker. Die Zertifizierung \u00ab\u2009\u00d6notourismus Waadtland\u2009\u00bb zeichnet Waadtl\u00e4nder Hotellerie- und Gastronomiebetriebe sowie Weine und ganz allgemein k\u00f6stliche Geschmackserlebnisse aus, bei denen das besondere Augenmerk auf einem qualitativ hochwertigen touristischen und kulinarischen Angebot liegt. Die Zertifizierung [&hellip;]","og_url":"https:\/\/coeytaux-vins.ch\/de\/waadt-weinturismus\/","og_site_name":"Coeytaux Jean-Daniel","article_publisher":"https:\/\/www.facebook.com\/cavejeandaniel.coeytaux","article_modified_time":"2020-10-05T09:41:36+00:00","twitter_card":"summary_large_image","twitter_site":"@CaveJDC","twitter_misc":{"Gesch\u00e4tzte Lesezeit":"9\u00a0Minuten"},"schema":{"@context":"https:\/\/schema.org","@graph":[{"@type":"WebPage","@id":"https:\/\/coeytaux-vins.ch\/de\/waadt-weinturismus\/","url":"https:\/\/coeytaux-vins.ch\/de\/waadt-weinturismus\/","name":"Coeytaux Jean-Daniel - Vigneron - Encaveur - Waadt Weinturismus","isPartOf":{"@id":"https:\/\/coeytaux-vins.ch\/de\/#website"},"datePublished":"2020-09-03T11:45:46+00:00","dateModified":"2020-10-05T09:41:36+00:00","breadcrumb":{"@id":"https:\/\/coeytaux-vins.ch\/de\/waadt-weinturismus\/#breadcrumb"},"inLanguage":"de","potentialAction":[{"@type":"ReadAction","target":["https:\/\/coeytaux-vins.ch\/de\/waadt-weinturismus\/"]}]},{"@type":"BreadcrumbList","@id":"https:\/\/coeytaux-vins.ch\/de\/waadt-weinturismus\/#breadcrumb","itemListElement":[{"@type":"ListItem","position":1,"name":"Accueil","item":"https:\/\/coeytaux-vins.ch\/de\/"},{"@type":"ListItem","position":2,"name":"Waadt Weinturismus"}]},{"@type":"WebSite","@id":"https:\/\/coeytaux-vins.ch\/de\/#website","url":"https:\/\/coeytaux-vins.ch\/de\/","name":"Coeytaux Jean-Daniel","description":"Jean Daniel Coeytaux, Vigneron-Encaveur, Rue du Ch\u00e2teau 4, 1169 Yens-s\/Morges, Tel +41 21 800 47 38, Fax +41 21 800 47 57, Natel +41 79 276 30 47, jean-daniel@coeytaux-vins.ch","publisher":{"@id":"https:\/\/coeytaux-vins.ch\/de\/#organization"},"potentialAction":[{"@type":"SearchAction","target":{"@type":"EntryPoint","urlTemplate":"https:\/\/coeytaux-vins.ch\/de\/?s={search_term_string}"},"query-input":{"@type":"PropertyValueSpecification","valueRequired":true,"valueName":"search_term_string"}}],"inLanguage":"de"},{"@type":"Organization","@id":"https:\/\/coeytaux-vins.ch\/de\/#organization","name":"Jean-Daniel Coeytaux","url":"https:\/\/coeytaux-vins.ch\/de\/","logo":{"@type":"ImageObject","inLanguage":"de","@id":"https:\/\/coeytaux-vins.ch\/de\/#\/schema\/logo\/image\/","url":"https:\/\/coeytaux-vins.ch\/wp-content\/uploads\/2020\/08\/Logo-Cave-Jean-Daniel-Coeytaux-Vigneron-Encaveur-e1598877479575.png","contentUrl":"https:\/\/coeytaux-vins.ch\/wp-content\/uploads\/2020\/08\/Logo-Cave-Jean-Daniel-Coeytaux-Vigneron-Encaveur-e1598877479575.png","width":250,"height":176,"caption":"Jean-Daniel Coeytaux"},"image":{"@id":"https:\/\/coeytaux-vins.ch\/de\/#\/schema\/logo\/image\/"},"sameAs":["https:\/\/www.facebook.com\/cavejeandaniel.coeytaux","https:\/\/x.com\/CaveJDC","https:\/\/www.instagram.com\/cave_jean_daniel_coeytaux\/"]}]}},"_links":{"self":[{"href":"https:\/\/coeytaux-vins.ch\/de\/wp-json\/wp\/v2\/pages\/4521","targetHints":{"allow":["GET"]}}],"collection":[{"href":"https:\/\/coeytaux-vins.ch\/de\/wp-json\/wp\/v2\/pages"}],"about":[{"href":"https:\/\/coeytaux-vins.ch\/de\/wp-json\/wp\/v2\/types\/page"}],"author":[{"embeddable":true,"href":"https:\/\/coeytaux-vins.ch\/de\/wp-json\/wp\/v2\/users\/4"}],"replies":[{"embeddable":true,"href":"https:\/\/coeytaux-vins.ch\/de\/wp-json\/wp\/v2\/comments?post=4521"}],"version-history":[{"count":0,"href":"https:\/\/coeytaux-vins.ch\/de\/wp-json\/wp\/v2\/pages\/4521\/revisions"}],"wp:attachment":[{"href":"https:\/\/coeytaux-vins.ch\/de\/wp-json\/wp\/v2\/media?parent=4521"}],"curies":[{"name":"wp","href":"https:\/\/api.w.org\/{rel}","templated":true}]}}