{"id":4703,"date":"2020-09-15T12:57:53","date_gmt":"2020-09-15T11:57:53","guid":{"rendered":"https:\/\/coeytaux-vins.ch\/conditions-generales\/"},"modified":"2020-09-15T12:59:14","modified_gmt":"2020-09-15T11:59:14","slug":"conditions-generales","status":"publish","type":"page","link":"https:\/\/coeytaux-vins.ch\/de\/conditions-generales\/","title":{"rendered":"Conditions g\u00e9n\u00e9rales"},"content":{"rendered":"<p>[et_pb_section fb_built=&#8220;1&#8243; admin_label=&#8220;Top Content&#8220; module_class=&#8220;bg-right-4&#8243; _builder_version=&#8220;4.0.9&#8243;][et_pb_row custom_padding_last_edited=&#8220;on|desktop&#8220; _builder_version=&#8220;4.0.9&#8243; max_width=&#8220;630px&#8220; max_width_tablet=&#8220;100%&#8220; max_width_phone=&#8220;&#8220; max_width_last_edited=&#8220;on|tablet&#8220; custom_padding=&#8220;30px||||false|false&#8220; custom_padding_tablet=&#8220;25px||||false|false&#8220; custom_padding_phone=&#8220;15px||0px||false|false&#8220;][et_pb_column type=&#8220;4_4&#8243; _builder_version=&#8220;4.0.9&#8243;][et_pb_text admin_label=&#8220;Dynamic Title&#8220; _builder_version=&#8220;4.0.9&#8243; _dynamic_attributes=&#8220;content&#8220; custom_margin=&#8220;||15px||false|false&#8220;]@ET-DC@eyJkeW5hbWljIjp0cnVlLCJjb250ZW50IjoicG9zdF90aXRsZSIsInNldHRpbmdzIjp7ImJlZm9yZSI6IjxoMT4iLCJhZnRlciI6IjxoMT5cdTAwYTA8XC9oMT4ifX0=@[\/et_pb_text][et_pb_text _builder_version=&#8220;4.0.9&#8243;]<\/p>\n<p>CONDITIONS G\u00c9N\u00c9RALES D\u2019UTILISATION DU SITE INTERNET DE NOTRE SOCI\u00c9T\u00c9<br \/>Nous vous invitons \u00e0 lire attentivement les pr\u00e9sentes conditions g\u00e9n\u00e9rales d\u2019utilisation qui r\u00e9gissent la navigation sur ce site. En utilisant le site, vous acceptez sans r\u00e9serve les pr\u00e9sentes conditions d\u2019utilisation.<br \/>Nous pouvons \u00eatre amen\u00e9s \u00e0 modifier \u00e0 tout moment les conditions g\u00e9n\u00e9rales d\u2019utilisation et les autres contenus et informations inclus dans ce site, notamment afin de respecter toute nouvelle l\u00e9gislation et\/ou r\u00e9glementation applicable et\/ou afin d\u2019am\u00e9liorer le site. Les modifications entrent en vigueur lors de leur publication sur le site. D\u2019\u00e9ventuelles r\u00e9glementations sp\u00e9ciales en lien avec des services sp\u00e9cifiques de ce site demeurent r\u00e9serv\u00e9es.<br \/>Pour toute question relative au site et aux pr\u00e9sentes conditions g\u00e9n\u00e9rales d\u2019utilisation, n\u2019h\u00e9sitez pas \u00e0 contacter notre soci\u00e9t\u00e9.<\/p>\n<p>CONDITIONS D\u2019ACC\u00c8S ET D\u2019UTILISATION, DISPONIBILIT\u00c9 DU SITE ET DE SES SERVICES<br \/>L\u2019acc\u00e8s au site et son utilisation sont strictement r\u00e9serv\u00e9s \u00e0 un usage personnel ou non commercial.<br \/>Notre soci\u00e9t\u00e9 ne garantit en aucune mani\u00e8re l\u2019accessibilit\u00e9 et la disponibilit\u00e9 du site, en particulier en cas d\u2019al\u00e9as d\u2019ordre technique. La sauvegarde ou l\u2019archivage des donn\u00e9es transmises ne sont pas garantis.<br \/>En cas de non-respect des conditions g\u00e9n\u00e9rales d\u2019utilisation, Notre soci\u00e9t\u00e9 peut prendre des mesures imm\u00e9diates, telles que l\u2019exclusion en tout temps et sans avertissement de l\u2019acc\u00e8s de l\u2019utilisateur aux prestations offertes et la suppression de toutes les informations, donn\u00e9es et contenus que l\u2019utilisateur a publi\u00e9s sur le site.<br \/>Les utilisateurs s\u2019engagent \u00e0 ne pas envoyer de donn\u00e9es non cibl\u00e9es ou inutiles sur le site et, notamment, \u00e0 ne pas envoyer de spams ni introduire de virus informatiques et autres programmes malveillants sur le site ou \u00e0 les diffuser par le biais du site.<br \/>En cas de dommage subi du fait d\u2019une utilisation du site non conforme aux pr\u00e9sentes conditions, Notre soci\u00e9t\u00e9 se r\u00e9serve le droit de faire valoir des dommages-int\u00e9r\u00eats.<\/p>\n<p>PROPRI\u00c9T\u00c9 INTELLECTUELLE<br \/>Le site et chacun des \u00e9l\u00e9ments qui le composent (tels que marques, logos, titres, graphiques, mod\u00e8les, images, textes, vid\u00e9os, etc.) sont prot\u00e9g\u00e9s en tant que propri\u00e9t\u00e9 intellectuelle de Notre soci\u00e9t\u00e9 ou de ses partenaires contractuels. La consultation, le t\u00e9l\u00e9chargement ou la copie du site ou de ses \u00e9l\u00e9ments ne conf\u00e8re aucun droit (droits d\u2019utilisation, droits immat\u00e9riels, etc.). Toute utilisation, reproduction, repr\u00e9sentation, copie, transmission (par voie \u00e9lectronique ou tout autre moyen), modification ou mise en lien du site (en tout ou partie) ou des \u00e9l\u00e9ments qui le composent, sur quelque support que ce soit, \u00e0 des fins autres qu\u2019un usage personnel ou non commercial est interdite.<\/p>\n<p>PROTECTION DES DONN\u00c9ES ET EXPLOITATION DES DONN\u00c9ES<br \/>Notre soci\u00e9t\u00e9 s\u2019engage \u00e0 respecter les dispositions de la loi f\u00e9d\u00e9rale sur la protection des donn\u00e9es et des ordonnances y relatives.<\/p>\n<p>S\u00c9CURIT\u00c9<br \/>En cas de traitement de donn\u00e9es personnelles, Notre soci\u00e9t\u00e9 prend toutes les mesures ad\u00e9quates pour \u00e9viter de les \u00e9garer, les prot\u00e9ger des abus et d\u2019un acc\u00e8s non autoris\u00e9, et emp\u00eacher leur diffusion, modification ou destruction.<br \/>Internet est un r\u00e9seau ouvert, accessible \u00e0 tous qui ne peut d\u00e8s lors \u00eatre consid\u00e9r\u00e9 comme un environnement s\u00fbr. Par ailleurs, il est possible, qu\u2019au moment de leur transfert, les donn\u00e9es transitent par l\u2019\u00e9tranger et, le cas \u00e9ch\u00e9ant, par un pays pr\u00e9sentant un niveau de protection des donn\u00e9es inf\u00e9rieur \u00e0 celui de la Suisse, quand bien m\u00eame l\u2019exp\u00e9diteur et le destinataire se trouvent en Suisse. Notre soci\u00e9t\u00e9 d\u00e9cline toute responsabilit\u00e9 pour la s\u00e9curit\u00e9 des donn\u00e9es durant leur transfert sur Internet.<\/p>\n<p>DONN\u00c9ES DES CLIENTS<br \/>Les utilisateurs transmettent \u00e0 notre soci\u00e9t\u00e9 toutes les donn\u00e9es n\u00e9cessaires \u00e0 l\u2019ex\u00e9cution des prestations command\u00e9es ou convenues ou n\u00e9cessaires pour r\u00e9pondre aux demandes, et s\u2019engagent \u00e0 ce que les donn\u00e9es fournies soient exactes et compl\u00e8tes, ainsi qu\u2019\u00e0 informer des \u00e9ventuels changements d\u2019adresse et des autres informations n\u00e9cessaires.<br \/>Les donn\u00e9es personnelles sont utilis\u00e9es pour transmettre les informations demand\u00e9es dans le cadre de la conclusion et de l\u2019ex\u00e9cution des contrats pass\u00e9s avec les utilisateurs, notamment pour la v\u00e9rification de la solvabilit\u00e9, le contr\u00f4le du respect des conditions contractuelles, l\u2019ex\u00e9cution des commandes, la facturation, le service client\u00e8le, etc.<\/p>\n<p>COMMUNICATION DES DONN\u00c9ES<br \/>Les informations personnelles identifiables peuvent aussi parfois \u00eatre transmises \u00e0 des tiers agissant au nom de notre soci\u00e9t\u00e9 ou en relation avec les affaires de Notre soci\u00e9t\u00e9 et pour son compte, dans le cadre du (des) but(s) pour lequel (lesquels) les donn\u00e9es ont \u00e9t\u00e9 r\u00e9colt\u00e9es \u00e0 l\u2019origine, par exemple dans le but de livrer, d\u2019\u00e9valuer ou de fournir des prestations techniques aux clients.<br \/>La transmission des donn\u00e9es personnelles \u00e0 des tiers peut aussi avoir lieu dans le cadre de la vente ou de la cession de l\u2019entreprise ou par d\u00e9cision judiciaire.<\/p>\n<p>GOOGLE ANALYTICS<br \/>Ce site utilise Google Analytics, un service d\u2019analyse de site internet fourni par Google Inc. (\u00ab Google \u00bb) avec activation de la fonction _anonymizeIp permettant l\u2019anonymisation des adresses IP.<br \/>Google Analytics utilise des cookies, soit des fichiers texte plac\u00e9s sur votre ordinateur, pour permettre une \u00e9valuation de votre utilisation du site. Dans la mesure o\u00f9 les cookies comprennent \u00e9galement votre adresse IP, celle-ci sera partiellement anonymis\u00e9e au moyen de _anonymizeIp avant son enregistrement.<br \/>Les donn\u00e9es collect\u00e9es comprennent en particulier : date, heure et dur\u00e9e de la visite des pages du site, performance du site pendant la visite, informations g\u00e9n\u00e9rales concernant le syst\u00e8me d\u2019exploitation, respectivement le navigateur, ainsi que le site de provenance. Ces informations peuvent \u00eatre utilis\u00e9es dans le but d\u2019\u00e9valuer l\u2019utilisation du site, de compiler des rapports sur l\u2019activit\u00e9 du site et de fournir d\u2019autres services relatifs \u00e0 l\u2019utilisation du site et \u00e0 l\u2019utilisation d\u2019Internet. Ces \u00e9valuations et rapports de Google Analytics pour ce site sont \u00e9tablis sous une forme agr\u00e9g\u00e9e et ne permettent pas l\u2019identification individualis\u00e9e des utilisateurs.<br \/>Les donn\u00e9es g\u00e9n\u00e9r\u00e9es et collect\u00e9es par Google Analytics seront g\u00e9n\u00e9ralement transmises et stock\u00e9es par Google sur des serveurs situ\u00e9s aux Etats-Unis. Google est susceptible de communiquer ces donn\u00e9es \u00e0 des tiers en cas d\u2019obligation l\u00e9gale ou lorsque ces tiers traitent ces donn\u00e9es pour le compte de Google conform\u00e9ment aux conditions g\u00e9n\u00e9rales Google Analytics.<br \/>En utilisant ce site, vous consentez express\u00e9ment au traitement par Google des donn\u00e9es relatives \u00e0 votre utilisation de ce site dans les conditions et pour les finalit\u00e9s d\u00e9crites ci-dessus.<br \/>Vous pouvez refuser tout futur traitement de donn\u00e9es vous concernant par Google Analytics en t\u00e9l\u00e9chargeant et installant une fonction additionnelle (https:\/\/tools.google.com\/dlpage\/gaoptout?hl=fr) pour votre navigateur.<\/p>\n<p>COOKIES ET OUTILS DE TRACKING<br \/>Le site internet de notre soci\u00e9t\u00e9 utilise des outils de suivi (cookies et des technologies \u00e9quivalentes) afin de conna\u00eetre les pr\u00e9f\u00e9rences des visiteurs dans le but d\u2019optimiser et personnaliser la pr\u00e9sentation et l\u2019utilisation du site.<br \/>Ces outils sont, par exemple, de petits fichiers d\u00e9pos\u00e9s sur le disque dur de l\u2019internaute et qui permettent de tracer son activit\u00e9 en ligne, dans l\u2019objectif de faciliter sa navigation et de rendre ses visites, sur notre site, tr\u00e8s conviviales. Ces outils enregistrent certaines informations et donn\u00e9es communiqu\u00e9es lors d\u2019\u00e9changes avec la page Internet depuis votre navigateur. Il s\u2019agit notamment de la page ou du site internet visit\u00e9s avant, la fr\u00e9quence des visites, la zone g\u00e9ographique et le support de l\u2019utilisateur ainsi que, pour autant qu\u2019il les ait rendus accessibles, son \u00e2ge, son sexe, etc. Ces informations permettent d\u2019\u00e9valuer l\u2019utilisation du site, de fournir et am\u00e9liorer en les personnalisant nos services accessibles par l\u2019utilisation du site et d\u2019Internet en g\u00e9n\u00e9ral et aussi de personnaliser l\u2019affichage et les actions publicitaires pour les utilisateurs, notamment pour nos clients. Cette forme de publicit\u00e9 est effectu\u00e9e de mani\u00e8re enti\u00e8rement pseudonymis\u00e9. Il est toutefois possible, au fur et \u00e0 mesure, de mettre en relation les informations communiqu\u00e9es par l\u2019internaute avec les donn\u00e9es personnelles de nos clients.<br \/>Vous pouvez d\u00e9sactiver cette option en s\u00e9lectionnant les param\u00e8tres appropri\u00e9s de votre navigateur. Cependant, une telle d\u00e9sactivation pourrait emp\u00eacher l\u2019utilisation compl\u00e8te de certaines fonctionnalit\u00e9s de ce site. Afin de pouvoir vous connecter sur le site et, le cas \u00e9ch\u00e9ant, y soumettre votre projet ou votre candidature, il est n\u00e9cessaire d\u2019accepter au minimum le cookie de session.<\/p>\n<p>RESPONSABILIT\u00c9<br \/>Dans la mesure o\u00f9 la loi le permet, Notre soci\u00e9t\u00e9 exclut toute responsabilit\u00e9 pour des dommages subis par les utilisateurs ou des tiers \u00e0 la suite de l\u2019utilisation, de la consultation, de l\u2019exploration ou encore d\u2019un d\u00e9faut de disponibilit\u00e9 ou d\u2019une disponibilit\u00e9 limit\u00e9e du site internet de Notre soci\u00e9t\u00e9, des \u00e9l\u00e9ments de ce site ou d\u2019autres sites.<br \/>Cette exclusion de la responsabilit\u00e9 comprend \u00e9galement les dommages li\u00e9s \u00e0 un dysfonctionnement de l\u2019Internet ou des infrastructures techniques utilis\u00e9es par l\u2019utilisateur ou Notre soci\u00e9t\u00e9 (perte de donn\u00e9es, virus, etc.) ainsi que les abus commis par des tiers (copies, acc\u00e8s aux donn\u00e9es, modification et suppression des donn\u00e9es, etc.).<br \/>Dans le cadre du traitement de donn\u00e9es personnelles et malgr\u00e9 les mesures prises, Notre soci\u00e9t\u00e9 ne peut pas garantir qu\u2019aucune donn\u00e9e ne sera jamais \u00e9gar\u00e9e ni ne fera l\u2019objet d\u2019un abus ou d\u2019une modification.<br \/>Notre soci\u00e9t\u00e9 s\u2019efforce, dans la mesure du possible, d\u2019assurer que les informations techniques et commerciales figurant sur le site sont correctes et actuelles mais ne garantit ni n\u2019assure l\u2019exactitude, l\u2019exhaustivit\u00e9 ou l\u2019actualit\u00e9 des informations, en particulier des prix et tarifs.<br \/>Le site contient des liens vers des pages internet de tiers. Ces pages ne sont ni exploit\u00e9es, ni surveill\u00e9es par Notre soci\u00e9t\u00e9. Notre soci\u00e9t\u00e9 d\u00e9cline toute responsabilit\u00e9 pour le contenu et le respect des lois, en particulier des dispositions sur la protection des donn\u00e9es, par les exploitants des pages internet mises en lien.<\/p>\n<p>DROIT APPLICABLE<br \/>Le droit suisse s\u2019applique \u00e0 toutes les relations juridiques avec notre soci\u00e9t\u00e9 en rapport avec ce site.<br \/>Les donn\u00e9es de personnes physiques acc\u00e9dant \u00e0 internet depuis une adresse ou identifiant localis\u00e9e dans un pays membre de l\u2019UE lors de l\u2019utilisation du site ne sont pas trait\u00e9es et sont syst\u00e9matiquement supprim\u00e9es.<br \/>Les pr\u00e9sentes CG entrent en vigueur d\u00e8s leur publication (la version en ligne fait foi.) Elles annulent et remplacent toutes les versions pr\u00e9c\u00e9dentes.<\/p>\n<p>Conditions g\u00e9n\u00e9rales<br \/>Conditions g\u00e9n\u00e9rales de vente<\/p>\n<p>\u00a9 2020 Coeytaux Vins | Cr\u00e9\u00e9 par Emblematik<\/p>\n<p>[\/et_pb_text][\/et_pb_column][\/et_pb_row][\/et_pb_section]<\/p>\n","protected":false},"excerpt":{"rendered":"<p>CONDITIONS G\u00c9N\u00c9RALES D\u2019UTILISATION DU SITE INTERNET DE NOTRE SOCI\u00c9T\u00c9Nous vous invitons \u00e0 lire attentivement les pr\u00e9sentes conditions g\u00e9n\u00e9rales d\u2019utilisation qui r\u00e9gissent la navigation sur ce site. En utilisant le site, vous acceptez sans r\u00e9serve les pr\u00e9sentes conditions d\u2019utilisation.Nous pouvons \u00eatre amen\u00e9s \u00e0 modifier \u00e0 tout moment les conditions g\u00e9n\u00e9rales d\u2019utilisation et les autres contenus et [&hellip;]<\/p>\n","protected":false},"author":4,"featured_media":0,"parent":0,"menu_order":20,"comment_status":"closed","ping_status":"closed","template":"","meta":{"_et_pb_use_builder":"on","_et_pb_old_content":"","_et_gb_content_width":"","inline_featured_image":false,"footnotes":""},"class_list":["post-4703","page","type-page","status-publish","hentry"],"yoast_head":"<!-- This site is optimized with the Yoast SEO plugin v26.4 - https:\/\/yoast.com\/wordpress\/plugins\/seo\/ -->\n<title>Coeytaux Jean-Daniel - Vigneron - Encaveur - Conditions g\u00e9n\u00e9rales<\/title>\n<meta name=\"robots\" content=\"index, follow, max-snippet:-1, max-image-preview:large, max-video-preview:-1\" \/>\n<link rel=\"canonical\" href=\"https:\/\/coeytaux-vins.ch\/de\/conditions-generales\/\" \/>\n<meta property=\"og:locale\" content=\"de_DE\" \/>\n<meta property=\"og:type\" content=\"article\" \/>\n<meta property=\"og:title\" content=\"Coeytaux Jean-Daniel - Vigneron - Encaveur - Conditions g\u00e9n\u00e9rales\" \/>\n<meta property=\"og:description\" content=\"CONDITIONS G\u00c9N\u00c9RALES D\u2019UTILISATION DU SITE INTERNET DE NOTRE SOCI\u00c9T\u00c9Nous vous invitons \u00e0 lire attentivement les pr\u00e9sentes conditions g\u00e9n\u00e9rales d\u2019utilisation qui r\u00e9gissent la navigation sur ce site. En utilisant le site, vous acceptez sans r\u00e9serve les pr\u00e9sentes conditions d\u2019utilisation.Nous pouvons \u00eatre amen\u00e9s \u00e0 modifier \u00e0 tout moment les conditions g\u00e9n\u00e9rales d\u2019utilisation et les autres contenus et [&hellip;]\" \/>\n<meta property=\"og:url\" content=\"https:\/\/coeytaux-vins.ch\/de\/conditions-generales\/\" \/>\n<meta property=\"og:site_name\" content=\"Coeytaux Jean-Daniel\" \/>\n<meta property=\"article:publisher\" content=\"https:\/\/www.facebook.com\/cavejeandaniel.coeytaux\" \/>\n<meta property=\"article:modified_time\" content=\"2020-09-15T11:59:14+00:00\" \/>\n<meta name=\"twitter:card\" content=\"summary_large_image\" \/>\n<meta name=\"twitter:site\" content=\"@CaveJDC\" \/>\n<meta name=\"twitter:label1\" content=\"Gesch\u00e4tzte Lesezeit\" \/>\n\t<meta name=\"twitter:data1\" content=\"10\u00a0Minuten\" \/>\n<script type=\"application\/ld+json\" class=\"yoast-schema-graph\">{\"@context\":\"https:\/\/schema.org\",\"@graph\":[{\"@type\":\"WebPage\",\"@id\":\"https:\/\/coeytaux-vins.ch\/de\/conditions-generales\/\",\"url\":\"https:\/\/coeytaux-vins.ch\/de\/conditions-generales\/\",\"name\":\"Coeytaux Jean-Daniel - Vigneron - Encaveur - Conditions g\u00e9n\u00e9rales\",\"isPartOf\":{\"@id\":\"https:\/\/coeytaux-vins.ch\/de\/#website\"},\"datePublished\":\"2020-09-15T11:57:53+00:00\",\"dateModified\":\"2020-09-15T11:59:14+00:00\",\"breadcrumb\":{\"@id\":\"https:\/\/coeytaux-vins.ch\/de\/conditions-generales\/#breadcrumb\"},\"inLanguage\":\"de\",\"potentialAction\":[{\"@type\":\"ReadAction\",\"target\":[\"https:\/\/coeytaux-vins.ch\/de\/conditions-generales\/\"]}]},{\"@type\":\"BreadcrumbList\",\"@id\":\"https:\/\/coeytaux-vins.ch\/de\/conditions-generales\/#breadcrumb\",\"itemListElement\":[{\"@type\":\"ListItem\",\"position\":1,\"name\":\"Accueil\",\"item\":\"https:\/\/coeytaux-vins.ch\/de\/\"},{\"@type\":\"ListItem\",\"position\":2,\"name\":\"Conditions g\u00e9n\u00e9rales\"}]},{\"@type\":\"WebSite\",\"@id\":\"https:\/\/coeytaux-vins.ch\/de\/#website\",\"url\":\"https:\/\/coeytaux-vins.ch\/de\/\",\"name\":\"Coeytaux Jean-Daniel\",\"description\":\"Jean Daniel Coeytaux, Vigneron-Encaveur, Rue du Ch\u00e2teau 4, 1169 Yens-s\/Morges, Tel +41 21 800 47 38, Fax +41 21 800 47 57, Natel +41 79 276 30 47, jean-daniel@coeytaux-vins.ch\",\"publisher\":{\"@id\":\"https:\/\/coeytaux-vins.ch\/de\/#organization\"},\"potentialAction\":[{\"@type\":\"SearchAction\",\"target\":{\"@type\":\"EntryPoint\",\"urlTemplate\":\"https:\/\/coeytaux-vins.ch\/de\/?s={search_term_string}\"},\"query-input\":{\"@type\":\"PropertyValueSpecification\",\"valueRequired\":true,\"valueName\":\"search_term_string\"}}],\"inLanguage\":\"de\"},{\"@type\":\"Organization\",\"@id\":\"https:\/\/coeytaux-vins.ch\/de\/#organization\",\"name\":\"Jean-Daniel Coeytaux\",\"url\":\"https:\/\/coeytaux-vins.ch\/de\/\",\"logo\":{\"@type\":\"ImageObject\",\"inLanguage\":\"de\",\"@id\":\"https:\/\/coeytaux-vins.ch\/de\/#\/schema\/logo\/image\/\",\"url\":\"https:\/\/coeytaux-vins.ch\/wp-content\/uploads\/2020\/08\/Logo-Cave-Jean-Daniel-Coeytaux-Vigneron-Encaveur-e1598877479575.png\",\"contentUrl\":\"https:\/\/coeytaux-vins.ch\/wp-content\/uploads\/2020\/08\/Logo-Cave-Jean-Daniel-Coeytaux-Vigneron-Encaveur-e1598877479575.png\",\"width\":250,\"height\":176,\"caption\":\"Jean-Daniel Coeytaux\"},\"image\":{\"@id\":\"https:\/\/coeytaux-vins.ch\/de\/#\/schema\/logo\/image\/\"},\"sameAs\":[\"https:\/\/www.facebook.com\/cavejeandaniel.coeytaux\",\"https:\/\/x.com\/CaveJDC\",\"https:\/\/www.instagram.com\/cave_jean_daniel_coeytaux\/\"]}]}<\/script>\n<!-- \/ Yoast SEO plugin. -->","yoast_head_json":{"title":"Coeytaux Jean-Daniel - Vigneron - Encaveur - Conditions g\u00e9n\u00e9rales","robots":{"index":"index","follow":"follow","max-snippet":"max-snippet:-1","max-image-preview":"max-image-preview:large","max-video-preview":"max-video-preview:-1"},"canonical":"https:\/\/coeytaux-vins.ch\/de\/conditions-generales\/","og_locale":"de_DE","og_type":"article","og_title":"Coeytaux Jean-Daniel - Vigneron - Encaveur - Conditions g\u00e9n\u00e9rales","og_description":"CONDITIONS G\u00c9N\u00c9RALES D\u2019UTILISATION DU SITE INTERNET DE NOTRE SOCI\u00c9T\u00c9Nous vous invitons \u00e0 lire attentivement les pr\u00e9sentes conditions g\u00e9n\u00e9rales d\u2019utilisation qui r\u00e9gissent la navigation sur ce site. En utilisant le site, vous acceptez sans r\u00e9serve les pr\u00e9sentes conditions d\u2019utilisation.Nous pouvons \u00eatre amen\u00e9s \u00e0 modifier \u00e0 tout moment les conditions g\u00e9n\u00e9rales d\u2019utilisation et les autres contenus et [&hellip;]","og_url":"https:\/\/coeytaux-vins.ch\/de\/conditions-generales\/","og_site_name":"Coeytaux Jean-Daniel","article_publisher":"https:\/\/www.facebook.com\/cavejeandaniel.coeytaux","article_modified_time":"2020-09-15T11:59:14+00:00","twitter_card":"summary_large_image","twitter_site":"@CaveJDC","twitter_misc":{"Gesch\u00e4tzte Lesezeit":"10\u00a0Minuten"},"schema":{"@context":"https:\/\/schema.org","@graph":[{"@type":"WebPage","@id":"https:\/\/coeytaux-vins.ch\/de\/conditions-generales\/","url":"https:\/\/coeytaux-vins.ch\/de\/conditions-generales\/","name":"Coeytaux Jean-Daniel - Vigneron - Encaveur - Conditions g\u00e9n\u00e9rales","isPartOf":{"@id":"https:\/\/coeytaux-vins.ch\/de\/#website"},"datePublished":"2020-09-15T11:57:53+00:00","dateModified":"2020-09-15T11:59:14+00:00","breadcrumb":{"@id":"https:\/\/coeytaux-vins.ch\/de\/conditions-generales\/#breadcrumb"},"inLanguage":"de","potentialAction":[{"@type":"ReadAction","target":["https:\/\/coeytaux-vins.ch\/de\/conditions-generales\/"]}]},{"@type":"BreadcrumbList","@id":"https:\/\/coeytaux-vins.ch\/de\/conditions-generales\/#breadcrumb","itemListElement":[{"@type":"ListItem","position":1,"name":"Accueil","item":"https:\/\/coeytaux-vins.ch\/de\/"},{"@type":"ListItem","position":2,"name":"Conditions g\u00e9n\u00e9rales"}]},{"@type":"WebSite","@id":"https:\/\/coeytaux-vins.ch\/de\/#website","url":"https:\/\/coeytaux-vins.ch\/de\/","name":"Coeytaux Jean-Daniel","description":"Jean Daniel Coeytaux, Vigneron-Encaveur, Rue du Ch\u00e2teau 4, 1169 Yens-s\/Morges, Tel +41 21 800 47 38, Fax +41 21 800 47 57, Natel +41 79 276 30 47, jean-daniel@coeytaux-vins.ch","publisher":{"@id":"https:\/\/coeytaux-vins.ch\/de\/#organization"},"potentialAction":[{"@type":"SearchAction","target":{"@type":"EntryPoint","urlTemplate":"https:\/\/coeytaux-vins.ch\/de\/?s={search_term_string}"},"query-input":{"@type":"PropertyValueSpecification","valueRequired":true,"valueName":"search_term_string"}}],"inLanguage":"de"},{"@type":"Organization","@id":"https:\/\/coeytaux-vins.ch\/de\/#organization","name":"Jean-Daniel Coeytaux","url":"https:\/\/coeytaux-vins.ch\/de\/","logo":{"@type":"ImageObject","inLanguage":"de","@id":"https:\/\/coeytaux-vins.ch\/de\/#\/schema\/logo\/image\/","url":"https:\/\/coeytaux-vins.ch\/wp-content\/uploads\/2020\/08\/Logo-Cave-Jean-Daniel-Coeytaux-Vigneron-Encaveur-e1598877479575.png","contentUrl":"https:\/\/coeytaux-vins.ch\/wp-content\/uploads\/2020\/08\/Logo-Cave-Jean-Daniel-Coeytaux-Vigneron-Encaveur-e1598877479575.png","width":250,"height":176,"caption":"Jean-Daniel Coeytaux"},"image":{"@id":"https:\/\/coeytaux-vins.ch\/de\/#\/schema\/logo\/image\/"},"sameAs":["https:\/\/www.facebook.com\/cavejeandaniel.coeytaux","https:\/\/x.com\/CaveJDC","https:\/\/www.instagram.com\/cave_jean_daniel_coeytaux\/"]}]}},"_links":{"self":[{"href":"https:\/\/coeytaux-vins.ch\/de\/wp-json\/wp\/v2\/pages\/4703","targetHints":{"allow":["GET"]}}],"collection":[{"href":"https:\/\/coeytaux-vins.ch\/de\/wp-json\/wp\/v2\/pages"}],"about":[{"href":"https:\/\/coeytaux-vins.ch\/de\/wp-json\/wp\/v2\/types\/page"}],"author":[{"embeddable":true,"href":"https:\/\/coeytaux-vins.ch\/de\/wp-json\/wp\/v2\/users\/4"}],"replies":[{"embeddable":true,"href":"https:\/\/coeytaux-vins.ch\/de\/wp-json\/wp\/v2\/comments?post=4703"}],"version-history":[{"count":0,"href":"https:\/\/coeytaux-vins.ch\/de\/wp-json\/wp\/v2\/pages\/4703\/revisions"}],"wp:attachment":[{"href":"https:\/\/coeytaux-vins.ch\/de\/wp-json\/wp\/v2\/media?parent=4703"}],"curies":[{"name":"wp","href":"https:\/\/api.w.org\/{rel}","templated":true}]}}