{"id":26992,"date":"2019-10-09T16:35:17","date_gmt":"2025-03-06T19:09:17","guid":{"rendered":"https:\/\/coeytaux-vins.ch\/?post_type=product&#038;p=26992"},"modified":"2025-03-06T21:19:14","modified_gmt":"2025-03-06T20:19:14","slug":"divico","status":"publish","type":"product","link":"https:\/\/coeytaux-vins.ch\/de\/nos-vins\/divico\/","title":{"rendered":"Divico"},"content":{"rendered":"<p><strong>Beschreibung<\/strong><br \/>\nRotwein. Ein gro\u00dfz\u00fcgiger, eleganter und gut strukturierter Wein.<\/p>\n<p><strong>Nase<\/strong><br \/>\nDer Divico entfaltet intensive Aromen von schwarzen Fr\u00fcchten wie Brombeere und Kirsche, begleitet von subtilen Noten von Gew\u00fcrzen und Veilchen.<\/p>\n<p><strong>Gaumen<\/strong><br \/>\nDieser Wein bietet eine wunderbare Balance zwischen Kraft und Finesse. Seine Struktur ist dicht, mit weichen und seidigen Tanninen, die in einem langen und genussvollen Abgang m\u00fcnden.<\/p>\n<p><strong>Begleitempfehlungen<br \/>\n<\/strong>&#8211; Ger\u00f6stetes rotes Fleisch<br \/>\n&#8211; Gerichte mit Sauce<br \/>\n&#8211; Gereifte K\u00e4sesorten<\/p>\n<p>75 cl \u2013 CHF 16.50 (Karton 6 Flaschen)<\/p>\n","protected":false},"excerpt":{"rendered":"<p>75 cl<\/p>\n","protected":false},"featured_media":27003,"template":"","meta":{"_et_pb_use_builder":"off","_et_pb_old_content":"<strong>Descriptif<\/strong>Vin rouge \u00e9lev\u00e9 en f\u00fbt de ch\u00eane, cors\u00e9 et color\u00e9.<strong>Au nez<\/strong>Ar\u00f4mes de fruit noir, cerise, compl\u00e9t\u00e9s par des notes de r\u00e9glisse et d\u2019\u00e9pices.<strong>En bouche<\/strong>Attaque souple et fra\u00eeche. Vin fruit\u00e9 accompagn\u00e9 d\u2019un l\u00e9ger bois\u00e9. Tanins pr\u00e9sents qui lui donnent structure et bon potentiel de garde.<strong>Id\u00e9es d\u2019accompagnement<\/strong>- Viandes mijot\u00e9es en sauce (Rago\u00fbts, b\u0153uf bourguignon, b\u0153uf Stroganov,\u2026)<strong>75 cl - CHF 23.00 (carton de 6 bouteilles)<\/strong>","_et_gb_content_width":"","inline_featured_image":false},"product_brand":[],"product_cat":[151],"product_tag":[],"class_list":{"0":"post-26992","1":"product","2":"type-product","3":"status-publish","4":"has-post-thumbnail","6":"product_cat-rotweine","8":"first","9":"instock","10":"featured","11":"shipping-taxable","12":"purchasable","13":"product-type-simple"},"yoast_head":"<!-- This site is optimized with the Yoast SEO plugin v26.4 - https:\/\/yoast.com\/wordpress\/plugins\/seo\/ -->\n<title>Coeytaux Jean-Daniel - Vigneron - Encaveur - Divico<\/title>\n<meta name=\"robots\" content=\"index, follow, max-snippet:-1, max-image-preview:large, max-video-preview:-1\" \/>\n<link rel=\"canonical\" href=\"https:\/\/coeytaux-vins.ch\/de\/nos-vins\/divico\/\" \/>\n<meta property=\"og:locale\" content=\"de_DE\" \/>\n<meta property=\"og:type\" content=\"article\" \/>\n<meta property=\"og:title\" content=\"Coeytaux Jean-Daniel - Vigneron - Encaveur - Divico\" \/>\n<meta property=\"og:description\" content=\"75 cl\" \/>\n<meta property=\"og:url\" content=\"https:\/\/coeytaux-vins.ch\/de\/nos-vins\/divico\/\" \/>\n<meta property=\"og:site_name\" content=\"Coeytaux Jean-Daniel\" \/>\n<meta property=\"article:publisher\" content=\"https:\/\/www.facebook.com\/cavejeandaniel.coeytaux\" \/>\n<meta property=\"article:modified_time\" content=\"2025-03-06T20:19:14+00:00\" \/>\n<meta name=\"twitter:card\" content=\"summary_large_image\" \/>\n<meta name=\"twitter:site\" content=\"@CaveJDC\" \/>\n<meta name=\"twitter:label1\" content=\"Gesch\u00e4tzte Lesezeit\" \/>\n\t<meta name=\"twitter:data1\" content=\"1\u00a0Minute\" \/>\n<script type=\"application\/ld+json\" class=\"yoast-schema-graph\">{\"@context\":\"https:\/\/schema.org\",\"@graph\":[{\"@type\":\"WebPage\",\"@id\":\"https:\/\/coeytaux-vins.ch\/de\/nos-vins\/divico\/\",\"url\":\"https:\/\/coeytaux-vins.ch\/de\/nos-vins\/divico\/\",\"name\":\"Coeytaux Jean-Daniel - Vigneron - Encaveur - Divico\",\"isPartOf\":{\"@id\":\"https:\/\/coeytaux-vins.ch\/de\/#website\"},\"primaryImageOfPage\":{\"@id\":\"https:\/\/coeytaux-vins.ch\/de\/nos-vins\/divico\/#primaryimage\"},\"image\":{\"@id\":\"https:\/\/coeytaux-vins.ch\/de\/nos-vins\/divico\/#primaryimage\"},\"thumbnailUrl\":\"https:\/\/coeytaux-vins.ch\/wp-content\/uploads\/2025\/03\/divico.png\",\"datePublished\":\"2025-03-06T19:09:17+00:00\",\"dateModified\":\"2025-03-06T20:19:14+00:00\",\"breadcrumb\":{\"@id\":\"https:\/\/coeytaux-vins.ch\/de\/nos-vins\/divico\/#breadcrumb\"},\"inLanguage\":\"de\",\"potentialAction\":[{\"@type\":\"ReadAction\",\"target\":[\"https:\/\/coeytaux-vins.ch\/de\/nos-vins\/divico\/\"]}]},{\"@type\":\"ImageObject\",\"inLanguage\":\"de\",\"@id\":\"https:\/\/coeytaux-vins.ch\/de\/nos-vins\/divico\/#primaryimage\",\"url\":\"https:\/\/coeytaux-vins.ch\/wp-content\/uploads\/2025\/03\/divico.png\",\"contentUrl\":\"https:\/\/coeytaux-vins.ch\/wp-content\/uploads\/2025\/03\/divico.png\",\"width\":620,\"height\":1772},{\"@type\":\"BreadcrumbList\",\"@id\":\"https:\/\/coeytaux-vins.ch\/de\/nos-vins\/divico\/#breadcrumb\",\"itemListElement\":[{\"@type\":\"ListItem\",\"position\":1,\"name\":\"Accueil\",\"item\":\"https:\/\/coeytaux-vins.ch\/de\/\"},{\"@type\":\"ListItem\",\"position\":2,\"name\":\"Unsere Weine\",\"item\":\"https:\/\/coeytaux-vins.ch\/fr\/nos-vins\/\"},{\"@type\":\"ListItem\",\"position\":3,\"name\":\"Divico\"}]},{\"@type\":\"WebSite\",\"@id\":\"https:\/\/coeytaux-vins.ch\/de\/#website\",\"url\":\"https:\/\/coeytaux-vins.ch\/de\/\",\"name\":\"Coeytaux Jean-Daniel\",\"description\":\"Jean Daniel Coeytaux, Vigneron-Encaveur, Rue du Ch\u00e2teau 4, 1169 Yens-s\/Morges, Tel +41 21 800 47 38, Fax +41 21 800 47 57, Natel +41 79 276 30 47, jean-daniel@coeytaux-vins.ch\",\"publisher\":{\"@id\":\"https:\/\/coeytaux-vins.ch\/de\/#organization\"},\"potentialAction\":[{\"@type\":\"SearchAction\",\"target\":{\"@type\":\"EntryPoint\",\"urlTemplate\":\"https:\/\/coeytaux-vins.ch\/de\/?s={search_term_string}\"},\"query-input\":{\"@type\":\"PropertyValueSpecification\",\"valueRequired\":true,\"valueName\":\"search_term_string\"}}],\"inLanguage\":\"de\"},{\"@type\":\"Organization\",\"@id\":\"https:\/\/coeytaux-vins.ch\/de\/#organization\",\"name\":\"Jean-Daniel Coeytaux\",\"url\":\"https:\/\/coeytaux-vins.ch\/de\/\",\"logo\":{\"@type\":\"ImageObject\",\"inLanguage\":\"de\",\"@id\":\"https:\/\/coeytaux-vins.ch\/de\/#\/schema\/logo\/image\/\",\"url\":\"https:\/\/coeytaux-vins.ch\/wp-content\/uploads\/2020\/08\/Logo-Cave-Jean-Daniel-Coeytaux-Vigneron-Encaveur-e1598877479575.png\",\"contentUrl\":\"https:\/\/coeytaux-vins.ch\/wp-content\/uploads\/2020\/08\/Logo-Cave-Jean-Daniel-Coeytaux-Vigneron-Encaveur-e1598877479575.png\",\"width\":250,\"height\":176,\"caption\":\"Jean-Daniel Coeytaux\"},\"image\":{\"@id\":\"https:\/\/coeytaux-vins.ch\/de\/#\/schema\/logo\/image\/\"},\"sameAs\":[\"https:\/\/www.facebook.com\/cavejeandaniel.coeytaux\",\"https:\/\/x.com\/CaveJDC\",\"https:\/\/www.instagram.com\/cave_jean_daniel_coeytaux\/\"]}]}<\/script>\n<!-- \/ Yoast SEO plugin. -->","yoast_head_json":{"title":"Coeytaux Jean-Daniel - Vigneron - Encaveur - Divico","robots":{"index":"index","follow":"follow","max-snippet":"max-snippet:-1","max-image-preview":"max-image-preview:large","max-video-preview":"max-video-preview:-1"},"canonical":"https:\/\/coeytaux-vins.ch\/de\/nos-vins\/divico\/","og_locale":"de_DE","og_type":"article","og_title":"Coeytaux Jean-Daniel - Vigneron - Encaveur - Divico","og_description":"75 cl","og_url":"https:\/\/coeytaux-vins.ch\/de\/nos-vins\/divico\/","og_site_name":"Coeytaux Jean-Daniel","article_publisher":"https:\/\/www.facebook.com\/cavejeandaniel.coeytaux","article_modified_time":"2025-03-06T20:19:14+00:00","twitter_card":"summary_large_image","twitter_site":"@CaveJDC","twitter_misc":{"Gesch\u00e4tzte Lesezeit":"1\u00a0Minute"},"schema":{"@context":"https:\/\/schema.org","@graph":[{"@type":"WebPage","@id":"https:\/\/coeytaux-vins.ch\/de\/nos-vins\/divico\/","url":"https:\/\/coeytaux-vins.ch\/de\/nos-vins\/divico\/","name":"Coeytaux Jean-Daniel - Vigneron - Encaveur - Divico","isPartOf":{"@id":"https:\/\/coeytaux-vins.ch\/de\/#website"},"primaryImageOfPage":{"@id":"https:\/\/coeytaux-vins.ch\/de\/nos-vins\/divico\/#primaryimage"},"image":{"@id":"https:\/\/coeytaux-vins.ch\/de\/nos-vins\/divico\/#primaryimage"},"thumbnailUrl":"https:\/\/coeytaux-vins.ch\/wp-content\/uploads\/2025\/03\/divico.png","datePublished":"2025-03-06T19:09:17+00:00","dateModified":"2025-03-06T20:19:14+00:00","breadcrumb":{"@id":"https:\/\/coeytaux-vins.ch\/de\/nos-vins\/divico\/#breadcrumb"},"inLanguage":"de","potentialAction":[{"@type":"ReadAction","target":["https:\/\/coeytaux-vins.ch\/de\/nos-vins\/divico\/"]}]},{"@type":"ImageObject","inLanguage":"de","@id":"https:\/\/coeytaux-vins.ch\/de\/nos-vins\/divico\/#primaryimage","url":"https:\/\/coeytaux-vins.ch\/wp-content\/uploads\/2025\/03\/divico.png","contentUrl":"https:\/\/coeytaux-vins.ch\/wp-content\/uploads\/2025\/03\/divico.png","width":620,"height":1772},{"@type":"BreadcrumbList","@id":"https:\/\/coeytaux-vins.ch\/de\/nos-vins\/divico\/#breadcrumb","itemListElement":[{"@type":"ListItem","position":1,"name":"Accueil","item":"https:\/\/coeytaux-vins.ch\/de\/"},{"@type":"ListItem","position":2,"name":"Unsere Weine","item":"https:\/\/coeytaux-vins.ch\/fr\/nos-vins\/"},{"@type":"ListItem","position":3,"name":"Divico"}]},{"@type":"WebSite","@id":"https:\/\/coeytaux-vins.ch\/de\/#website","url":"https:\/\/coeytaux-vins.ch\/de\/","name":"Coeytaux Jean-Daniel","description":"Jean Daniel Coeytaux, Vigneron-Encaveur, Rue du Ch\u00e2teau 4, 1169 Yens-s\/Morges, Tel +41 21 800 47 38, Fax +41 21 800 47 57, Natel +41 79 276 30 47, jean-daniel@coeytaux-vins.ch","publisher":{"@id":"https:\/\/coeytaux-vins.ch\/de\/#organization"},"potentialAction":[{"@type":"SearchAction","target":{"@type":"EntryPoint","urlTemplate":"https:\/\/coeytaux-vins.ch\/de\/?s={search_term_string}"},"query-input":{"@type":"PropertyValueSpecification","valueRequired":true,"valueName":"search_term_string"}}],"inLanguage":"de"},{"@type":"Organization","@id":"https:\/\/coeytaux-vins.ch\/de\/#organization","name":"Jean-Daniel Coeytaux","url":"https:\/\/coeytaux-vins.ch\/de\/","logo":{"@type":"ImageObject","inLanguage":"de","@id":"https:\/\/coeytaux-vins.ch\/de\/#\/schema\/logo\/image\/","url":"https:\/\/coeytaux-vins.ch\/wp-content\/uploads\/2020\/08\/Logo-Cave-Jean-Daniel-Coeytaux-Vigneron-Encaveur-e1598877479575.png","contentUrl":"https:\/\/coeytaux-vins.ch\/wp-content\/uploads\/2020\/08\/Logo-Cave-Jean-Daniel-Coeytaux-Vigneron-Encaveur-e1598877479575.png","width":250,"height":176,"caption":"Jean-Daniel Coeytaux"},"image":{"@id":"https:\/\/coeytaux-vins.ch\/de\/#\/schema\/logo\/image\/"},"sameAs":["https:\/\/www.facebook.com\/cavejeandaniel.coeytaux","https:\/\/x.com\/CaveJDC","https:\/\/www.instagram.com\/cave_jean_daniel_coeytaux\/"]}]}},"_links":{"self":[{"href":"https:\/\/coeytaux-vins.ch\/de\/wp-json\/wp\/v2\/product\/26992","targetHints":{"allow":["GET"]}}],"collection":[{"href":"https:\/\/coeytaux-vins.ch\/de\/wp-json\/wp\/v2\/product"}],"about":[{"href":"https:\/\/coeytaux-vins.ch\/de\/wp-json\/wp\/v2\/types\/product"}],"wp:featuredmedia":[{"embeddable":true,"href":"https:\/\/coeytaux-vins.ch\/de\/wp-json\/wp\/v2\/media\/27003"}],"wp:attachment":[{"href":"https:\/\/coeytaux-vins.ch\/de\/wp-json\/wp\/v2\/media?parent=26992"}],"wp:term":[{"taxonomy":"product_brand","embeddable":true,"href":"https:\/\/coeytaux-vins.ch\/de\/wp-json\/wp\/v2\/product_brand?post=26992"},{"taxonomy":"product_cat","embeddable":true,"href":"https:\/\/coeytaux-vins.ch\/de\/wp-json\/wp\/v2\/product_cat?post=26992"},{"taxonomy":"product_tag","embeddable":true,"href":"https:\/\/coeytaux-vins.ch\/de\/wp-json\/wp\/v2\/product_tag?post=26992"}],"curies":[{"name":"wp","href":"https:\/\/api.w.org\/{rel}","templated":true}]}}