{"id":26995,"date":"2025-03-06T20:11:53","date_gmt":"2025-03-06T19:11:53","guid":{"rendered":"https:\/\/coeytaux-vins.ch\/?post_type=product&#038;p=26995"},"modified":"2025-03-06T20:46:57","modified_gmt":"2025-03-06T19:46:57","slug":"chasselas-sur-lie","status":"publish","type":"product","link":"https:\/\/coeytaux-vins.ch\/de\/nos-vins\/chasselas-sur-lie\/","title":{"rendered":"Chasselas sur Lie"},"content":{"rendered":"<p><strong>Beschreibung<br \/>\n<\/strong>Wei\u00dfwein. Ein authentischer Chasselas aus der Region Morges, auf der Feinhefe ausgebaut, um mehr Komplexit\u00e4t zu erreichen.<\/p>\n<p><strong>Nase<br \/>\n<\/strong>Feine Aromen von wei\u00dfen Bl\u00fcten und hellfleischigen Fr\u00fcchten wie Apfel und Birne, begleitet von einem dezenten Hauch von Brioche.<\/p>\n<p><strong>Gaumen<br \/>\n<\/strong>Rund und vollmundig, zugleich elegant und harmonisch, mit einer lebendigen, frischen und erfrischenden S\u00e4ure. Der Ausbau auf der Feinhefe verleiht Volumen und eine leicht cremige Textur, mit einem subtil salzigen Abgang.<\/p>\n<p><strong>Begleitempfehlungen<br \/>\n<\/strong>&#8211; Gegrillter oder saucierter Fisch<br \/>\n&#8211; Weichk\u00e4se<br \/>\n&#8211; Saisonale Gerichte wie Fondue oder Raclette<\/p>\n<p>75 cl \u2013 CHF 14.50 (Karton 6 Flaschen)<\/p>\n","protected":false},"excerpt":{"rendered":"<p>75 cl<\/p>\n","protected":false},"featured_media":27007,"template":"","meta":{"_et_pb_use_builder":"off","_et_pb_old_content":"<strong>Beschreibung\r\n<\/strong>Wei\u00dfwein. Ein authentischer Chasselas aus der Region Morges, auf der Feinhefe ausgebaut, um mehr Komplexit\u00e4t zu erreichen. \r\n\r\n<strong>Nase\r\n<\/strong>Feine Aromen von wei\u00dfen Bl\u00fcten und hellfleischigen Fr\u00fcchten wie Apfel und Birne, begleitet von einem dezenten Hauch von Brioche.\r\n\r\n<strong>Gaumen\r\n<\/strong>Rund und vollmundig, zugleich elegant und harmonisch, mit einer lebendigen, frischen und erfrischenden S\u00e4ure. Der Ausbau auf der Feinhefe verleiht Volumen und eine leicht cremige Textur, mit einem subtil salzigen Abgang.\r\n\r\n<strong>Begleitempfehlungen\r\n<\/strong>- Gegrillter oder saucierter Fisch\r\n- Weichk\u00e4se\r\n- Saisonale Gerichte wie Fondue oder Raclette\r\n\r\n<strong>75 cl - CHF 15.00 (carton de 6 bouteilles)<\/strong>","_et_gb_content_width":"","inline_featured_image":false},"product_brand":[],"product_cat":[147],"product_tag":[],"class_list":{"0":"post-26995","1":"product","2":"type-product","3":"status-publish","4":"has-post-thumbnail","6":"product_cat-weissweine","8":"first","9":"instock","10":"featured","11":"shipping-taxable","12":"purchasable","13":"product-type-simple"},"yoast_head":"<!-- This site is optimized with the Yoast SEO plugin v26.4 - https:\/\/yoast.com\/wordpress\/plugins\/seo\/ -->\n<title>Coeytaux Jean-Daniel - Vigneron - Encaveur - Chasselas sur Lie<\/title>\n<meta name=\"description\" content=\"Wei\u00dfwein. Ein authentischer Chasselas aus der Region Morges, auf der Feinhefe ausgebaut, um mehr Komplexit\u00e4t zu erreichen.\" \/>\n<meta name=\"robots\" content=\"index, follow, max-snippet:-1, max-image-preview:large, max-video-preview:-1\" \/>\n<link rel=\"canonical\" href=\"https:\/\/coeytaux-vins.ch\/de\/nos-vins\/chasselas-sur-lie\/\" \/>\n<meta property=\"og:locale\" content=\"de_DE\" \/>\n<meta property=\"og:type\" content=\"article\" \/>\n<meta property=\"og:title\" content=\"Coeytaux Jean-Daniel - Vigneron - Encaveur - Chasselas sur Lie\" \/>\n<meta property=\"og:description\" content=\"Wei\u00dfwein. Ein authentischer Chasselas aus der Region Morges, auf der Feinhefe ausgebaut, um mehr Komplexit\u00e4t zu erreichen.\" \/>\n<meta property=\"og:url\" content=\"https:\/\/coeytaux-vins.ch\/de\/nos-vins\/chasselas-sur-lie\/\" \/>\n<meta property=\"og:site_name\" content=\"Coeytaux Jean-Daniel\" \/>\n<meta property=\"article:publisher\" content=\"https:\/\/www.facebook.com\/cavejeandaniel.coeytaux\" \/>\n<meta property=\"article:modified_time\" content=\"2025-03-06T19:46:57+00:00\" \/>\n<meta property=\"og:image\" content=\"https:\/\/coeytaux-vins.ch\/wp-content\/uploads\/2022\/07\/chasselas-sur-lie.png\" \/>\n\t<meta property=\"og:image:width\" content=\"666\" \/>\n\t<meta property=\"og:image:height\" content=\"1770\" \/>\n\t<meta property=\"og:image:type\" content=\"image\/png\" \/>\n<meta name=\"twitter:card\" content=\"summary_large_image\" \/>\n<meta name=\"twitter:site\" content=\"@CaveJDC\" \/>\n<meta name=\"twitter:label1\" content=\"Gesch\u00e4tzte Lesezeit\" \/>\n\t<meta name=\"twitter:data1\" content=\"1\u00a0Minute\" \/>\n<script type=\"application\/ld+json\" class=\"yoast-schema-graph\">{\"@context\":\"https:\/\/schema.org\",\"@graph\":[{\"@type\":\"WebPage\",\"@id\":\"https:\/\/coeytaux-vins.ch\/de\/nos-vins\/chasselas-sur-lie\/\",\"url\":\"https:\/\/coeytaux-vins.ch\/de\/nos-vins\/chasselas-sur-lie\/\",\"name\":\"Coeytaux Jean-Daniel - Vigneron - Encaveur - Chasselas sur Lie\",\"isPartOf\":{\"@id\":\"https:\/\/coeytaux-vins.ch\/de\/#website\"},\"primaryImageOfPage\":{\"@id\":\"https:\/\/coeytaux-vins.ch\/de\/nos-vins\/chasselas-sur-lie\/#primaryimage\"},\"image\":{\"@id\":\"https:\/\/coeytaux-vins.ch\/de\/nos-vins\/chasselas-sur-lie\/#primaryimage\"},\"thumbnailUrl\":\"https:\/\/coeytaux-vins.ch\/wp-content\/uploads\/2025\/03\/chasselas-sur-lie-.png\",\"datePublished\":\"2025-03-06T19:11:53+00:00\",\"dateModified\":\"2025-03-06T19:46:57+00:00\",\"description\":\"Wei\u00dfwein. Ein authentischer Chasselas aus der Region Morges, auf der Feinhefe ausgebaut, um mehr Komplexit\u00e4t zu erreichen.\",\"breadcrumb\":{\"@id\":\"https:\/\/coeytaux-vins.ch\/de\/nos-vins\/chasselas-sur-lie\/#breadcrumb\"},\"inLanguage\":\"de\",\"potentialAction\":[{\"@type\":\"ReadAction\",\"target\":[\"https:\/\/coeytaux-vins.ch\/de\/nos-vins\/chasselas-sur-lie\/\"]}]},{\"@type\":\"ImageObject\",\"inLanguage\":\"de\",\"@id\":\"https:\/\/coeytaux-vins.ch\/de\/nos-vins\/chasselas-sur-lie\/#primaryimage\",\"url\":\"https:\/\/coeytaux-vins.ch\/wp-content\/uploads\/2025\/03\/chasselas-sur-lie-.png\",\"contentUrl\":\"https:\/\/coeytaux-vins.ch\/wp-content\/uploads\/2025\/03\/chasselas-sur-lie-.png\",\"width\":620,\"height\":1772},{\"@type\":\"BreadcrumbList\",\"@id\":\"https:\/\/coeytaux-vins.ch\/de\/nos-vins\/chasselas-sur-lie\/#breadcrumb\",\"itemListElement\":[{\"@type\":\"ListItem\",\"position\":1,\"name\":\"Accueil\",\"item\":\"https:\/\/coeytaux-vins.ch\/de\/\"},{\"@type\":\"ListItem\",\"position\":2,\"name\":\"Unsere Weine\",\"item\":\"https:\/\/coeytaux-vins.ch\/fr\/nos-vins\/\"},{\"@type\":\"ListItem\",\"position\":3,\"name\":\"Chasselas sur Lie\"}]},{\"@type\":\"WebSite\",\"@id\":\"https:\/\/coeytaux-vins.ch\/de\/#website\",\"url\":\"https:\/\/coeytaux-vins.ch\/de\/\",\"name\":\"Coeytaux Jean-Daniel\",\"description\":\"Jean Daniel Coeytaux, Vigneron-Encaveur, Rue du Ch\u00e2teau 4, 1169 Yens-s\/Morges, Tel +41 21 800 47 38, Fax +41 21 800 47 57, Natel +41 79 276 30 47, jean-daniel@coeytaux-vins.ch\",\"publisher\":{\"@id\":\"https:\/\/coeytaux-vins.ch\/de\/#organization\"},\"potentialAction\":[{\"@type\":\"SearchAction\",\"target\":{\"@type\":\"EntryPoint\",\"urlTemplate\":\"https:\/\/coeytaux-vins.ch\/de\/?s={search_term_string}\"},\"query-input\":{\"@type\":\"PropertyValueSpecification\",\"valueRequired\":true,\"valueName\":\"search_term_string\"}}],\"inLanguage\":\"de\"},{\"@type\":\"Organization\",\"@id\":\"https:\/\/coeytaux-vins.ch\/de\/#organization\",\"name\":\"Jean-Daniel Coeytaux\",\"url\":\"https:\/\/coeytaux-vins.ch\/de\/\",\"logo\":{\"@type\":\"ImageObject\",\"inLanguage\":\"de\",\"@id\":\"https:\/\/coeytaux-vins.ch\/de\/#\/schema\/logo\/image\/\",\"url\":\"https:\/\/coeytaux-vins.ch\/wp-content\/uploads\/2020\/08\/Logo-Cave-Jean-Daniel-Coeytaux-Vigneron-Encaveur-e1598877479575.png\",\"contentUrl\":\"https:\/\/coeytaux-vins.ch\/wp-content\/uploads\/2020\/08\/Logo-Cave-Jean-Daniel-Coeytaux-Vigneron-Encaveur-e1598877479575.png\",\"width\":250,\"height\":176,\"caption\":\"Jean-Daniel Coeytaux\"},\"image\":{\"@id\":\"https:\/\/coeytaux-vins.ch\/de\/#\/schema\/logo\/image\/\"},\"sameAs\":[\"https:\/\/www.facebook.com\/cavejeandaniel.coeytaux\",\"https:\/\/x.com\/CaveJDC\",\"https:\/\/www.instagram.com\/cave_jean_daniel_coeytaux\/\"]}]}<\/script>\n<!-- \/ Yoast SEO plugin. -->","yoast_head_json":{"title":"Coeytaux Jean-Daniel - Vigneron - Encaveur - Chasselas sur Lie","description":"Wei\u00dfwein. Ein authentischer Chasselas aus der Region Morges, auf der Feinhefe ausgebaut, um mehr Komplexit\u00e4t zu erreichen.","robots":{"index":"index","follow":"follow","max-snippet":"max-snippet:-1","max-image-preview":"max-image-preview:large","max-video-preview":"max-video-preview:-1"},"canonical":"https:\/\/coeytaux-vins.ch\/de\/nos-vins\/chasselas-sur-lie\/","og_locale":"de_DE","og_type":"article","og_title":"Coeytaux Jean-Daniel - Vigneron - Encaveur - Chasselas sur Lie","og_description":"Wei\u00dfwein. Ein authentischer Chasselas aus der Region Morges, auf der Feinhefe ausgebaut, um mehr Komplexit\u00e4t zu erreichen.","og_url":"https:\/\/coeytaux-vins.ch\/de\/nos-vins\/chasselas-sur-lie\/","og_site_name":"Coeytaux Jean-Daniel","article_publisher":"https:\/\/www.facebook.com\/cavejeandaniel.coeytaux","article_modified_time":"2025-03-06T19:46:57+00:00","og_image":[{"width":666,"height":1770,"url":"https:\/\/coeytaux-vins.ch\/wp-content\/uploads\/2022\/07\/chasselas-sur-lie.png","type":"image\/png"}],"twitter_card":"summary_large_image","twitter_site":"@CaveJDC","twitter_misc":{"Gesch\u00e4tzte Lesezeit":"1\u00a0Minute"},"schema":{"@context":"https:\/\/schema.org","@graph":[{"@type":"WebPage","@id":"https:\/\/coeytaux-vins.ch\/de\/nos-vins\/chasselas-sur-lie\/","url":"https:\/\/coeytaux-vins.ch\/de\/nos-vins\/chasselas-sur-lie\/","name":"Coeytaux Jean-Daniel - Vigneron - Encaveur - Chasselas sur Lie","isPartOf":{"@id":"https:\/\/coeytaux-vins.ch\/de\/#website"},"primaryImageOfPage":{"@id":"https:\/\/coeytaux-vins.ch\/de\/nos-vins\/chasselas-sur-lie\/#primaryimage"},"image":{"@id":"https:\/\/coeytaux-vins.ch\/de\/nos-vins\/chasselas-sur-lie\/#primaryimage"},"thumbnailUrl":"https:\/\/coeytaux-vins.ch\/wp-content\/uploads\/2025\/03\/chasselas-sur-lie-.png","datePublished":"2025-03-06T19:11:53+00:00","dateModified":"2025-03-06T19:46:57+00:00","description":"Wei\u00dfwein. Ein authentischer Chasselas aus der Region Morges, auf der Feinhefe ausgebaut, um mehr Komplexit\u00e4t zu erreichen.","breadcrumb":{"@id":"https:\/\/coeytaux-vins.ch\/de\/nos-vins\/chasselas-sur-lie\/#breadcrumb"},"inLanguage":"de","potentialAction":[{"@type":"ReadAction","target":["https:\/\/coeytaux-vins.ch\/de\/nos-vins\/chasselas-sur-lie\/"]}]},{"@type":"ImageObject","inLanguage":"de","@id":"https:\/\/coeytaux-vins.ch\/de\/nos-vins\/chasselas-sur-lie\/#primaryimage","url":"https:\/\/coeytaux-vins.ch\/wp-content\/uploads\/2025\/03\/chasselas-sur-lie-.png","contentUrl":"https:\/\/coeytaux-vins.ch\/wp-content\/uploads\/2025\/03\/chasselas-sur-lie-.png","width":620,"height":1772},{"@type":"BreadcrumbList","@id":"https:\/\/coeytaux-vins.ch\/de\/nos-vins\/chasselas-sur-lie\/#breadcrumb","itemListElement":[{"@type":"ListItem","position":1,"name":"Accueil","item":"https:\/\/coeytaux-vins.ch\/de\/"},{"@type":"ListItem","position":2,"name":"Unsere Weine","item":"https:\/\/coeytaux-vins.ch\/fr\/nos-vins\/"},{"@type":"ListItem","position":3,"name":"Chasselas sur Lie"}]},{"@type":"WebSite","@id":"https:\/\/coeytaux-vins.ch\/de\/#website","url":"https:\/\/coeytaux-vins.ch\/de\/","name":"Coeytaux Jean-Daniel","description":"Jean Daniel Coeytaux, Vigneron-Encaveur, Rue du Ch\u00e2teau 4, 1169 Yens-s\/Morges, Tel +41 21 800 47 38, Fax +41 21 800 47 57, Natel +41 79 276 30 47, jean-daniel@coeytaux-vins.ch","publisher":{"@id":"https:\/\/coeytaux-vins.ch\/de\/#organization"},"potentialAction":[{"@type":"SearchAction","target":{"@type":"EntryPoint","urlTemplate":"https:\/\/coeytaux-vins.ch\/de\/?s={search_term_string}"},"query-input":{"@type":"PropertyValueSpecification","valueRequired":true,"valueName":"search_term_string"}}],"inLanguage":"de"},{"@type":"Organization","@id":"https:\/\/coeytaux-vins.ch\/de\/#organization","name":"Jean-Daniel Coeytaux","url":"https:\/\/coeytaux-vins.ch\/de\/","logo":{"@type":"ImageObject","inLanguage":"de","@id":"https:\/\/coeytaux-vins.ch\/de\/#\/schema\/logo\/image\/","url":"https:\/\/coeytaux-vins.ch\/wp-content\/uploads\/2020\/08\/Logo-Cave-Jean-Daniel-Coeytaux-Vigneron-Encaveur-e1598877479575.png","contentUrl":"https:\/\/coeytaux-vins.ch\/wp-content\/uploads\/2020\/08\/Logo-Cave-Jean-Daniel-Coeytaux-Vigneron-Encaveur-e1598877479575.png","width":250,"height":176,"caption":"Jean-Daniel Coeytaux"},"image":{"@id":"https:\/\/coeytaux-vins.ch\/de\/#\/schema\/logo\/image\/"},"sameAs":["https:\/\/www.facebook.com\/cavejeandaniel.coeytaux","https:\/\/x.com\/CaveJDC","https:\/\/www.instagram.com\/cave_jean_daniel_coeytaux\/"]}]}},"_links":{"self":[{"href":"https:\/\/coeytaux-vins.ch\/de\/wp-json\/wp\/v2\/product\/26995","targetHints":{"allow":["GET"]}}],"collection":[{"href":"https:\/\/coeytaux-vins.ch\/de\/wp-json\/wp\/v2\/product"}],"about":[{"href":"https:\/\/coeytaux-vins.ch\/de\/wp-json\/wp\/v2\/types\/product"}],"wp:featuredmedia":[{"embeddable":true,"href":"https:\/\/coeytaux-vins.ch\/de\/wp-json\/wp\/v2\/media\/27007"}],"wp:attachment":[{"href":"https:\/\/coeytaux-vins.ch\/de\/wp-json\/wp\/v2\/media?parent=26995"}],"wp:term":[{"taxonomy":"product_brand","embeddable":true,"href":"https:\/\/coeytaux-vins.ch\/de\/wp-json\/wp\/v2\/product_brand?post=26995"},{"taxonomy":"product_cat","embeddable":true,"href":"https:\/\/coeytaux-vins.ch\/de\/wp-json\/wp\/v2\/product_cat?post=26995"},{"taxonomy":"product_tag","embeddable":true,"href":"https:\/\/coeytaux-vins.ch\/de\/wp-json\/wp\/v2\/product_tag?post=26995"}],"curies":[{"name":"wp","href":"https:\/\/api.w.org\/{rel}","templated":true}]}}