{"id":4724,"date":"2019-12-01T14:54:42","date_gmt":"2019-12-01T13:54:42","guid":{"rendered":"https:\/\/coeytaux-vins.ch\/nos-vins\/vin-joyeux-schaumwein\/"},"modified":"2022-05-03T10:36:13","modified_gmt":"2022-05-03T09:36:13","slug":"vin-joyeux-schaumwein","status":"publish","type":"product","link":"https:\/\/coeytaux-vins.ch\/de\/nos-vins\/vin-joyeux-schaumwein\/","title":{"rendered":"Vin Joyeux (Schaumwein)"},"content":{"rendered":"<p><strong>Beschreibung<br \/>\n<\/strong>Weisser Schaumwein aus den Rebsorten Pinot Gris, Chasselas und Blanc de Noir<\/p>\n<p><strong>Nase<br \/>\n<\/strong>Frisch und fruchtig<\/p>\n<p><strong>Gaumen<br \/>\n<\/strong>Frisch und fruchtig perlend<\/p>\n<p><strong>Begleitempfehlungen<br \/>\n<\/strong>Festliche Momente Ap\u00e9ritif Dessert Glac\u00e9<\/p>\n<p><strong>75 cl &#8211; CHF 22.00<\/strong><\/p>\n","protected":false},"excerpt":{"rendered":"<p>75 cl<\/p>\n","protected":false},"featured_media":3038,"template":"","meta":{"_et_pb_use_builder":"off","_et_pb_old_content":"<strong>Descriptif<\/strong>Vin blanc mousseux. Vin issu d\u2019un assemblage de Pinot Gris, Chasselas et Blanc de Noir.<strong>Au nez<\/strong>Fraicheur et fruits.<strong>En bouche<\/strong>Vin frais, fruit\u00e9 et p\u00e9tillant.<strong>Id\u00e9es d\u2019accompagnement<\/strong>- Moments festifs- En ap\u00e9ritif- Dessert- Glaces<strong>75 cl - CHF 19.00 (vente \u00e0 l\u2019unit\u00e9)<\/strong>","_et_gb_content_width":"","inline_featured_image":false},"product_brand":[],"product_cat":[147],"product_tag":[],"class_list":{"0":"post-4724","1":"product","2":"type-product","3":"status-publish","4":"has-post-thumbnail","6":"product_cat-weissweine","8":"first","9":"instock","10":"featured","11":"shipping-taxable","12":"purchasable","13":"product-type-simple"},"yoast_head":"<!-- This site is optimized with the Yoast SEO plugin v26.4 - https:\/\/yoast.com\/wordpress\/plugins\/seo\/ -->\n<title>Coeytaux Jean-Daniel - Vigneron - Encaveur - Vin Joyeux (Schaumwein)<\/title>\n<meta name=\"robots\" content=\"index, follow, max-snippet:-1, max-image-preview:large, max-video-preview:-1\" \/>\n<link rel=\"canonical\" href=\"https:\/\/coeytaux-vins.ch\/de\/nos-vins\/vin-joyeux-schaumwein\/\" \/>\n<meta property=\"og:locale\" content=\"de_DE\" \/>\n<meta property=\"og:type\" content=\"article\" \/>\n<meta property=\"og:title\" content=\"Coeytaux Jean-Daniel - Vigneron - Encaveur - Vin Joyeux (Schaumwein)\" \/>\n<meta property=\"og:description\" content=\"75 cl\" \/>\n<meta property=\"og:url\" content=\"https:\/\/coeytaux-vins.ch\/de\/nos-vins\/vin-joyeux-schaumwein\/\" \/>\n<meta property=\"og:site_name\" content=\"Coeytaux Jean-Daniel\" \/>\n<meta property=\"article:publisher\" content=\"https:\/\/www.facebook.com\/cavejeandaniel.coeytaux\" \/>\n<meta property=\"article:modified_time\" content=\"2022-05-03T09:36:13+00:00\" \/>\n<meta property=\"og:image\" content=\"https:\/\/coeytaux-vins.ch\/wp-content\/uploads\/2020\/03\/Vin-Joyeux-75-cl-LR-min.png\" \/>\n\t<meta property=\"og:image:width\" content=\"719\" \/>\n\t<meta property=\"og:image:height\" content=\"1772\" \/>\n\t<meta property=\"og:image:type\" content=\"image\/png\" \/>\n<meta name=\"twitter:card\" content=\"summary_large_image\" \/>\n<meta name=\"twitter:site\" content=\"@CaveJDC\" \/>\n<meta name=\"twitter:label1\" content=\"Gesch\u00e4tzte Lesezeit\" \/>\n\t<meta name=\"twitter:data1\" content=\"1\u00a0Minute\" \/>\n<script type=\"application\/ld+json\" class=\"yoast-schema-graph\">{\"@context\":\"https:\/\/schema.org\",\"@graph\":[{\"@type\":\"WebPage\",\"@id\":\"https:\/\/coeytaux-vins.ch\/de\/nos-vins\/vin-joyeux-schaumwein\/\",\"url\":\"https:\/\/coeytaux-vins.ch\/de\/nos-vins\/vin-joyeux-schaumwein\/\",\"name\":\"Coeytaux Jean-Daniel - Vigneron - Encaveur - Vin Joyeux (Schaumwein)\",\"isPartOf\":{\"@id\":\"https:\/\/coeytaux-vins.ch\/de\/#website\"},\"primaryImageOfPage\":{\"@id\":\"https:\/\/coeytaux-vins.ch\/de\/nos-vins\/vin-joyeux-schaumwein\/#primaryimage\"},\"image\":{\"@id\":\"https:\/\/coeytaux-vins.ch\/de\/nos-vins\/vin-joyeux-schaumwein\/#primaryimage\"},\"thumbnailUrl\":\"https:\/\/coeytaux-vins.ch\/wp-content\/uploads\/2020\/03\/Vin-Joyeux-75-cl-LR-min.png\",\"datePublished\":\"2019-12-01T13:54:42+00:00\",\"dateModified\":\"2022-05-03T09:36:13+00:00\",\"breadcrumb\":{\"@id\":\"https:\/\/coeytaux-vins.ch\/de\/nos-vins\/vin-joyeux-schaumwein\/#breadcrumb\"},\"inLanguage\":\"de\",\"potentialAction\":[{\"@type\":\"ReadAction\",\"target\":[\"https:\/\/coeytaux-vins.ch\/de\/nos-vins\/vin-joyeux-schaumwein\/\"]}]},{\"@type\":\"ImageObject\",\"inLanguage\":\"de\",\"@id\":\"https:\/\/coeytaux-vins.ch\/de\/nos-vins\/vin-joyeux-schaumwein\/#primaryimage\",\"url\":\"https:\/\/coeytaux-vins.ch\/wp-content\/uploads\/2020\/03\/Vin-Joyeux-75-cl-LR-min.png\",\"contentUrl\":\"https:\/\/coeytaux-vins.ch\/wp-content\/uploads\/2020\/03\/Vin-Joyeux-75-cl-LR-min.png\",\"width\":719,\"height\":1772},{\"@type\":\"BreadcrumbList\",\"@id\":\"https:\/\/coeytaux-vins.ch\/de\/nos-vins\/vin-joyeux-schaumwein\/#breadcrumb\",\"itemListElement\":[{\"@type\":\"ListItem\",\"position\":1,\"name\":\"Accueil\",\"item\":\"https:\/\/coeytaux-vins.ch\/de\/\"},{\"@type\":\"ListItem\",\"position\":2,\"name\":\"Unsere Weine\",\"item\":\"https:\/\/coeytaux-vins.ch\/fr\/nos-vins\/\"},{\"@type\":\"ListItem\",\"position\":3,\"name\":\"Vin Joyeux (Schaumwein)\"}]},{\"@type\":\"WebSite\",\"@id\":\"https:\/\/coeytaux-vins.ch\/de\/#website\",\"url\":\"https:\/\/coeytaux-vins.ch\/de\/\",\"name\":\"Coeytaux Jean-Daniel\",\"description\":\"Jean Daniel Coeytaux, Vigneron-Encaveur, Rue du Ch\u00e2teau 4, 1169 Yens-s\/Morges, Tel +41 21 800 47 38, Fax +41 21 800 47 57, Natel +41 79 276 30 47, jean-daniel@coeytaux-vins.ch\",\"publisher\":{\"@id\":\"https:\/\/coeytaux-vins.ch\/de\/#organization\"},\"potentialAction\":[{\"@type\":\"SearchAction\",\"target\":{\"@type\":\"EntryPoint\",\"urlTemplate\":\"https:\/\/coeytaux-vins.ch\/de\/?s={search_term_string}\"},\"query-input\":{\"@type\":\"PropertyValueSpecification\",\"valueRequired\":true,\"valueName\":\"search_term_string\"}}],\"inLanguage\":\"de\"},{\"@type\":\"Organization\",\"@id\":\"https:\/\/coeytaux-vins.ch\/de\/#organization\",\"name\":\"Jean-Daniel Coeytaux\",\"url\":\"https:\/\/coeytaux-vins.ch\/de\/\",\"logo\":{\"@type\":\"ImageObject\",\"inLanguage\":\"de\",\"@id\":\"https:\/\/coeytaux-vins.ch\/de\/#\/schema\/logo\/image\/\",\"url\":\"https:\/\/coeytaux-vins.ch\/wp-content\/uploads\/2020\/08\/Logo-Cave-Jean-Daniel-Coeytaux-Vigneron-Encaveur-e1598877479575.png\",\"contentUrl\":\"https:\/\/coeytaux-vins.ch\/wp-content\/uploads\/2020\/08\/Logo-Cave-Jean-Daniel-Coeytaux-Vigneron-Encaveur-e1598877479575.png\",\"width\":250,\"height\":176,\"caption\":\"Jean-Daniel Coeytaux\"},\"image\":{\"@id\":\"https:\/\/coeytaux-vins.ch\/de\/#\/schema\/logo\/image\/\"},\"sameAs\":[\"https:\/\/www.facebook.com\/cavejeandaniel.coeytaux\",\"https:\/\/x.com\/CaveJDC\",\"https:\/\/www.instagram.com\/cave_jean_daniel_coeytaux\/\"]}]}<\/script>\n<!-- \/ Yoast SEO plugin. -->","yoast_head_json":{"title":"Coeytaux Jean-Daniel - Vigneron - Encaveur - Vin Joyeux (Schaumwein)","robots":{"index":"index","follow":"follow","max-snippet":"max-snippet:-1","max-image-preview":"max-image-preview:large","max-video-preview":"max-video-preview:-1"},"canonical":"https:\/\/coeytaux-vins.ch\/de\/nos-vins\/vin-joyeux-schaumwein\/","og_locale":"de_DE","og_type":"article","og_title":"Coeytaux Jean-Daniel - Vigneron - Encaveur - Vin Joyeux (Schaumwein)","og_description":"75 cl","og_url":"https:\/\/coeytaux-vins.ch\/de\/nos-vins\/vin-joyeux-schaumwein\/","og_site_name":"Coeytaux Jean-Daniel","article_publisher":"https:\/\/www.facebook.com\/cavejeandaniel.coeytaux","article_modified_time":"2022-05-03T09:36:13+00:00","og_image":[{"width":719,"height":1772,"url":"https:\/\/coeytaux-vins.ch\/wp-content\/uploads\/2020\/03\/Vin-Joyeux-75-cl-LR-min.png","type":"image\/png"}],"twitter_card":"summary_large_image","twitter_site":"@CaveJDC","twitter_misc":{"Gesch\u00e4tzte Lesezeit":"1\u00a0Minute"},"schema":{"@context":"https:\/\/schema.org","@graph":[{"@type":"WebPage","@id":"https:\/\/coeytaux-vins.ch\/de\/nos-vins\/vin-joyeux-schaumwein\/","url":"https:\/\/coeytaux-vins.ch\/de\/nos-vins\/vin-joyeux-schaumwein\/","name":"Coeytaux Jean-Daniel - Vigneron - Encaveur - Vin Joyeux (Schaumwein)","isPartOf":{"@id":"https:\/\/coeytaux-vins.ch\/de\/#website"},"primaryImageOfPage":{"@id":"https:\/\/coeytaux-vins.ch\/de\/nos-vins\/vin-joyeux-schaumwein\/#primaryimage"},"image":{"@id":"https:\/\/coeytaux-vins.ch\/de\/nos-vins\/vin-joyeux-schaumwein\/#primaryimage"},"thumbnailUrl":"https:\/\/coeytaux-vins.ch\/wp-content\/uploads\/2020\/03\/Vin-Joyeux-75-cl-LR-min.png","datePublished":"2019-12-01T13:54:42+00:00","dateModified":"2022-05-03T09:36:13+00:00","breadcrumb":{"@id":"https:\/\/coeytaux-vins.ch\/de\/nos-vins\/vin-joyeux-schaumwein\/#breadcrumb"},"inLanguage":"de","potentialAction":[{"@type":"ReadAction","target":["https:\/\/coeytaux-vins.ch\/de\/nos-vins\/vin-joyeux-schaumwein\/"]}]},{"@type":"ImageObject","inLanguage":"de","@id":"https:\/\/coeytaux-vins.ch\/de\/nos-vins\/vin-joyeux-schaumwein\/#primaryimage","url":"https:\/\/coeytaux-vins.ch\/wp-content\/uploads\/2020\/03\/Vin-Joyeux-75-cl-LR-min.png","contentUrl":"https:\/\/coeytaux-vins.ch\/wp-content\/uploads\/2020\/03\/Vin-Joyeux-75-cl-LR-min.png","width":719,"height":1772},{"@type":"BreadcrumbList","@id":"https:\/\/coeytaux-vins.ch\/de\/nos-vins\/vin-joyeux-schaumwein\/#breadcrumb","itemListElement":[{"@type":"ListItem","position":1,"name":"Accueil","item":"https:\/\/coeytaux-vins.ch\/de\/"},{"@type":"ListItem","position":2,"name":"Unsere Weine","item":"https:\/\/coeytaux-vins.ch\/fr\/nos-vins\/"},{"@type":"ListItem","position":3,"name":"Vin Joyeux (Schaumwein)"}]},{"@type":"WebSite","@id":"https:\/\/coeytaux-vins.ch\/de\/#website","url":"https:\/\/coeytaux-vins.ch\/de\/","name":"Coeytaux Jean-Daniel","description":"Jean Daniel Coeytaux, Vigneron-Encaveur, Rue du Ch\u00e2teau 4, 1169 Yens-s\/Morges, Tel +41 21 800 47 38, Fax +41 21 800 47 57, Natel +41 79 276 30 47, jean-daniel@coeytaux-vins.ch","publisher":{"@id":"https:\/\/coeytaux-vins.ch\/de\/#organization"},"potentialAction":[{"@type":"SearchAction","target":{"@type":"EntryPoint","urlTemplate":"https:\/\/coeytaux-vins.ch\/de\/?s={search_term_string}"},"query-input":{"@type":"PropertyValueSpecification","valueRequired":true,"valueName":"search_term_string"}}],"inLanguage":"de"},{"@type":"Organization","@id":"https:\/\/coeytaux-vins.ch\/de\/#organization","name":"Jean-Daniel Coeytaux","url":"https:\/\/coeytaux-vins.ch\/de\/","logo":{"@type":"ImageObject","inLanguage":"de","@id":"https:\/\/coeytaux-vins.ch\/de\/#\/schema\/logo\/image\/","url":"https:\/\/coeytaux-vins.ch\/wp-content\/uploads\/2020\/08\/Logo-Cave-Jean-Daniel-Coeytaux-Vigneron-Encaveur-e1598877479575.png","contentUrl":"https:\/\/coeytaux-vins.ch\/wp-content\/uploads\/2020\/08\/Logo-Cave-Jean-Daniel-Coeytaux-Vigneron-Encaveur-e1598877479575.png","width":250,"height":176,"caption":"Jean-Daniel Coeytaux"},"image":{"@id":"https:\/\/coeytaux-vins.ch\/de\/#\/schema\/logo\/image\/"},"sameAs":["https:\/\/www.facebook.com\/cavejeandaniel.coeytaux","https:\/\/x.com\/CaveJDC","https:\/\/www.instagram.com\/cave_jean_daniel_coeytaux\/"]}]}},"_links":{"self":[{"href":"https:\/\/coeytaux-vins.ch\/de\/wp-json\/wp\/v2\/product\/4724","targetHints":{"allow":["GET"]}}],"collection":[{"href":"https:\/\/coeytaux-vins.ch\/de\/wp-json\/wp\/v2\/product"}],"about":[{"href":"https:\/\/coeytaux-vins.ch\/de\/wp-json\/wp\/v2\/types\/product"}],"wp:featuredmedia":[{"embeddable":true,"href":"https:\/\/coeytaux-vins.ch\/de\/wp-json\/wp\/v2\/media\/3038"}],"wp:attachment":[{"href":"https:\/\/coeytaux-vins.ch\/de\/wp-json\/wp\/v2\/media?parent=4724"}],"wp:term":[{"taxonomy":"product_brand","embeddable":true,"href":"https:\/\/coeytaux-vins.ch\/de\/wp-json\/wp\/v2\/product_brand?post=4724"},{"taxonomy":"product_cat","embeddable":true,"href":"https:\/\/coeytaux-vins.ch\/de\/wp-json\/wp\/v2\/product_cat?post=4724"},{"taxonomy":"product_tag","embeddable":true,"href":"https:\/\/coeytaux-vins.ch\/de\/wp-json\/wp\/v2\/product_tag?post=4724"}],"curies":[{"name":"wp","href":"https:\/\/api.w.org\/{rel}","templated":true}]}}