{"id":4742,"date":"2019-10-09T16:33:21","date_gmt":"2019-10-09T16:33:21","guid":{"rendered":"https:\/\/coeytaux-vins.ch\/nos-vins\/assemblage-de-cepages-nobles\/"},"modified":"2026-01-12T00:46:56","modified_gmt":"2026-01-11T23:46:56","slug":"assemblage-de-cepages-nobles","status":"publish","type":"product","link":"https:\/\/coeytaux-vins.ch\/de\/nos-vins\/assemblage-de-cepages-nobles\/","title":{"rendered":"Assemblage de C\u00e9pages Nobles"},"content":{"rendered":"<p><strong>Beschreibung<br \/>\n<\/strong>Rotwein. Assemblage aus Garanoir, Gamaret und Gamay<\/p>\n<p><strong>Nase<br \/>\n<\/strong>Die verschiedenen Rebsorten verleihen diesem Wein ein elegantes und komplexes Bouqet<\/p>\n<p><strong>Gaumen<br \/>\n<\/strong>Dank seinem Aromenreichtum, seiner Komplexit\u00e4t und der sch\u00f6nen Pr\u00e4senz der Tannine verf\u00fcgt dieser Wein \u00fcber ein grosses Alterungspotential.<\/p>\n<p><strong>Begleitempfehlungen<br \/>\n<\/strong>&#8211; Ihre allerbesten Hauptg\u00e4nge<br \/>\n&#8211; Rotes Fleisch<br \/>\n&#8211; Wild<\/p>\n<p><strong>50 cl &#8211; CHF 11.50 (Karton 12 Flaschen)<br \/>\n<\/strong><strong>75 cl &#8211; CHF 16.50 (Karton 6 Flaschen)<\/strong><\/p>\n","protected":false},"excerpt":{"rendered":"<p>50 cl | 75 cl<\/p>\n","protected":false},"featured_media":3060,"template":"","meta":{"_et_pb_use_builder":"off","_et_pb_old_content":"<strong>Descriptif<\/strong>Vin rouge. Assemblage de Garanoir, Gamaret et Gamay.<strong>Au nez<\/strong>Les diff\u00e9rents c\u00e9pages assembl\u00e9s dans ce vin lui donnent un bouquet \u00e9l\u00e9gant et complexe.<strong>En bouche<\/strong>Richesse, complexit\u00e9 et belle pr\u00e9sence tanique conf\u00e8rent \u00e0 ce vin un merveilleux potentiel de vieillissement.<strong>Id\u00e9es d\u2019accompagnement<\/strong>- Vos mets les plus \u00e9labor\u00e9s- Viandes rouges- Gibier.<strong>50 cl - CHF 11.50 (carton de 12 bouteilles)<\/strong><strong>75 cl - CHF 16.00 (carton de 6 bouteilles)<\/strong>","_et_gb_content_width":"","inline_featured_image":false},"product_brand":[],"product_cat":[151],"product_tag":[],"class_list":{"0":"post-4742","1":"product","2":"type-product","3":"status-publish","4":"has-post-thumbnail","6":"product_cat-rotweine","8":"first","9":"instock","10":"featured","11":"shipping-taxable","12":"purchasable","13":"product-type-variable"},"yoast_head":"<!-- This site is optimized with the Yoast SEO plugin v26.4 - https:\/\/yoast.com\/wordpress\/plugins\/seo\/ -->\n<title>Coeytaux Jean-Daniel - Vigneron - Encaveur - Assemblage de C\u00e9pages Nobles<\/title>\n<meta name=\"robots\" content=\"index, follow, max-snippet:-1, max-image-preview:large, max-video-preview:-1\" \/>\n<link rel=\"canonical\" href=\"https:\/\/coeytaux-vins.ch\/de\/nos-vins\/assemblage-de-cepages-nobles\/\" \/>\n<meta property=\"og:locale\" content=\"de_DE\" \/>\n<meta property=\"og:type\" content=\"article\" \/>\n<meta property=\"og:title\" content=\"Coeytaux Jean-Daniel - Vigneron - Encaveur - Assemblage de C\u00e9pages Nobles\" \/>\n<meta property=\"og:description\" content=\"50 cl | 75 cl\" \/>\n<meta property=\"og:url\" content=\"https:\/\/coeytaux-vins.ch\/de\/nos-vins\/assemblage-de-cepages-nobles\/\" \/>\n<meta property=\"og:site_name\" content=\"Coeytaux Jean-Daniel\" \/>\n<meta property=\"article:publisher\" content=\"https:\/\/www.facebook.com\/cavejeandaniel.coeytaux\" \/>\n<meta property=\"article:modified_time\" content=\"2026-01-11T23:46:56+00:00\" \/>\n<meta property=\"og:image\" content=\"https:\/\/coeytaux-vins.ch\/wp-content\/uploads\/2020\/03\/Assemblage-de-C\u00e9pages-Nobles-50-cl-LR-min-1.png\" \/>\n\t<meta property=\"og:image:width\" content=\"646\" \/>\n\t<meta property=\"og:image:height\" content=\"1772\" \/>\n\t<meta property=\"og:image:type\" content=\"image\/png\" \/>\n<meta name=\"twitter:card\" content=\"summary_large_image\" \/>\n<meta name=\"twitter:site\" content=\"@CaveJDC\" \/>\n<meta name=\"twitter:label1\" content=\"Gesch\u00e4tzte Lesezeit\" \/>\n\t<meta name=\"twitter:data1\" content=\"1\u00a0Minute\" \/>\n<script type=\"application\/ld+json\" class=\"yoast-schema-graph\">{\"@context\":\"https:\/\/schema.org\",\"@graph\":[{\"@type\":\"WebPage\",\"@id\":\"https:\/\/coeytaux-vins.ch\/de\/nos-vins\/assemblage-de-cepages-nobles\/\",\"url\":\"https:\/\/coeytaux-vins.ch\/de\/nos-vins\/assemblage-de-cepages-nobles\/\",\"name\":\"Coeytaux Jean-Daniel - Vigneron - Encaveur - Assemblage de C\u00e9pages Nobles\",\"isPartOf\":{\"@id\":\"https:\/\/coeytaux-vins.ch\/de\/#website\"},\"primaryImageOfPage\":{\"@id\":\"https:\/\/coeytaux-vins.ch\/de\/nos-vins\/assemblage-de-cepages-nobles\/#primaryimage\"},\"image\":{\"@id\":\"https:\/\/coeytaux-vins.ch\/de\/nos-vins\/assemblage-de-cepages-nobles\/#primaryimage\"},\"thumbnailUrl\":\"https:\/\/coeytaux-vins.ch\/wp-content\/uploads\/2020\/03\/Assemblage-de-C\u00e9pages-Nobles-50-cl-LR-min-1.png\",\"datePublished\":\"2019-10-09T16:33:21+00:00\",\"dateModified\":\"2026-01-11T23:46:56+00:00\",\"breadcrumb\":{\"@id\":\"https:\/\/coeytaux-vins.ch\/de\/nos-vins\/assemblage-de-cepages-nobles\/#breadcrumb\"},\"inLanguage\":\"de\",\"potentialAction\":[{\"@type\":\"ReadAction\",\"target\":[\"https:\/\/coeytaux-vins.ch\/de\/nos-vins\/assemblage-de-cepages-nobles\/\"]}]},{\"@type\":\"ImageObject\",\"inLanguage\":\"de\",\"@id\":\"https:\/\/coeytaux-vins.ch\/de\/nos-vins\/assemblage-de-cepages-nobles\/#primaryimage\",\"url\":\"https:\/\/coeytaux-vins.ch\/wp-content\/uploads\/2020\/03\/Assemblage-de-C\u00e9pages-Nobles-50-cl-LR-min-1.png\",\"contentUrl\":\"https:\/\/coeytaux-vins.ch\/wp-content\/uploads\/2020\/03\/Assemblage-de-C\u00e9pages-Nobles-50-cl-LR-min-1.png\",\"width\":646,\"height\":1772},{\"@type\":\"BreadcrumbList\",\"@id\":\"https:\/\/coeytaux-vins.ch\/de\/nos-vins\/assemblage-de-cepages-nobles\/#breadcrumb\",\"itemListElement\":[{\"@type\":\"ListItem\",\"position\":1,\"name\":\"Accueil\",\"item\":\"https:\/\/coeytaux-vins.ch\/de\/\"},{\"@type\":\"ListItem\",\"position\":2,\"name\":\"Unsere Weine\",\"item\":\"https:\/\/coeytaux-vins.ch\/fr\/nos-vins\/\"},{\"@type\":\"ListItem\",\"position\":3,\"name\":\"Assemblage de C\u00e9pages Nobles\"}]},{\"@type\":\"WebSite\",\"@id\":\"https:\/\/coeytaux-vins.ch\/de\/#website\",\"url\":\"https:\/\/coeytaux-vins.ch\/de\/\",\"name\":\"Coeytaux Jean-Daniel\",\"description\":\"Jean Daniel Coeytaux, Vigneron-Encaveur, Rue du Ch\u00e2teau 4, 1169 Yens-s\/Morges, Tel +41 21 800 47 38, Fax +41 21 800 47 57, Natel +41 79 276 30 47, jean-daniel@coeytaux-vins.ch\",\"publisher\":{\"@id\":\"https:\/\/coeytaux-vins.ch\/de\/#organization\"},\"potentialAction\":[{\"@type\":\"SearchAction\",\"target\":{\"@type\":\"EntryPoint\",\"urlTemplate\":\"https:\/\/coeytaux-vins.ch\/de\/?s={search_term_string}\"},\"query-input\":{\"@type\":\"PropertyValueSpecification\",\"valueRequired\":true,\"valueName\":\"search_term_string\"}}],\"inLanguage\":\"de\"},{\"@type\":\"Organization\",\"@id\":\"https:\/\/coeytaux-vins.ch\/de\/#organization\",\"name\":\"Jean-Daniel Coeytaux\",\"url\":\"https:\/\/coeytaux-vins.ch\/de\/\",\"logo\":{\"@type\":\"ImageObject\",\"inLanguage\":\"de\",\"@id\":\"https:\/\/coeytaux-vins.ch\/de\/#\/schema\/logo\/image\/\",\"url\":\"https:\/\/coeytaux-vins.ch\/wp-content\/uploads\/2020\/08\/Logo-Cave-Jean-Daniel-Coeytaux-Vigneron-Encaveur-e1598877479575.png\",\"contentUrl\":\"https:\/\/coeytaux-vins.ch\/wp-content\/uploads\/2020\/08\/Logo-Cave-Jean-Daniel-Coeytaux-Vigneron-Encaveur-e1598877479575.png\",\"width\":250,\"height\":176,\"caption\":\"Jean-Daniel Coeytaux\"},\"image\":{\"@id\":\"https:\/\/coeytaux-vins.ch\/de\/#\/schema\/logo\/image\/\"},\"sameAs\":[\"https:\/\/www.facebook.com\/cavejeandaniel.coeytaux\",\"https:\/\/x.com\/CaveJDC\",\"https:\/\/www.instagram.com\/cave_jean_daniel_coeytaux\/\"]}]}<\/script>\n<!-- \/ Yoast SEO plugin. -->","yoast_head_json":{"title":"Coeytaux Jean-Daniel - Vigneron - Encaveur - Assemblage de C\u00e9pages Nobles","robots":{"index":"index","follow":"follow","max-snippet":"max-snippet:-1","max-image-preview":"max-image-preview:large","max-video-preview":"max-video-preview:-1"},"canonical":"https:\/\/coeytaux-vins.ch\/de\/nos-vins\/assemblage-de-cepages-nobles\/","og_locale":"de_DE","og_type":"article","og_title":"Coeytaux Jean-Daniel - Vigneron - Encaveur - Assemblage de C\u00e9pages Nobles","og_description":"50 cl | 75 cl","og_url":"https:\/\/coeytaux-vins.ch\/de\/nos-vins\/assemblage-de-cepages-nobles\/","og_site_name":"Coeytaux Jean-Daniel","article_publisher":"https:\/\/www.facebook.com\/cavejeandaniel.coeytaux","article_modified_time":"2026-01-11T23:46:56+00:00","og_image":[{"width":646,"height":1772,"url":"https:\/\/coeytaux-vins.ch\/wp-content\/uploads\/2020\/03\/Assemblage-de-C\u00e9pages-Nobles-50-cl-LR-min-1.png","type":"image\/png"}],"twitter_card":"summary_large_image","twitter_site":"@CaveJDC","twitter_misc":{"Gesch\u00e4tzte Lesezeit":"1\u00a0Minute"},"schema":{"@context":"https:\/\/schema.org","@graph":[{"@type":"WebPage","@id":"https:\/\/coeytaux-vins.ch\/de\/nos-vins\/assemblage-de-cepages-nobles\/","url":"https:\/\/coeytaux-vins.ch\/de\/nos-vins\/assemblage-de-cepages-nobles\/","name":"Coeytaux Jean-Daniel - Vigneron - Encaveur - Assemblage de C\u00e9pages Nobles","isPartOf":{"@id":"https:\/\/coeytaux-vins.ch\/de\/#website"},"primaryImageOfPage":{"@id":"https:\/\/coeytaux-vins.ch\/de\/nos-vins\/assemblage-de-cepages-nobles\/#primaryimage"},"image":{"@id":"https:\/\/coeytaux-vins.ch\/de\/nos-vins\/assemblage-de-cepages-nobles\/#primaryimage"},"thumbnailUrl":"https:\/\/coeytaux-vins.ch\/wp-content\/uploads\/2020\/03\/Assemblage-de-C\u00e9pages-Nobles-50-cl-LR-min-1.png","datePublished":"2019-10-09T16:33:21+00:00","dateModified":"2026-01-11T23:46:56+00:00","breadcrumb":{"@id":"https:\/\/coeytaux-vins.ch\/de\/nos-vins\/assemblage-de-cepages-nobles\/#breadcrumb"},"inLanguage":"de","potentialAction":[{"@type":"ReadAction","target":["https:\/\/coeytaux-vins.ch\/de\/nos-vins\/assemblage-de-cepages-nobles\/"]}]},{"@type":"ImageObject","inLanguage":"de","@id":"https:\/\/coeytaux-vins.ch\/de\/nos-vins\/assemblage-de-cepages-nobles\/#primaryimage","url":"https:\/\/coeytaux-vins.ch\/wp-content\/uploads\/2020\/03\/Assemblage-de-C\u00e9pages-Nobles-50-cl-LR-min-1.png","contentUrl":"https:\/\/coeytaux-vins.ch\/wp-content\/uploads\/2020\/03\/Assemblage-de-C\u00e9pages-Nobles-50-cl-LR-min-1.png","width":646,"height":1772},{"@type":"BreadcrumbList","@id":"https:\/\/coeytaux-vins.ch\/de\/nos-vins\/assemblage-de-cepages-nobles\/#breadcrumb","itemListElement":[{"@type":"ListItem","position":1,"name":"Accueil","item":"https:\/\/coeytaux-vins.ch\/de\/"},{"@type":"ListItem","position":2,"name":"Unsere Weine","item":"https:\/\/coeytaux-vins.ch\/fr\/nos-vins\/"},{"@type":"ListItem","position":3,"name":"Assemblage de C\u00e9pages Nobles"}]},{"@type":"WebSite","@id":"https:\/\/coeytaux-vins.ch\/de\/#website","url":"https:\/\/coeytaux-vins.ch\/de\/","name":"Coeytaux Jean-Daniel","description":"Jean Daniel Coeytaux, Vigneron-Encaveur, Rue du Ch\u00e2teau 4, 1169 Yens-s\/Morges, Tel +41 21 800 47 38, Fax +41 21 800 47 57, Natel +41 79 276 30 47, jean-daniel@coeytaux-vins.ch","publisher":{"@id":"https:\/\/coeytaux-vins.ch\/de\/#organization"},"potentialAction":[{"@type":"SearchAction","target":{"@type":"EntryPoint","urlTemplate":"https:\/\/coeytaux-vins.ch\/de\/?s={search_term_string}"},"query-input":{"@type":"PropertyValueSpecification","valueRequired":true,"valueName":"search_term_string"}}],"inLanguage":"de"},{"@type":"Organization","@id":"https:\/\/coeytaux-vins.ch\/de\/#organization","name":"Jean-Daniel Coeytaux","url":"https:\/\/coeytaux-vins.ch\/de\/","logo":{"@type":"ImageObject","inLanguage":"de","@id":"https:\/\/coeytaux-vins.ch\/de\/#\/schema\/logo\/image\/","url":"https:\/\/coeytaux-vins.ch\/wp-content\/uploads\/2020\/08\/Logo-Cave-Jean-Daniel-Coeytaux-Vigneron-Encaveur-e1598877479575.png","contentUrl":"https:\/\/coeytaux-vins.ch\/wp-content\/uploads\/2020\/08\/Logo-Cave-Jean-Daniel-Coeytaux-Vigneron-Encaveur-e1598877479575.png","width":250,"height":176,"caption":"Jean-Daniel Coeytaux"},"image":{"@id":"https:\/\/coeytaux-vins.ch\/de\/#\/schema\/logo\/image\/"},"sameAs":["https:\/\/www.facebook.com\/cavejeandaniel.coeytaux","https:\/\/x.com\/CaveJDC","https:\/\/www.instagram.com\/cave_jean_daniel_coeytaux\/"]}]}},"_links":{"self":[{"href":"https:\/\/coeytaux-vins.ch\/de\/wp-json\/wp\/v2\/product\/4742","targetHints":{"allow":["GET"]}}],"collection":[{"href":"https:\/\/coeytaux-vins.ch\/de\/wp-json\/wp\/v2\/product"}],"about":[{"href":"https:\/\/coeytaux-vins.ch\/de\/wp-json\/wp\/v2\/types\/product"}],"wp:featuredmedia":[{"embeddable":true,"href":"https:\/\/coeytaux-vins.ch\/de\/wp-json\/wp\/v2\/media\/3060"}],"wp:attachment":[{"href":"https:\/\/coeytaux-vins.ch\/de\/wp-json\/wp\/v2\/media?parent=4742"}],"wp:term":[{"taxonomy":"product_brand","embeddable":true,"href":"https:\/\/coeytaux-vins.ch\/de\/wp-json\/wp\/v2\/product_brand?post=4742"},{"taxonomy":"product_cat","embeddable":true,"href":"https:\/\/coeytaux-vins.ch\/de\/wp-json\/wp\/v2\/product_cat?post=4742"},{"taxonomy":"product_tag","embeddable":true,"href":"https:\/\/coeytaux-vins.ch\/de\/wp-json\/wp\/v2\/product_tag?post=4742"}],"curies":[{"name":"wp","href":"https:\/\/api.w.org\/{rel}","templated":true}]}}