{"id":4715,"date":"2019-08-08T09:55:40","date_gmt":"2019-08-08T08:55:40","guid":{"rendered":"https:\/\/coeytaux-vins.ch\/nos-vins\/discovery-box-frechness\/"},"modified":"2026-02-25T15:13:11","modified_gmt":"2026-02-25T14:13:11","slug":"discovery-box-frechness","status":"publish","type":"product","link":"https:\/\/coeytaux-vins.ch\/en\/nos-vins\/discovery-box-frechness\/","title":{"rendered":"Discovery Box &#8220;Freshness&#8221;"},"content":{"rendered":"<p>&#8211; Chasselas<br \/>\n&#8211; Doral<br \/>\n&#8211; Pinot Gris<br \/>\n&#8211; Blanc de Noir<br \/>\n&#8211; Vin Joyeux<br \/>\n&#8211; Ros\u00e9 de Gamay<\/p>\n<p><strong>For your tasting, we will give you an illustrated and commented description of these wines.<\/strong><\/p>\n","protected":false},"excerpt":{"rendered":"<p>75 cl<\/p>\n","protected":false},"featured_media":3915,"template":"","meta":{"_et_pb_use_builder":"off","_et_pb_old_content":"<strong>Descriptif<\/strong>Seules les vignes plant\u00e9es en Pinot Noir, clone Salvagnin, situ\u00e9es dans l\u2019aire de l\u2019appellation Morges ont droit \u00e0 l\u2019appellation Servagnin de Morges. La production maximum ne doit pas d\u00e9passer 50 hectolitres \u00e0 l\u2019hectare et son raisin doit atteindre un minimum de 82 degr\u00e9s Oechsl\u00e9. Vinifi\u00e9 obligatoirement en barrique de ch\u00eane son \u00e9levage doit durer au moins 16 mois. Il ne peut pas \u00eatre commercialis\u00e9 avant le 1er avril de chaque ann\u00e9e. La Commission du Servagnin qui contr\u00f4le toutes ces normes attribue l\u2019appellation Servagnin de Morges apr\u00e8s avoir jug\u00e9 par une s\u00e9v\u00e8re d\u00e9gustation que les qualit\u00e9s obtenues correspondent \u00e0 la haute d\u00e9finition exig\u00e9e. Les bouteilles ayant obtenu l\u2019agr\u00e9ment portent la capsule rouge d\u2019authentification Servagnin de Morges.<strong>Au nez<\/strong>Ar\u00f4mes traditionnels du Servagnin, les fruits rouges, la framboise m\u00fbre et quelques ar\u00f4mes poivr\u00e9s et fum\u00e9s donn\u00e9s par l\u2019\u00e9levage en barrique.<strong>En bouche<\/strong>Vin \u00e9quilibr\u00e9 et puissant. Tanins enrob\u00e9s.<strong>Id\u00e9es d\u2019accompagnement<\/strong>- Viandes rouges- Plateaux de fromages- Mets relev\u00e9s<strong>75 cl - CHF 23.00 (carton de 6 bouteilles)<\/strong>","_et_gb_content_width":"","inline_featured_image":false},"product_brand":[],"product_cat":[138,148,146],"product_tag":[],"class_list":{"0":"post-4715","1":"product","2":"type-product","3":"status-publish","4":"has-post-thumbnail","6":"product_cat-discovery-box","7":"product_cat-rose-wines","8":"product_cat-white-wines","10":"first","11":"instock","12":"featured","13":"shipping-taxable","14":"purchasable","15":"product-type-simple"},"yoast_head":"<!-- This site is optimized with the Yoast SEO plugin v26.4 - https:\/\/yoast.com\/wordpress\/plugins\/seo\/ -->\n<title>Coeytaux Jean-Daniel - Vigneron - Encaveur - Discovery Box &quot;Freshness&quot;<\/title>\n<meta name=\"robots\" content=\"index, follow, max-snippet:-1, max-image-preview:large, max-video-preview:-1\" \/>\n<link rel=\"canonical\" href=\"https:\/\/coeytaux-vins.ch\/en\/nos-vins\/discovery-box-frechness\/\" \/>\n<meta property=\"og:locale\" content=\"en_US\" \/>\n<meta property=\"og:type\" content=\"article\" \/>\n<meta property=\"og:title\" content=\"Coeytaux Jean-Daniel - Vigneron - Encaveur - Discovery Box &quot;Freshness&quot;\" \/>\n<meta property=\"og:description\" content=\"75 cl\" \/>\n<meta property=\"og:url\" content=\"https:\/\/coeytaux-vins.ch\/en\/nos-vins\/discovery-box-frechness\/\" \/>\n<meta property=\"og:site_name\" content=\"Coeytaux Jean-Daniel\" \/>\n<meta property=\"article:publisher\" content=\"https:\/\/www.facebook.com\/cavejeandaniel.coeytaux\" \/>\n<meta property=\"article:modified_time\" content=\"2026-02-25T14:13:11+00:00\" \/>\n<meta property=\"og:image\" content=\"https:\/\/coeytaux-vins.ch\/wp-content\/uploads\/2019\/08\/carton-fraicheur-1024x1024.png\" \/>\n\t<meta property=\"og:image:width\" content=\"1024\" \/>\n\t<meta property=\"og:image:height\" content=\"1024\" \/>\n\t<meta property=\"og:image:type\" content=\"image\/png\" \/>\n<meta name=\"twitter:card\" content=\"summary_large_image\" \/>\n<meta name=\"twitter:site\" content=\"@CaveJDC\" \/>\n<meta name=\"twitter:label1\" content=\"Est. reading time\" \/>\n\t<meta name=\"twitter:data1\" content=\"1 minute\" \/>\n<script type=\"application\/ld+json\" class=\"yoast-schema-graph\">{\"@context\":\"https:\/\/schema.org\",\"@graph\":[{\"@type\":\"WebPage\",\"@id\":\"https:\/\/coeytaux-vins.ch\/en\/nos-vins\/discovery-box-frechness\/\",\"url\":\"https:\/\/coeytaux-vins.ch\/en\/nos-vins\/discovery-box-frechness\/\",\"name\":\"Coeytaux Jean-Daniel - Vigneron - Encaveur - Discovery Box \\\"Freshness\\\"\",\"isPartOf\":{\"@id\":\"https:\/\/coeytaux-vins.ch\/en\/#website\"},\"primaryImageOfPage\":{\"@id\":\"https:\/\/coeytaux-vins.ch\/en\/nos-vins\/discovery-box-frechness\/#primaryimage\"},\"image\":{\"@id\":\"https:\/\/coeytaux-vins.ch\/en\/nos-vins\/discovery-box-frechness\/#primaryimage\"},\"thumbnailUrl\":\"https:\/\/coeytaux-vins.ch\/wp-content\/uploads\/2019\/08\/carton-fraicheur.png\",\"datePublished\":\"2019-08-08T08:55:40+00:00\",\"dateModified\":\"2026-02-25T14:13:11+00:00\",\"breadcrumb\":{\"@id\":\"https:\/\/coeytaux-vins.ch\/en\/nos-vins\/discovery-box-frechness\/#breadcrumb\"},\"inLanguage\":\"en-US\",\"potentialAction\":[{\"@type\":\"ReadAction\",\"target\":[\"https:\/\/coeytaux-vins.ch\/en\/nos-vins\/discovery-box-frechness\/\"]}]},{\"@type\":\"ImageObject\",\"inLanguage\":\"en-US\",\"@id\":\"https:\/\/coeytaux-vins.ch\/en\/nos-vins\/discovery-box-frechness\/#primaryimage\",\"url\":\"https:\/\/coeytaux-vins.ch\/wp-content\/uploads\/2019\/08\/carton-fraicheur.png\",\"contentUrl\":\"https:\/\/coeytaux-vins.ch\/wp-content\/uploads\/2019\/08\/carton-fraicheur.png\",\"width\":1700,\"height\":1700},{\"@type\":\"BreadcrumbList\",\"@id\":\"https:\/\/coeytaux-vins.ch\/en\/nos-vins\/discovery-box-frechness\/#breadcrumb\",\"itemListElement\":[{\"@type\":\"ListItem\",\"position\":1,\"name\":\"Accueil\",\"item\":\"https:\/\/coeytaux-vins.ch\/en\/\"},{\"@type\":\"ListItem\",\"position\":2,\"name\":\"Our Wines\",\"item\":\"https:\/\/coeytaux-vins.ch\/fr\/nos-vins\/\"},{\"@type\":\"ListItem\",\"position\":3,\"name\":\"Discovery Box \u00ab\u00a0Freshness\u00a0\u00bb\"}]},{\"@type\":\"WebSite\",\"@id\":\"https:\/\/coeytaux-vins.ch\/en\/#website\",\"url\":\"https:\/\/coeytaux-vins.ch\/en\/\",\"name\":\"Coeytaux Jean-Daniel\",\"description\":\"Jean Daniel Coeytaux, Vigneron-Encaveur, Rue du Ch\u00e2teau 4, 1169 Yens-s\/Morges, Tel +41 21 800 47 38, Fax +41 21 800 47 57, Natel +41 79 276 30 47, jean-daniel@coeytaux-vins.ch\",\"publisher\":{\"@id\":\"https:\/\/coeytaux-vins.ch\/en\/#organization\"},\"potentialAction\":[{\"@type\":\"SearchAction\",\"target\":{\"@type\":\"EntryPoint\",\"urlTemplate\":\"https:\/\/coeytaux-vins.ch\/en\/?s={search_term_string}\"},\"query-input\":{\"@type\":\"PropertyValueSpecification\",\"valueRequired\":true,\"valueName\":\"search_term_string\"}}],\"inLanguage\":\"en-US\"},{\"@type\":\"Organization\",\"@id\":\"https:\/\/coeytaux-vins.ch\/en\/#organization\",\"name\":\"Jean-Daniel Coeytaux\",\"url\":\"https:\/\/coeytaux-vins.ch\/en\/\",\"logo\":{\"@type\":\"ImageObject\",\"inLanguage\":\"en-US\",\"@id\":\"https:\/\/coeytaux-vins.ch\/en\/#\/schema\/logo\/image\/\",\"url\":\"https:\/\/coeytaux-vins.ch\/wp-content\/uploads\/2020\/08\/Logo-Cave-Jean-Daniel-Coeytaux-Vigneron-Encaveur-e1598877479575.png\",\"contentUrl\":\"https:\/\/coeytaux-vins.ch\/wp-content\/uploads\/2020\/08\/Logo-Cave-Jean-Daniel-Coeytaux-Vigneron-Encaveur-e1598877479575.png\",\"width\":250,\"height\":176,\"caption\":\"Jean-Daniel Coeytaux\"},\"image\":{\"@id\":\"https:\/\/coeytaux-vins.ch\/en\/#\/schema\/logo\/image\/\"},\"sameAs\":[\"https:\/\/www.facebook.com\/cavejeandaniel.coeytaux\",\"https:\/\/x.com\/CaveJDC\",\"https:\/\/www.instagram.com\/cave_jean_daniel_coeytaux\/\"]}]}<\/script>\n<!-- \/ Yoast SEO plugin. -->","yoast_head_json":{"title":"Coeytaux Jean-Daniel - Vigneron - Encaveur - Discovery Box \"Freshness\"","robots":{"index":"index","follow":"follow","max-snippet":"max-snippet:-1","max-image-preview":"max-image-preview:large","max-video-preview":"max-video-preview:-1"},"canonical":"https:\/\/coeytaux-vins.ch\/en\/nos-vins\/discovery-box-frechness\/","og_locale":"en_US","og_type":"article","og_title":"Coeytaux Jean-Daniel - Vigneron - Encaveur - Discovery Box \"Freshness\"","og_description":"75 cl","og_url":"https:\/\/coeytaux-vins.ch\/en\/nos-vins\/discovery-box-frechness\/","og_site_name":"Coeytaux Jean-Daniel","article_publisher":"https:\/\/www.facebook.com\/cavejeandaniel.coeytaux","article_modified_time":"2026-02-25T14:13:11+00:00","og_image":[{"width":1024,"height":1024,"url":"https:\/\/coeytaux-vins.ch\/wp-content\/uploads\/2019\/08\/carton-fraicheur-1024x1024.png","type":"image\/png"}],"twitter_card":"summary_large_image","twitter_site":"@CaveJDC","twitter_misc":{"Est. reading time":"1 minute"},"schema":{"@context":"https:\/\/schema.org","@graph":[{"@type":"WebPage","@id":"https:\/\/coeytaux-vins.ch\/en\/nos-vins\/discovery-box-frechness\/","url":"https:\/\/coeytaux-vins.ch\/en\/nos-vins\/discovery-box-frechness\/","name":"Coeytaux Jean-Daniel - Vigneron - Encaveur - Discovery Box \"Freshness\"","isPartOf":{"@id":"https:\/\/coeytaux-vins.ch\/en\/#website"},"primaryImageOfPage":{"@id":"https:\/\/coeytaux-vins.ch\/en\/nos-vins\/discovery-box-frechness\/#primaryimage"},"image":{"@id":"https:\/\/coeytaux-vins.ch\/en\/nos-vins\/discovery-box-frechness\/#primaryimage"},"thumbnailUrl":"https:\/\/coeytaux-vins.ch\/wp-content\/uploads\/2019\/08\/carton-fraicheur.png","datePublished":"2019-08-08T08:55:40+00:00","dateModified":"2026-02-25T14:13:11+00:00","breadcrumb":{"@id":"https:\/\/coeytaux-vins.ch\/en\/nos-vins\/discovery-box-frechness\/#breadcrumb"},"inLanguage":"en-US","potentialAction":[{"@type":"ReadAction","target":["https:\/\/coeytaux-vins.ch\/en\/nos-vins\/discovery-box-frechness\/"]}]},{"@type":"ImageObject","inLanguage":"en-US","@id":"https:\/\/coeytaux-vins.ch\/en\/nos-vins\/discovery-box-frechness\/#primaryimage","url":"https:\/\/coeytaux-vins.ch\/wp-content\/uploads\/2019\/08\/carton-fraicheur.png","contentUrl":"https:\/\/coeytaux-vins.ch\/wp-content\/uploads\/2019\/08\/carton-fraicheur.png","width":1700,"height":1700},{"@type":"BreadcrumbList","@id":"https:\/\/coeytaux-vins.ch\/en\/nos-vins\/discovery-box-frechness\/#breadcrumb","itemListElement":[{"@type":"ListItem","position":1,"name":"Accueil","item":"https:\/\/coeytaux-vins.ch\/en\/"},{"@type":"ListItem","position":2,"name":"Our Wines","item":"https:\/\/coeytaux-vins.ch\/fr\/nos-vins\/"},{"@type":"ListItem","position":3,"name":"Discovery Box \u00ab\u00a0Freshness\u00a0\u00bb"}]},{"@type":"WebSite","@id":"https:\/\/coeytaux-vins.ch\/en\/#website","url":"https:\/\/coeytaux-vins.ch\/en\/","name":"Coeytaux Jean-Daniel","description":"Jean Daniel Coeytaux, Vigneron-Encaveur, Rue du Ch\u00e2teau 4, 1169 Yens-s\/Morges, Tel +41 21 800 47 38, Fax +41 21 800 47 57, Natel +41 79 276 30 47, jean-daniel@coeytaux-vins.ch","publisher":{"@id":"https:\/\/coeytaux-vins.ch\/en\/#organization"},"potentialAction":[{"@type":"SearchAction","target":{"@type":"EntryPoint","urlTemplate":"https:\/\/coeytaux-vins.ch\/en\/?s={search_term_string}"},"query-input":{"@type":"PropertyValueSpecification","valueRequired":true,"valueName":"search_term_string"}}],"inLanguage":"en-US"},{"@type":"Organization","@id":"https:\/\/coeytaux-vins.ch\/en\/#organization","name":"Jean-Daniel Coeytaux","url":"https:\/\/coeytaux-vins.ch\/en\/","logo":{"@type":"ImageObject","inLanguage":"en-US","@id":"https:\/\/coeytaux-vins.ch\/en\/#\/schema\/logo\/image\/","url":"https:\/\/coeytaux-vins.ch\/wp-content\/uploads\/2020\/08\/Logo-Cave-Jean-Daniel-Coeytaux-Vigneron-Encaveur-e1598877479575.png","contentUrl":"https:\/\/coeytaux-vins.ch\/wp-content\/uploads\/2020\/08\/Logo-Cave-Jean-Daniel-Coeytaux-Vigneron-Encaveur-e1598877479575.png","width":250,"height":176,"caption":"Jean-Daniel Coeytaux"},"image":{"@id":"https:\/\/coeytaux-vins.ch\/en\/#\/schema\/logo\/image\/"},"sameAs":["https:\/\/www.facebook.com\/cavejeandaniel.coeytaux","https:\/\/x.com\/CaveJDC","https:\/\/www.instagram.com\/cave_jean_daniel_coeytaux\/"]}]}},"_links":{"self":[{"href":"https:\/\/coeytaux-vins.ch\/en\/wp-json\/wp\/v2\/product\/4715","targetHints":{"allow":["GET"]}}],"collection":[{"href":"https:\/\/coeytaux-vins.ch\/en\/wp-json\/wp\/v2\/product"}],"about":[{"href":"https:\/\/coeytaux-vins.ch\/en\/wp-json\/wp\/v2\/types\/product"}],"wp:featuredmedia":[{"embeddable":true,"href":"https:\/\/coeytaux-vins.ch\/en\/wp-json\/wp\/v2\/media\/3915"}],"wp:attachment":[{"href":"https:\/\/coeytaux-vins.ch\/en\/wp-json\/wp\/v2\/media?parent=4715"}],"wp:term":[{"taxonomy":"product_brand","embeddable":true,"href":"https:\/\/coeytaux-vins.ch\/en\/wp-json\/wp\/v2\/product_brand?post=4715"},{"taxonomy":"product_cat","embeddable":true,"href":"https:\/\/coeytaux-vins.ch\/en\/wp-json\/wp\/v2\/product_cat?post=4715"},{"taxonomy":"product_tag","embeddable":true,"href":"https:\/\/coeytaux-vins.ch\/en\/wp-json\/wp\/v2\/product_tag?post=4715"}],"curies":[{"name":"wp","href":"https:\/\/api.w.org\/{rel}","templated":true}]}}