{"id":4731,"date":"2019-12-09T15:17:00","date_gmt":"2019-12-09T14:17:00","guid":{"rendered":"https:\/\/coeytaux-vins.ch\/nos-vins\/pinot-gris\/"},"modified":"2025-05-08T12:50:36","modified_gmt":"2025-05-08T11:50:36","slug":"pinot-gris","status":"publish","type":"product","link":"https:\/\/coeytaux-vins.ch\/en\/nos-vins\/pinot-gris\/","title":{"rendered":"Pinot Gris"},"content":{"rendered":"<p><strong>Definition<br \/>\n<\/strong>White wine. It is at its best after aging for 1 or 2 years.<\/p>\n<p><strong>Nose<br \/>\n<\/strong>Fruity aromas of pear, quince and candied fruit.<\/p>\n<p><strong>Taste<br \/>\n<\/strong>This Pinot Gris offers plenty of richness and expression.<\/p>\n<p><strong>Best paired with<br \/>\n<\/strong>Ap\u00e9ritif Starters Sea food White meat<\/p>\n<p><strong>75 cl &#8211; CHF 16.00 (6 bottles box)<\/strong><\/p>\n","protected":false},"excerpt":{"rendered":"<p>75 cl<\/p>\n","protected":false},"featured_media":3133,"template":"","meta":{"_et_pb_use_builder":"off","_et_pb_old_content":"<strong>Descriptif<\/strong>Vin blanc. Ce vin demande de la maturit\u00e9 et donne son plein potentiel apr\u00e8s 1 \u00e0 2 ann\u00e9es.<strong>Au nez<\/strong>Ar\u00f4mes fruit\u00e9s de poires, coings et fruits confits.<strong>En bouche<\/strong>Ce Pinot Gris se caract\u00e9rise par sa richesse et son volume en bouche.<strong>Id\u00e9es d\u2019accompagnement<\/strong>- En ap\u00e9ritif- Entr\u00e9es- Fruits de mer- Viandes blanches<strong>75 cl - CHF 15.00 (carton de 6 bouteilles)<\/strong>","_et_gb_content_width":"","inline_featured_image":false},"product_brand":[],"product_cat":[146],"product_tag":[],"class_list":{"0":"post-4731","1":"product","2":"type-product","3":"status-publish","4":"has-post-thumbnail","6":"product_cat-white-wines","8":"first","9":"instock","10":"featured","11":"shipping-taxable","12":"purchasable","13":"product-type-simple"},"yoast_head":"<!-- This site is optimized with the Yoast SEO plugin v26.4 - https:\/\/yoast.com\/wordpress\/plugins\/seo\/ -->\n<title>Coeytaux Jean-Daniel - Vigneron - Encaveur - Pinot Gris<\/title>\n<meta name=\"robots\" content=\"index, follow, max-snippet:-1, max-image-preview:large, max-video-preview:-1\" \/>\n<link rel=\"canonical\" href=\"https:\/\/coeytaux-vins.ch\/en\/nos-vins\/pinot-gris\/\" \/>\n<meta property=\"og:locale\" content=\"en_US\" \/>\n<meta property=\"og:type\" content=\"article\" \/>\n<meta property=\"og:title\" content=\"Coeytaux Jean-Daniel - Vigneron - Encaveur - Pinot Gris\" \/>\n<meta property=\"og:description\" content=\"75 cl\" \/>\n<meta property=\"og:url\" content=\"https:\/\/coeytaux-vins.ch\/en\/nos-vins\/pinot-gris\/\" \/>\n<meta property=\"og:site_name\" content=\"Coeytaux Jean-Daniel\" \/>\n<meta property=\"article:publisher\" content=\"https:\/\/www.facebook.com\/cavejeandaniel.coeytaux\" \/>\n<meta property=\"article:modified_time\" content=\"2025-05-08T11:50:36+00:00\" \/>\n<meta property=\"og:image\" content=\"https:\/\/coeytaux-vins.ch\/wp-content\/uploads\/2020\/03\/Pinot-Gris-75-cl-LR-min-2.png\" \/>\n\t<meta property=\"og:image:width\" content=\"683\" \/>\n\t<meta property=\"og:image:height\" content=\"1772\" \/>\n\t<meta property=\"og:image:type\" content=\"image\/png\" \/>\n<meta name=\"twitter:card\" content=\"summary_large_image\" \/>\n<meta name=\"twitter:site\" content=\"@CaveJDC\" \/>\n<meta name=\"twitter:label1\" content=\"Est. reading time\" \/>\n\t<meta name=\"twitter:data1\" content=\"1 minute\" \/>\n<script type=\"application\/ld+json\" class=\"yoast-schema-graph\">{\"@context\":\"https:\/\/schema.org\",\"@graph\":[{\"@type\":\"WebPage\",\"@id\":\"https:\/\/coeytaux-vins.ch\/en\/nos-vins\/pinot-gris\/\",\"url\":\"https:\/\/coeytaux-vins.ch\/en\/nos-vins\/pinot-gris\/\",\"name\":\"Coeytaux Jean-Daniel - Vigneron - Encaveur - Pinot Gris\",\"isPartOf\":{\"@id\":\"https:\/\/coeytaux-vins.ch\/en\/#website\"},\"primaryImageOfPage\":{\"@id\":\"https:\/\/coeytaux-vins.ch\/en\/nos-vins\/pinot-gris\/#primaryimage\"},\"image\":{\"@id\":\"https:\/\/coeytaux-vins.ch\/en\/nos-vins\/pinot-gris\/#primaryimage\"},\"thumbnailUrl\":\"https:\/\/coeytaux-vins.ch\/wp-content\/uploads\/2020\/03\/Pinot-Gris-75-cl-LR-min-2.png\",\"datePublished\":\"2019-12-09T14:17:00+00:00\",\"dateModified\":\"2025-05-08T11:50:36+00:00\",\"breadcrumb\":{\"@id\":\"https:\/\/coeytaux-vins.ch\/en\/nos-vins\/pinot-gris\/#breadcrumb\"},\"inLanguage\":\"en-US\",\"potentialAction\":[{\"@type\":\"ReadAction\",\"target\":[\"https:\/\/coeytaux-vins.ch\/en\/nos-vins\/pinot-gris\/\"]}]},{\"@type\":\"ImageObject\",\"inLanguage\":\"en-US\",\"@id\":\"https:\/\/coeytaux-vins.ch\/en\/nos-vins\/pinot-gris\/#primaryimage\",\"url\":\"https:\/\/coeytaux-vins.ch\/wp-content\/uploads\/2020\/03\/Pinot-Gris-75-cl-LR-min-2.png\",\"contentUrl\":\"https:\/\/coeytaux-vins.ch\/wp-content\/uploads\/2020\/03\/Pinot-Gris-75-cl-LR-min-2.png\",\"width\":683,\"height\":1772},{\"@type\":\"BreadcrumbList\",\"@id\":\"https:\/\/coeytaux-vins.ch\/en\/nos-vins\/pinot-gris\/#breadcrumb\",\"itemListElement\":[{\"@type\":\"ListItem\",\"position\":1,\"name\":\"Accueil\",\"item\":\"https:\/\/coeytaux-vins.ch\/en\/\"},{\"@type\":\"ListItem\",\"position\":2,\"name\":\"Our Wines\",\"item\":\"https:\/\/coeytaux-vins.ch\/fr\/nos-vins\/\"},{\"@type\":\"ListItem\",\"position\":3,\"name\":\"Pinot Gris\"}]},{\"@type\":\"WebSite\",\"@id\":\"https:\/\/coeytaux-vins.ch\/en\/#website\",\"url\":\"https:\/\/coeytaux-vins.ch\/en\/\",\"name\":\"Coeytaux Jean-Daniel\",\"description\":\"Jean Daniel Coeytaux, Vigneron-Encaveur, Rue du Ch\u00e2teau 4, 1169 Yens-s\/Morges, Tel +41 21 800 47 38, Fax +41 21 800 47 57, Natel +41 79 276 30 47, jean-daniel@coeytaux-vins.ch\",\"publisher\":{\"@id\":\"https:\/\/coeytaux-vins.ch\/en\/#organization\"},\"potentialAction\":[{\"@type\":\"SearchAction\",\"target\":{\"@type\":\"EntryPoint\",\"urlTemplate\":\"https:\/\/coeytaux-vins.ch\/en\/?s={search_term_string}\"},\"query-input\":{\"@type\":\"PropertyValueSpecification\",\"valueRequired\":true,\"valueName\":\"search_term_string\"}}],\"inLanguage\":\"en-US\"},{\"@type\":\"Organization\",\"@id\":\"https:\/\/coeytaux-vins.ch\/en\/#organization\",\"name\":\"Jean-Daniel Coeytaux\",\"url\":\"https:\/\/coeytaux-vins.ch\/en\/\",\"logo\":{\"@type\":\"ImageObject\",\"inLanguage\":\"en-US\",\"@id\":\"https:\/\/coeytaux-vins.ch\/en\/#\/schema\/logo\/image\/\",\"url\":\"https:\/\/coeytaux-vins.ch\/wp-content\/uploads\/2020\/08\/Logo-Cave-Jean-Daniel-Coeytaux-Vigneron-Encaveur-e1598877479575.png\",\"contentUrl\":\"https:\/\/coeytaux-vins.ch\/wp-content\/uploads\/2020\/08\/Logo-Cave-Jean-Daniel-Coeytaux-Vigneron-Encaveur-e1598877479575.png\",\"width\":250,\"height\":176,\"caption\":\"Jean-Daniel Coeytaux\"},\"image\":{\"@id\":\"https:\/\/coeytaux-vins.ch\/en\/#\/schema\/logo\/image\/\"},\"sameAs\":[\"https:\/\/www.facebook.com\/cavejeandaniel.coeytaux\",\"https:\/\/x.com\/CaveJDC\",\"https:\/\/www.instagram.com\/cave_jean_daniel_coeytaux\/\"]}]}<\/script>\n<!-- \/ Yoast SEO plugin. -->","yoast_head_json":{"title":"Coeytaux Jean-Daniel - Vigneron - Encaveur - Pinot Gris","robots":{"index":"index","follow":"follow","max-snippet":"max-snippet:-1","max-image-preview":"max-image-preview:large","max-video-preview":"max-video-preview:-1"},"canonical":"https:\/\/coeytaux-vins.ch\/en\/nos-vins\/pinot-gris\/","og_locale":"en_US","og_type":"article","og_title":"Coeytaux Jean-Daniel - Vigneron - Encaveur - Pinot Gris","og_description":"75 cl","og_url":"https:\/\/coeytaux-vins.ch\/en\/nos-vins\/pinot-gris\/","og_site_name":"Coeytaux Jean-Daniel","article_publisher":"https:\/\/www.facebook.com\/cavejeandaniel.coeytaux","article_modified_time":"2025-05-08T11:50:36+00:00","og_image":[{"width":683,"height":1772,"url":"https:\/\/coeytaux-vins.ch\/wp-content\/uploads\/2020\/03\/Pinot-Gris-75-cl-LR-min-2.png","type":"image\/png"}],"twitter_card":"summary_large_image","twitter_site":"@CaveJDC","twitter_misc":{"Est. reading time":"1 minute"},"schema":{"@context":"https:\/\/schema.org","@graph":[{"@type":"WebPage","@id":"https:\/\/coeytaux-vins.ch\/en\/nos-vins\/pinot-gris\/","url":"https:\/\/coeytaux-vins.ch\/en\/nos-vins\/pinot-gris\/","name":"Coeytaux Jean-Daniel - Vigneron - Encaveur - Pinot Gris","isPartOf":{"@id":"https:\/\/coeytaux-vins.ch\/en\/#website"},"primaryImageOfPage":{"@id":"https:\/\/coeytaux-vins.ch\/en\/nos-vins\/pinot-gris\/#primaryimage"},"image":{"@id":"https:\/\/coeytaux-vins.ch\/en\/nos-vins\/pinot-gris\/#primaryimage"},"thumbnailUrl":"https:\/\/coeytaux-vins.ch\/wp-content\/uploads\/2020\/03\/Pinot-Gris-75-cl-LR-min-2.png","datePublished":"2019-12-09T14:17:00+00:00","dateModified":"2025-05-08T11:50:36+00:00","breadcrumb":{"@id":"https:\/\/coeytaux-vins.ch\/en\/nos-vins\/pinot-gris\/#breadcrumb"},"inLanguage":"en-US","potentialAction":[{"@type":"ReadAction","target":["https:\/\/coeytaux-vins.ch\/en\/nos-vins\/pinot-gris\/"]}]},{"@type":"ImageObject","inLanguage":"en-US","@id":"https:\/\/coeytaux-vins.ch\/en\/nos-vins\/pinot-gris\/#primaryimage","url":"https:\/\/coeytaux-vins.ch\/wp-content\/uploads\/2020\/03\/Pinot-Gris-75-cl-LR-min-2.png","contentUrl":"https:\/\/coeytaux-vins.ch\/wp-content\/uploads\/2020\/03\/Pinot-Gris-75-cl-LR-min-2.png","width":683,"height":1772},{"@type":"BreadcrumbList","@id":"https:\/\/coeytaux-vins.ch\/en\/nos-vins\/pinot-gris\/#breadcrumb","itemListElement":[{"@type":"ListItem","position":1,"name":"Accueil","item":"https:\/\/coeytaux-vins.ch\/en\/"},{"@type":"ListItem","position":2,"name":"Our Wines","item":"https:\/\/coeytaux-vins.ch\/fr\/nos-vins\/"},{"@type":"ListItem","position":3,"name":"Pinot Gris"}]},{"@type":"WebSite","@id":"https:\/\/coeytaux-vins.ch\/en\/#website","url":"https:\/\/coeytaux-vins.ch\/en\/","name":"Coeytaux Jean-Daniel","description":"Jean Daniel Coeytaux, Vigneron-Encaveur, Rue du Ch\u00e2teau 4, 1169 Yens-s\/Morges, Tel +41 21 800 47 38, Fax +41 21 800 47 57, Natel +41 79 276 30 47, jean-daniel@coeytaux-vins.ch","publisher":{"@id":"https:\/\/coeytaux-vins.ch\/en\/#organization"},"potentialAction":[{"@type":"SearchAction","target":{"@type":"EntryPoint","urlTemplate":"https:\/\/coeytaux-vins.ch\/en\/?s={search_term_string}"},"query-input":{"@type":"PropertyValueSpecification","valueRequired":true,"valueName":"search_term_string"}}],"inLanguage":"en-US"},{"@type":"Organization","@id":"https:\/\/coeytaux-vins.ch\/en\/#organization","name":"Jean-Daniel Coeytaux","url":"https:\/\/coeytaux-vins.ch\/en\/","logo":{"@type":"ImageObject","inLanguage":"en-US","@id":"https:\/\/coeytaux-vins.ch\/en\/#\/schema\/logo\/image\/","url":"https:\/\/coeytaux-vins.ch\/wp-content\/uploads\/2020\/08\/Logo-Cave-Jean-Daniel-Coeytaux-Vigneron-Encaveur-e1598877479575.png","contentUrl":"https:\/\/coeytaux-vins.ch\/wp-content\/uploads\/2020\/08\/Logo-Cave-Jean-Daniel-Coeytaux-Vigneron-Encaveur-e1598877479575.png","width":250,"height":176,"caption":"Jean-Daniel Coeytaux"},"image":{"@id":"https:\/\/coeytaux-vins.ch\/en\/#\/schema\/logo\/image\/"},"sameAs":["https:\/\/www.facebook.com\/cavejeandaniel.coeytaux","https:\/\/x.com\/CaveJDC","https:\/\/www.instagram.com\/cave_jean_daniel_coeytaux\/"]}]}},"_links":{"self":[{"href":"https:\/\/coeytaux-vins.ch\/en\/wp-json\/wp\/v2\/product\/4731","targetHints":{"allow":["GET"]}}],"collection":[{"href":"https:\/\/coeytaux-vins.ch\/en\/wp-json\/wp\/v2\/product"}],"about":[{"href":"https:\/\/coeytaux-vins.ch\/en\/wp-json\/wp\/v2\/types\/product"}],"wp:featuredmedia":[{"embeddable":true,"href":"https:\/\/coeytaux-vins.ch\/en\/wp-json\/wp\/v2\/media\/3133"}],"wp:attachment":[{"href":"https:\/\/coeytaux-vins.ch\/en\/wp-json\/wp\/v2\/media?parent=4731"}],"wp:term":[{"taxonomy":"product_brand","embeddable":true,"href":"https:\/\/coeytaux-vins.ch\/en\/wp-json\/wp\/v2\/product_brand?post=4731"},{"taxonomy":"product_cat","embeddable":true,"href":"https:\/\/coeytaux-vins.ch\/en\/wp-json\/wp\/v2\/product_cat?post=4731"},{"taxonomy":"product_tag","embeddable":true,"href":"https:\/\/coeytaux-vins.ch\/en\/wp-json\/wp\/v2\/product_tag?post=4731"}],"curies":[{"name":"wp","href":"https:\/\/api.w.org\/{rel}","templated":true}]}}