{"id":1385,"date":"2020-03-20T13:02:45","date_gmt":"2020-03-20T13:02:45","guid":{"rendered":"https:\/\/coeytaux-vins.ch\/?page_id=1385"},"modified":"2026-03-22T14:48:10","modified_gmt":"2026-03-22T13:48:10","slug":"certification-et-distinction","status":"publish","type":"page","link":"https:\/\/coeytaux-vins.ch\/fr\/certification-et-distinction\/","title":{"rendered":"Certifications et distinctions"},"content":{"rendered":"<p>[et_pb_section fb_built=\u00a0\u00bb1&Prime; fullwidth=\u00a0\u00bbon\u00a0\u00bb _builder_version=\u00a0\u00bb4.16&Prime; locked=\u00a0\u00bboff\u00a0\u00bb global_colors_info=\u00a0\u00bb{}\u00a0\u00bb][et_pb_fullwidth_header title=\u00a0\u00bb@ET-DC@eyJkeW5hbWljIjp0cnVlLCJjb250ZW50IjoicG9zdF90aXRsZSIsInNldHRpbmdzIjp7ImJlZm9yZSI6IiIsImFmdGVyIjoiIn19@\u00a0\u00bb text_orientation=\u00a0\u00bbcenter\u00a0\u00bb background_overlay_color=\u00a0\u00bbrgba(0,0,0,0.35)\u00a0\u00bb _builder_version=\u00a0\u00bb4.16&Prime; _dynamic_attributes=\u00a0\u00bbtitle\u00a0\u00bb background_image=\u00a0\u00bbhttps:\/\/coeytaux-vins.ch\/wp-content\/uploads\/2020\/02\/Photo-12.jpg\u00a0\u00bb height=\u00a0\u00bb215px\u00a0\u00bb custom_padding=\u00a0\u00bb0px||0px||false|false\u00a0\u00bb custom_css_header_container=\u00a0\u00bbheight: 100%;\u00a0\u00bb global_colors_info=\u00a0\u00bb{}\u00a0\u00bb][\/et_pb_fullwidth_header][\/et_pb_section][et_pb_section fb_built=\u00a0\u00bb1&Prime; custom_padding_last_edited=\u00a0\u00bbon|tablet\u00a0\u00bb admin_label=\u00a0\u00bbTop Content\u00a0\u00bb module_class=\u00a0\u00bbbg-right-5&Prime; _builder_version=\u00a0\u00bb4.16&Prime; custom_margin_last_edited=\u00a0\u00bboff|tablet\u00a0\u00bb custom_padding_tablet=\u00a0\u00bb|5vw||5vw|false|true\u00a0\u00bb custom_padding_phone=\u00a0\u00bb\u00a0\u00bb global_colors_info=\u00a0\u00bb{}\u00a0\u00bb][et_pb_row _builder_version=\u00a0\u00bb4.16&Prime; global_colors_info=\u00a0\u00bb{}\u00a0\u00bb][et_pb_column type=\u00a0\u00bb4_4&Prime; _builder_version=\u00a0\u00bb4.16&Prime; global_colors_info=\u00a0\u00bb{}\u00a0\u00bb][et_pb_text _builder_version=\u00a0\u00bb4.27.4&Prime; global_colors_info=\u00a0\u00bb{}\u00a0\u00bb]<\/p>\n<h3><span>Ann\u00e9e 2026<\/span><\/h3>\n<p>[\/et_pb_text][et_pb_gallery gallery_ids=\u00a0\u00bb27883,27886,27914,31224,31228,31231&Prime; posts_number=\u00a0\u00bb25&Prime; show_pagination=\u00a0\u00bboff\u00a0\u00bb hover_overlay_color=\u00a0\u00bbrgba(255,255,255,0.6)\u00a0\u00bb hover_icon=\u00a0\u00bb&#xe042;||divi||400&Prime; _builder_version=\u00a0\u00bb4.27.4&Prime; title_font=\u00a0\u00bbBarlow Semi Condensed 2||||||||\u00a0\u00bb title_text_color=\u00a0\u00bb#222222&Prime; title_font_size=\u00a0\u00bb18px\u00a0\u00bb title_line_height=\u00a0\u00bb1.4em\u00a0\u00bb enable_grid_motion=\u00a0\u00bbon\u00a0\u00bb scroll_vertical_motion=\u00a0\u00bb0|40|40|100|6|0|0&Prime; hover_enabled=\u00a0\u00bb0&Prime; custom_css_gallery_item_title=\u00a0\u00bbmargin-top: 20px;||padding-left: 20px;||padding-right: 20px;||font-weight: 500;\u00a0\u00bb global_colors_info=\u00a0\u00bb{}\u00a0\u00bb sticky_enabled=\u00a0\u00bb0&Prime;][\/et_pb_gallery][et_pb_text _builder_version=\u00a0\u00bb4.27.4&Prime; global_colors_info=\u00a0\u00bb{}\u00a0\u00bb]<\/p>\n<h3><span>Ann\u00e9e 2025<\/span><\/h3>\n<p>[\/et_pb_text][et_pb_gallery gallery_ids=\u00a0\u00bb26003,27451,27544,27541,27160,27163,27166,27169,28393&Prime; posts_number=\u00a0\u00bb25&Prime; show_pagination=\u00a0\u00bboff\u00a0\u00bb hover_overlay_color=\u00a0\u00bbrgba(255,255,255,0.6)\u00a0\u00bb hover_icon=\u00a0\u00bb&#xe042;||divi||400&Prime; _builder_version=\u00a0\u00bb4.27.4&Prime; title_font=\u00a0\u00bbBarlow Semi Condensed 2||||||||\u00a0\u00bb title_text_color=\u00a0\u00bb#222222&Prime; title_font_size=\u00a0\u00bb18px\u00a0\u00bb title_line_height=\u00a0\u00bb1.4em\u00a0\u00bb enable_grid_motion=\u00a0\u00bbon\u00a0\u00bb scroll_vertical_motion=\u00a0\u00bb0|40|40|100|6|0|0&Prime; custom_css_gallery_item_title=\u00a0\u00bbmargin-top: 20px;||padding-left: 20px;||padding-right: 20px;||font-weight: 500;\u00a0\u00bb global_colors_info=\u00a0\u00bb{}\u00a0\u00bb][\/et_pb_gallery][et_pb_text _builder_version=\u00a0\u00bb4.21.0&Prime; global_colors_info=\u00a0\u00bb{}\u00a0\u00bb]<\/p>\n<h3><span>Ann\u00e9e 2024<\/span><\/h3>\n<p>[\/et_pb_text][et_pb_gallery gallery_ids=\u00a0\u00bb25473,25477,25480,25462,25490,25519,25493,23388,25932,24926,24929,24932,24935,24938,24941,26677&Prime; posts_number=\u00a0\u00bb25&Prime; show_pagination=\u00a0\u00bboff\u00a0\u00bb hover_overlay_color=\u00a0\u00bbrgba(255,255,255,0.6)\u00a0\u00bb hover_icon=\u00a0\u00bb&#xe042;||divi||400&Prime; _builder_version=\u00a0\u00bb4.23&Prime; title_font=\u00a0\u00bbBarlow Semi Condensed 2||||||||\u00a0\u00bb title_text_color=\u00a0\u00bb#222222&Prime; title_font_size=\u00a0\u00bb18px\u00a0\u00bb title_line_height=\u00a0\u00bb1.4em\u00a0\u00bb enable_grid_motion=\u00a0\u00bbon\u00a0\u00bb scroll_vertical_motion=\u00a0\u00bb0|40|40|100|6|0|0&Prime; custom_css_gallery_item_title=\u00a0\u00bbmargin-top: 20px;||padding-left: 20px;||padding-right: 20px;||font-weight: 500;\u00a0\u00bb global_colors_info=\u00a0\u00bb{}\u00a0\u00bb][\/et_pb_gallery][et_pb_text _builder_version=\u00a0\u00bb4.18.0&Prime; global_colors_info=\u00a0\u00bb{}\u00a0\u00bb]<\/p>\n<h3><span>Ann\u00e9e 2023<\/span><\/h3>\n<p>[\/et_pb_text][et_pb_gallery gallery_ids=\u00a0\u00bb22732,22735,22738,22720&Prime; posts_number=\u00a0\u00bb25&Prime; show_pagination=\u00a0\u00bboff\u00a0\u00bb hover_overlay_color=\u00a0\u00bbrgba(255,255,255,0.6)\u00a0\u00bb hover_icon=\u00a0\u00bb&#xe042;||divi||400&Prime; _builder_version=\u00a0\u00bb4.21.0&Prime; title_font=\u00a0\u00bbBarlow Semi Condensed 2||||||||\u00a0\u00bb title_text_color=\u00a0\u00bb#222222&Prime; title_font_size=\u00a0\u00bb18px\u00a0\u00bb title_line_height=\u00a0\u00bb1.4em\u00a0\u00bb enable_grid_motion=\u00a0\u00bbon\u00a0\u00bb scroll_vertical_motion=\u00a0\u00bb0|40|40|100|6|0|0&Prime; custom_css_gallery_item_title=\u00a0\u00bbmargin-top: 20px;||padding-left: 20px;||padding-right: 20px;||font-weight: 500;\u00a0\u00bb global_colors_info=\u00a0\u00bb{}\u00a0\u00bb][\/et_pb_gallery][et_pb_gallery gallery_ids=\u00a0\u00bb19925,21513,21516,21519&Prime; posts_number=\u00a0\u00bb25&Prime; show_pagination=\u00a0\u00bboff\u00a0\u00bb hover_overlay_color=\u00a0\u00bbrgba(255,255,255,0.6)\u00a0\u00bb hover_icon=\u00a0\u00bb&#xe042;||divi||400&Prime; _builder_version=\u00a0\u00bb4.21.0&Prime; title_font=\u00a0\u00bbBarlow Semi Condensed 2||||||||\u00a0\u00bb title_text_color=\u00a0\u00bb#222222&Prime; title_font_size=\u00a0\u00bb18px\u00a0\u00bb title_line_height=\u00a0\u00bb1.4em\u00a0\u00bb enable_grid_motion=\u00a0\u00bbon\u00a0\u00bb scroll_vertical_motion=\u00a0\u00bb0|40|40|100|6|0|0&Prime; custom_css_gallery_item_title=\u00a0\u00bbmargin-top: 20px;||padding-left: 20px;||padding-right: 20px;||font-weight: 500;\u00a0\u00bb global_colors_info=\u00a0\u00bb{}\u00a0\u00bb][\/et_pb_gallery][et_pb_gallery gallery_ids=\u00a0\u00bb22628,22192,22494,22592&Prime; show_pagination=\u00a0\u00bboff\u00a0\u00bb hover_overlay_color=\u00a0\u00bbrgba(255,255,255,0.6)\u00a0\u00bb hover_icon=\u00a0\u00bb&#xe042;||divi||400&Prime; _builder_version=\u00a0\u00bb4.21.0&Prime; title_font=\u00a0\u00bbBarlow Semi Condensed 2||||||||\u00a0\u00bb title_text_color=\u00a0\u00bb#222222&Prime; title_font_size=\u00a0\u00bb18px\u00a0\u00bb title_line_height=\u00a0\u00bb1.4em\u00a0\u00bb enable_grid_motion=\u00a0\u00bbon\u00a0\u00bb scroll_vertical_motion=\u00a0\u00bb0|40|40|100|6|0|0&Prime; custom_css_gallery_item_title=\u00a0\u00bbmargin-top: 20px;||padding-left: 20px;||padding-right: 20px;||font-weight: 500;\u00a0\u00bb locked=\u00a0\u00bboff\u00a0\u00bb global_colors_info=\u00a0\u00bb{}\u00a0\u00bb][\/et_pb_gallery][et_pb_gallery gallery_ids=\u00a0\u00bb23376&Prime; show_pagination=\u00a0\u00bboff\u00a0\u00bb hover_overlay_color=\u00a0\u00bbrgba(255,255,255,0.6)\u00a0\u00bb hover_icon=\u00a0\u00bb&#xe042;||divi||400&Prime; _builder_version=\u00a0\u00bb4.21.0&Prime; title_font=\u00a0\u00bbBarlow Semi Condensed 2||||||||\u00a0\u00bb title_text_color=\u00a0\u00bb#222222&Prime; title_font_size=\u00a0\u00bb18px\u00a0\u00bb title_line_height=\u00a0\u00bb1.4em\u00a0\u00bb enable_grid_motion=\u00a0\u00bbon\u00a0\u00bb scroll_vertical_motion=\u00a0\u00bb0|40|40|100|6|0|0&Prime; custom_css_gallery_item_title=\u00a0\u00bbmargin-top: 20px;||padding-left: 20px;||padding-right: 20px;||font-weight: 500;\u00a0\u00bb locked=\u00a0\u00bboff\u00a0\u00bb global_colors_info=\u00a0\u00bb{}\u00a0\u00bb][\/et_pb_gallery][et_pb_text _builder_version=\u00a0\u00bb4.16&Prime; global_colors_info=\u00a0\u00bb{}\u00a0\u00bb]<\/p>\n<h3><span>Ann\u00e9e 2022<\/span><\/h3>\n<p>[\/et_pb_text][et_pb_gallery gallery_ids=\u00a0\u00bb16903,16899,18238,15675,15678,15681,15684,15687,15690&Prime; posts_number=\u00a0\u00bb25&Prime; show_pagination=\u00a0\u00bboff\u00a0\u00bb hover_overlay_color=\u00a0\u00bbrgba(255,255,255,0.6)\u00a0\u00bb hover_icon=\u00a0\u00bb&#xe042;||divi||400&Prime; _builder_version=\u00a0\u00bb4.17.4&Prime; title_font=\u00a0\u00bbBarlow Semi Condensed 2||||||||\u00a0\u00bb title_text_color=\u00a0\u00bb#222222&Prime; title_font_size=\u00a0\u00bb18px\u00a0\u00bb title_line_height=\u00a0\u00bb1.4em\u00a0\u00bb enable_grid_motion=\u00a0\u00bbon\u00a0\u00bb scroll_vertical_motion=\u00a0\u00bb0|40|40|100|6|0|0&Prime; custom_css_gallery_item_title=\u00a0\u00bbmargin-top: 20px;||padding-left: 20px;||padding-right: 20px;||font-weight: 500;\u00a0\u00bb global_colors_info=\u00a0\u00bb{}\u00a0\u00bb][\/et_pb_gallery][et_pb_text _builder_version=\u00a0\u00bb4.16&Prime; global_colors_info=\u00a0\u00bb{}\u00a0\u00bb]<\/p>\n<h3><span>Ann\u00e9e\u00a02021<\/span><\/h3>\n<p>[\/et_pb_text][et_pb_gallery gallery_ids=\u00a0\u00bb9322,11450,9612,10909,11462,10914,11466,12034,10109,10184,8363,8366,8369,8372,8375,8378&Prime; posts_number=\u00a0\u00bb25&Prime; show_pagination=\u00a0\u00bboff\u00a0\u00bb hover_overlay_color=\u00a0\u00bbrgba(255,255,255,0.6)\u00a0\u00bb hover_icon=\u00a0\u00bb&#xe042;||divi||400&Prime; _builder_version=\u00a0\u00bb4.16&Prime; title_font=\u00a0\u00bbBarlow Semi Condensed 2||||||||\u00a0\u00bb title_text_color=\u00a0\u00bb#222222&Prime; title_font_size=\u00a0\u00bb18px\u00a0\u00bb title_line_height=\u00a0\u00bb1.4em\u00a0\u00bb enable_grid_motion=\u00a0\u00bbon\u00a0\u00bb scroll_vertical_motion=\u00a0\u00bb0|40|40|100|6|0|0&Prime; custom_css_gallery_item_title=\u00a0\u00bbmargin-top: 20px;||padding-left: 20px;||padding-right: 20px;||font-weight: 500;\u00a0\u00bb global_colors_info=\u00a0\u00bb{}\u00a0\u00bb][\/et_pb_gallery][et_pb_text _builder_version=\u00a0\u00bb4.16&Prime; global_colors_info=\u00a0\u00bb{}\u00a0\u00bb]<\/p>\n<h3><span>Ann\u00e9e\u00a02020<\/span><\/h3>\n<p>[\/et_pb_text][et_pb_gallery gallery_ids=\u00a0\u00bb4382,4583,3982,4586,2104,2111,2106,2102,2753,2754,2749&Prime; posts_number=\u00a0\u00bb12&Prime; show_pagination=\u00a0\u00bboff\u00a0\u00bb hover_overlay_color=\u00a0\u00bbrgba(255,255,255,0.6)\u00a0\u00bb hover_icon=\u00a0\u00bb&#xe042;||divi||400&Prime; _builder_version=\u00a0\u00bb4.16&Prime; title_font=\u00a0\u00bbBarlow Semi Condensed 2||||||||\u00a0\u00bb title_text_color=\u00a0\u00bb#222222&Prime; title_font_size=\u00a0\u00bb18px\u00a0\u00bb title_line_height=\u00a0\u00bb1.4em\u00a0\u00bb enable_grid_motion=\u00a0\u00bbon\u00a0\u00bb scroll_vertical_motion=\u00a0\u00bb0|40|40|100|6|0|0&Prime; custom_css_gallery_item_title=\u00a0\u00bbmargin-top: 20px;||padding-left: 20px;||padding-right: 20px;||font-weight: 500;\u00a0\u00bb global_colors_info=\u00a0\u00bb{}\u00a0\u00bb][\/et_pb_gallery][et_pb_text _builder_version=\u00a0\u00bb4.16&Prime; locked=\u00a0\u00bboff\u00a0\u00bb global_colors_info=\u00a0\u00bb{}\u00a0\u00bb]<\/p>\n<h3><span>Ann\u00e9e\u00a02019<\/span><\/h3>\n<p>[\/et_pb_text][et_pb_gallery gallery_ids=\u00a0\u00bb2095,2094,2101,2098,2100,2099,2096,2097,1395,2103,2105,2107,2108,2109&Prime; posts_number=\u00a0\u00bb16&Prime; show_pagination=\u00a0\u00bboff\u00a0\u00bb hover_overlay_color=\u00a0\u00bbrgba(255,255,255,0.6)\u00a0\u00bb hover_icon=\u00a0\u00bb&#xe042;||divi||400&Prime; _builder_version=\u00a0\u00bb4.16&Prime; title_font=\u00a0\u00bbBarlow Semi Condensed 2||||||||\u00a0\u00bb title_text_color=\u00a0\u00bb#222222&Prime; title_font_size=\u00a0\u00bb18px\u00a0\u00bb title_line_height=\u00a0\u00bb1.4em\u00a0\u00bb enable_grid_motion=\u00a0\u00bbon\u00a0\u00bb scroll_vertical_motion=\u00a0\u00bb0|40|40|100|6|0|0&Prime; custom_css_gallery_item_title=\u00a0\u00bbmargin-top: 20px;||padding-left: 20px;||padding-right: 20px;||font-weight: 500;\u00a0\u00bb global_colors_info=\u00a0\u00bb{}\u00a0\u00bb][\/et_pb_gallery][et_pb_text _builder_version=\u00a0\u00bb4.16&Prime; locked=\u00a0\u00bboff\u00a0\u00bb global_colors_info=\u00a0\u00bb{}\u00a0\u00bb]<\/p>\n<h3><span>Ann\u00e9e\u00a02018<\/span><\/h3>\n<p>[\/et_pb_text][et_pb_gallery gallery_ids=\u00a0\u00bb2756,2763,2757,2759,2761,2762&Prime; posts_number=\u00a0\u00bb12&Prime; show_pagination=\u00a0\u00bboff\u00a0\u00bb hover_overlay_color=\u00a0\u00bbrgba(255,255,255,0.6)\u00a0\u00bb hover_icon=\u00a0\u00bb&#xe042;||divi||400&Prime; _builder_version=\u00a0\u00bb4.16&Prime; title_font=\u00a0\u00bbBarlow Semi Condensed 2||||||||\u00a0\u00bb title_text_color=\u00a0\u00bb#222222&Prime; title_font_size=\u00a0\u00bb18px\u00a0\u00bb title_line_height=\u00a0\u00bb1.4em\u00a0\u00bb enable_grid_motion=\u00a0\u00bbon\u00a0\u00bb scroll_vertical_motion=\u00a0\u00bb0|40|40|100|6|0|0&Prime; custom_css_gallery_item_title=\u00a0\u00bbmargin-top: 20px;||padding-left: 20px;||padding-right: 20px;||font-weight: 500;\u00a0\u00bb global_colors_info=\u00a0\u00bb{}\u00a0\u00bb][\/et_pb_gallery][\/et_pb_column][\/et_pb_row][\/et_pb_section]<\/p>\n","protected":false},"excerpt":{"rendered":"<p>Ann\u00e9e 2026Ann\u00e9e 2025Ann\u00e9e 2024Ann\u00e9e 2023Ann\u00e9e 2022Ann\u00e9e\u00a02021Ann\u00e9e\u00a02020Ann\u00e9e\u00a02019Ann\u00e9e\u00a02018<\/p>\n","protected":false},"author":4,"featured_media":0,"parent":0,"menu_order":16,"comment_status":"closed","ping_status":"closed","template":"","meta":{"_et_pb_use_builder":"on","_et_pb_old_content":"","_et_gb_content_width":"","inline_featured_image":false,"footnotes":""},"class_list":["post-1385","page","type-page","status-publish","hentry"],"yoast_head":"<!-- This site is optimized with the Yoast SEO plugin v26.4 - https:\/\/yoast.com\/wordpress\/plugins\/seo\/ -->\n<title>Coeytaux Jean-Daniel - Vigneron - Encaveur - Certifications et distinctions<\/title>\n<meta name=\"robots\" content=\"index, follow, max-snippet:-1, max-image-preview:large, max-video-preview:-1\" \/>\n<link rel=\"canonical\" href=\"https:\/\/coeytaux-vins.ch\/fr\/certification-et-distinction\/\" \/>\n<meta property=\"og:locale\" content=\"fr_FR\" \/>\n<meta property=\"og:type\" content=\"article\" \/>\n<meta property=\"og:title\" content=\"Coeytaux Jean-Daniel - Vigneron - Encaveur - Certifications et distinctions\" \/>\n<meta property=\"og:description\" content=\"Ann\u00e9e 2026Ann\u00e9e 2025Ann\u00e9e 2024Ann\u00e9e 2023Ann\u00e9e 2022Ann\u00e9e\u00a02021Ann\u00e9e\u00a02020Ann\u00e9e\u00a02019Ann\u00e9e\u00a02018\" \/>\n<meta property=\"og:url\" content=\"https:\/\/coeytaux-vins.ch\/fr\/certification-et-distinction\/\" \/>\n<meta property=\"og:site_name\" content=\"Coeytaux Jean-Daniel\" \/>\n<meta property=\"article:publisher\" content=\"https:\/\/www.facebook.com\/cavejeandaniel.coeytaux\" \/>\n<meta property=\"article:modified_time\" content=\"2026-03-22T13:48:10+00:00\" \/>\n<meta name=\"twitter:card\" content=\"summary_large_image\" \/>\n<meta name=\"twitter:site\" content=\"@CaveJDC\" \/>\n<meta name=\"twitter:label1\" content=\"Dur\u00e9e de lecture estim\u00e9e\" \/>\n\t<meta name=\"twitter:data1\" content=\"2 minutes\" \/>\n<script type=\"application\/ld+json\" class=\"yoast-schema-graph\">{\"@context\":\"https:\/\/schema.org\",\"@graph\":[{\"@type\":\"WebPage\",\"@id\":\"https:\/\/coeytaux-vins.ch\/fr\/certification-et-distinction\/\",\"url\":\"https:\/\/coeytaux-vins.ch\/fr\/certification-et-distinction\/\",\"name\":\"Coeytaux Jean-Daniel - Vigneron - Encaveur - Certifications et distinctions\",\"isPartOf\":{\"@id\":\"https:\/\/coeytaux-vins.ch\/fr\/#website\"},\"datePublished\":\"2020-03-20T13:02:45+00:00\",\"dateModified\":\"2026-03-22T13:48:10+00:00\",\"breadcrumb\":{\"@id\":\"https:\/\/coeytaux-vins.ch\/fr\/certification-et-distinction\/#breadcrumb\"},\"inLanguage\":\"fr-FR\",\"potentialAction\":[{\"@type\":\"ReadAction\",\"target\":[\"https:\/\/coeytaux-vins.ch\/fr\/certification-et-distinction\/\"]}]},{\"@type\":\"BreadcrumbList\",\"@id\":\"https:\/\/coeytaux-vins.ch\/fr\/certification-et-distinction\/#breadcrumb\",\"itemListElement\":[{\"@type\":\"ListItem\",\"position\":1,\"name\":\"Accueil\",\"item\":\"https:\/\/coeytaux-vins.ch\/fr\/\"},{\"@type\":\"ListItem\",\"position\":2,\"name\":\"Certifications et distinctions\"}]},{\"@type\":\"WebSite\",\"@id\":\"https:\/\/coeytaux-vins.ch\/fr\/#website\",\"url\":\"https:\/\/coeytaux-vins.ch\/fr\/\",\"name\":\"Coeytaux Jean-Daniel\",\"description\":\"Jean Daniel Coeytaux, Vigneron-Encaveur, Rue du Ch\u00e2teau 4, 1169 Yens-s\/Morges, Tel +41 21 800 47 38, Fax +41 21 800 47 57, Natel +41 79 276 30 47, jean-daniel@coeytaux-vins.ch\",\"publisher\":{\"@id\":\"https:\/\/coeytaux-vins.ch\/fr\/#organization\"},\"potentialAction\":[{\"@type\":\"SearchAction\",\"target\":{\"@type\":\"EntryPoint\",\"urlTemplate\":\"https:\/\/coeytaux-vins.ch\/fr\/?s={search_term_string}\"},\"query-input\":{\"@type\":\"PropertyValueSpecification\",\"valueRequired\":true,\"valueName\":\"search_term_string\"}}],\"inLanguage\":\"fr-FR\"},{\"@type\":\"Organization\",\"@id\":\"https:\/\/coeytaux-vins.ch\/fr\/#organization\",\"name\":\"Jean-Daniel Coeytaux\",\"url\":\"https:\/\/coeytaux-vins.ch\/fr\/\",\"logo\":{\"@type\":\"ImageObject\",\"inLanguage\":\"fr-FR\",\"@id\":\"https:\/\/coeytaux-vins.ch\/fr\/#\/schema\/logo\/image\/\",\"url\":\"https:\/\/coeytaux-vins.ch\/wp-content\/uploads\/2020\/08\/Logo-Cave-Jean-Daniel-Coeytaux-Vigneron-Encaveur-e1598877479575.png\",\"contentUrl\":\"https:\/\/coeytaux-vins.ch\/wp-content\/uploads\/2020\/08\/Logo-Cave-Jean-Daniel-Coeytaux-Vigneron-Encaveur-e1598877479575.png\",\"width\":250,\"height\":176,\"caption\":\"Jean-Daniel Coeytaux\"},\"image\":{\"@id\":\"https:\/\/coeytaux-vins.ch\/fr\/#\/schema\/logo\/image\/\"},\"sameAs\":[\"https:\/\/www.facebook.com\/cavejeandaniel.coeytaux\",\"https:\/\/x.com\/CaveJDC\",\"https:\/\/www.instagram.com\/cave_jean_daniel_coeytaux\/\"]}]}<\/script>\n<!-- \/ Yoast SEO plugin. -->","yoast_head_json":{"title":"Coeytaux Jean-Daniel - Vigneron - Encaveur - Certifications et distinctions","robots":{"index":"index","follow":"follow","max-snippet":"max-snippet:-1","max-image-preview":"max-image-preview:large","max-video-preview":"max-video-preview:-1"},"canonical":"https:\/\/coeytaux-vins.ch\/fr\/certification-et-distinction\/","og_locale":"fr_FR","og_type":"article","og_title":"Coeytaux Jean-Daniel - Vigneron - Encaveur - Certifications et distinctions","og_description":"Ann\u00e9e 2026Ann\u00e9e 2025Ann\u00e9e 2024Ann\u00e9e 2023Ann\u00e9e 2022Ann\u00e9e\u00a02021Ann\u00e9e\u00a02020Ann\u00e9e\u00a02019Ann\u00e9e\u00a02018","og_url":"https:\/\/coeytaux-vins.ch\/fr\/certification-et-distinction\/","og_site_name":"Coeytaux Jean-Daniel","article_publisher":"https:\/\/www.facebook.com\/cavejeandaniel.coeytaux","article_modified_time":"2026-03-22T13:48:10+00:00","twitter_card":"summary_large_image","twitter_site":"@CaveJDC","twitter_misc":{"Dur\u00e9e de lecture estim\u00e9e":"2 minutes"},"schema":{"@context":"https:\/\/schema.org","@graph":[{"@type":"WebPage","@id":"https:\/\/coeytaux-vins.ch\/fr\/certification-et-distinction\/","url":"https:\/\/coeytaux-vins.ch\/fr\/certification-et-distinction\/","name":"Coeytaux Jean-Daniel - Vigneron - Encaveur - Certifications et distinctions","isPartOf":{"@id":"https:\/\/coeytaux-vins.ch\/fr\/#website"},"datePublished":"2020-03-20T13:02:45+00:00","dateModified":"2026-03-22T13:48:10+00:00","breadcrumb":{"@id":"https:\/\/coeytaux-vins.ch\/fr\/certification-et-distinction\/#breadcrumb"},"inLanguage":"fr-FR","potentialAction":[{"@type":"ReadAction","target":["https:\/\/coeytaux-vins.ch\/fr\/certification-et-distinction\/"]}]},{"@type":"BreadcrumbList","@id":"https:\/\/coeytaux-vins.ch\/fr\/certification-et-distinction\/#breadcrumb","itemListElement":[{"@type":"ListItem","position":1,"name":"Accueil","item":"https:\/\/coeytaux-vins.ch\/fr\/"},{"@type":"ListItem","position":2,"name":"Certifications et distinctions"}]},{"@type":"WebSite","@id":"https:\/\/coeytaux-vins.ch\/fr\/#website","url":"https:\/\/coeytaux-vins.ch\/fr\/","name":"Coeytaux Jean-Daniel","description":"Jean Daniel Coeytaux, Vigneron-Encaveur, Rue du Ch\u00e2teau 4, 1169 Yens-s\/Morges, Tel +41 21 800 47 38, Fax +41 21 800 47 57, Natel +41 79 276 30 47, jean-daniel@coeytaux-vins.ch","publisher":{"@id":"https:\/\/coeytaux-vins.ch\/fr\/#organization"},"potentialAction":[{"@type":"SearchAction","target":{"@type":"EntryPoint","urlTemplate":"https:\/\/coeytaux-vins.ch\/fr\/?s={search_term_string}"},"query-input":{"@type":"PropertyValueSpecification","valueRequired":true,"valueName":"search_term_string"}}],"inLanguage":"fr-FR"},{"@type":"Organization","@id":"https:\/\/coeytaux-vins.ch\/fr\/#organization","name":"Jean-Daniel Coeytaux","url":"https:\/\/coeytaux-vins.ch\/fr\/","logo":{"@type":"ImageObject","inLanguage":"fr-FR","@id":"https:\/\/coeytaux-vins.ch\/fr\/#\/schema\/logo\/image\/","url":"https:\/\/coeytaux-vins.ch\/wp-content\/uploads\/2020\/08\/Logo-Cave-Jean-Daniel-Coeytaux-Vigneron-Encaveur-e1598877479575.png","contentUrl":"https:\/\/coeytaux-vins.ch\/wp-content\/uploads\/2020\/08\/Logo-Cave-Jean-Daniel-Coeytaux-Vigneron-Encaveur-e1598877479575.png","width":250,"height":176,"caption":"Jean-Daniel Coeytaux"},"image":{"@id":"https:\/\/coeytaux-vins.ch\/fr\/#\/schema\/logo\/image\/"},"sameAs":["https:\/\/www.facebook.com\/cavejeandaniel.coeytaux","https:\/\/x.com\/CaveJDC","https:\/\/www.instagram.com\/cave_jean_daniel_coeytaux\/"]}]}},"_links":{"self":[{"href":"https:\/\/coeytaux-vins.ch\/fr\/wp-json\/wp\/v2\/pages\/1385","targetHints":{"allow":["GET"]}}],"collection":[{"href":"https:\/\/coeytaux-vins.ch\/fr\/wp-json\/wp\/v2\/pages"}],"about":[{"href":"https:\/\/coeytaux-vins.ch\/fr\/wp-json\/wp\/v2\/types\/page"}],"author":[{"embeddable":true,"href":"https:\/\/coeytaux-vins.ch\/fr\/wp-json\/wp\/v2\/users\/4"}],"replies":[{"embeddable":true,"href":"https:\/\/coeytaux-vins.ch\/fr\/wp-json\/wp\/v2\/comments?post=1385"}],"version-history":[{"count":7,"href":"https:\/\/coeytaux-vins.ch\/fr\/wp-json\/wp\/v2\/pages\/1385\/revisions"}],"predecessor-version":[{"id":31234,"href":"https:\/\/coeytaux-vins.ch\/fr\/wp-json\/wp\/v2\/pages\/1385\/revisions\/31234"}],"wp:attachment":[{"href":"https:\/\/coeytaux-vins.ch\/fr\/wp-json\/wp\/v2\/media?parent=1385"}],"curies":[{"name":"wp","href":"https:\/\/api.w.org\/{rel}","templated":true}]}}