{"id":1024,"date":"2025-03-06T21:30:25","date_gmt":"2025-03-06T20:30:25","guid":{"rendered":"https:\/\/coeytaux-vins.ch\/?post_type=product&#038;p=1024"},"modified":"2025-06-06T14:32:48","modified_gmt":"2025-06-06T13:32:48","slug":"chasselas-pot-vaudois","status":"publish","type":"product","link":"https:\/\/coeytaux-vins.ch\/fr\/nos-vins\/chasselas-pot-vaudois\/","title":{"rendered":"Chasselas Grand Cru &#8211; Pot Vaudois"},"content":{"rendered":"<p><strong>Descriptif<\/strong><br \/>\nVin blanc. C\u00e9page roi du Canton !<\/p>\n<p><strong>Au nez<\/strong><br \/>\nDes notes florales caract\u00e9risent ce vin.<\/p>\n<p><strong>En bouche<\/strong><br \/>\nLe friand de l&rsquo;attaque lui conf\u00e8re une belle fra\u00eecheur. Richesse et min\u00e9ralit\u00e9 sont le reflet du Terroir.<\/p>\n<p><strong>Id\u00e9es d\u2019accompagnement<\/strong><br \/>\n&#8211; En ap\u00e9ritif<br \/>\n&#8211; Mets avec du poisson<br \/>\n&#8211; Mets au fromage<\/p>\n<p><strong>140 cl &#8211; CHF 28.00 (vente \u00e0 l\u2019unit\u00e9)<\/strong><\/p>\n","protected":false},"excerpt":{"rendered":"<p>140 cl<\/p>\n","protected":false},"featured_media":1336,"template":"","meta":{"_et_pb_use_builder":"off","_et_pb_old_content":"<strong>Descriptif<\/strong>\r\nVin blanc. C\u00e9page roi du Canton !\r\n\r\n<strong>Au nez<\/strong>\r\nDes notes florales caract\u00e9risent ce vin.\r\n\r\n<strong>En bouche<\/strong>\r\nLe friand de l'attaque lui conf\u00e8re une belle fra\u00eecheur. Richesse et min\u00e9ralit\u00e9 sont le reflet du Terroir.\r\n\r\n<strong>Id\u00e9es d\u2019accompagnement<\/strong>\r\n- En ap\u00e9ritif\r\n- Mets avec du poisson\r\n- Mets au fromage\r\n\r\n<strong>140 cl - CHF 23.00 (vente \u00e0 l\u2019unit\u00e9)<\/strong>","_et_gb_content_width":"","inline_featured_image":false},"product_brand":[],"product_cat":[47],"product_tag":[],"class_list":{"0":"post-1024","1":"product","2":"type-product","3":"status-publish","4":"has-post-thumbnail","6":"product_cat-vins-blancs","8":"first","9":"instock","10":"featured","11":"shipping-taxable","12":"purchasable","13":"product-type-simple"},"yoast_head":"<!-- This site is optimized with the Yoast SEO plugin v26.4 - https:\/\/yoast.com\/wordpress\/plugins\/seo\/ -->\n<title>Coeytaux Jean-Daniel - Vigneron - Encaveur - Chasselas Grand Cru - Pot Vaudois<\/title>\n<meta name=\"robots\" content=\"index, follow, max-snippet:-1, max-image-preview:large, max-video-preview:-1\" \/>\n<link rel=\"canonical\" href=\"https:\/\/coeytaux-vins.ch\/fr\/nos-vins\/chasselas-pot-vaudois\/\" \/>\n<meta property=\"og:locale\" content=\"fr_FR\" \/>\n<meta property=\"og:type\" content=\"article\" \/>\n<meta property=\"og:title\" content=\"Coeytaux Jean-Daniel - Vigneron - Encaveur - Chasselas Grand Cru - Pot Vaudois\" \/>\n<meta property=\"og:description\" content=\"140 cl\" \/>\n<meta property=\"og:url\" content=\"https:\/\/coeytaux-vins.ch\/fr\/nos-vins\/chasselas-pot-vaudois\/\" \/>\n<meta property=\"og:site_name\" content=\"Coeytaux Jean-Daniel\" \/>\n<meta property=\"article:publisher\" content=\"https:\/\/www.facebook.com\/cavejeandaniel.coeytaux\" \/>\n<meta property=\"article:modified_time\" content=\"2025-06-06T13:32:48+00:00\" \/>\n<meta property=\"og:image\" content=\"https:\/\/coeytaux-vins.ch\/wp-content\/uploads\/2020\/03\/Chasselas-140-cl-LR-min-1.png\" \/>\n\t<meta property=\"og:image:width\" content=\"791\" \/>\n\t<meta property=\"og:image:height\" content=\"1772\" \/>\n\t<meta property=\"og:image:type\" content=\"image\/png\" \/>\n<meta name=\"twitter:card\" content=\"summary_large_image\" \/>\n<meta name=\"twitter:site\" content=\"@CaveJDC\" \/>\n<meta name=\"twitter:label1\" content=\"Dur\u00e9e de lecture estim\u00e9e\" \/>\n\t<meta name=\"twitter:data1\" content=\"1 minute\" \/>\n<script type=\"application\/ld+json\" class=\"yoast-schema-graph\">{\"@context\":\"https:\/\/schema.org\",\"@graph\":[{\"@type\":\"WebPage\",\"@id\":\"https:\/\/coeytaux-vins.ch\/fr\/nos-vins\/chasselas-pot-vaudois\/\",\"url\":\"https:\/\/coeytaux-vins.ch\/fr\/nos-vins\/chasselas-pot-vaudois\/\",\"name\":\"Coeytaux Jean-Daniel - Vigneron - Encaveur - Chasselas Grand Cru - Pot Vaudois\",\"isPartOf\":{\"@id\":\"https:\/\/coeytaux-vins.ch\/fr\/#website\"},\"primaryImageOfPage\":{\"@id\":\"https:\/\/coeytaux-vins.ch\/fr\/nos-vins\/chasselas-pot-vaudois\/#primaryimage\"},\"image\":{\"@id\":\"https:\/\/coeytaux-vins.ch\/fr\/nos-vins\/chasselas-pot-vaudois\/#primaryimage\"},\"thumbnailUrl\":\"https:\/\/coeytaux-vins.ch\/wp-content\/uploads\/2020\/03\/Chasselas-140-cl-LR-min-1.png\",\"datePublished\":\"2025-03-06T20:30:25+00:00\",\"dateModified\":\"2025-06-06T13:32:48+00:00\",\"breadcrumb\":{\"@id\":\"https:\/\/coeytaux-vins.ch\/fr\/nos-vins\/chasselas-pot-vaudois\/#breadcrumb\"},\"inLanguage\":\"fr-FR\",\"potentialAction\":[{\"@type\":\"ReadAction\",\"target\":[\"https:\/\/coeytaux-vins.ch\/fr\/nos-vins\/chasselas-pot-vaudois\/\"]}]},{\"@type\":\"ImageObject\",\"inLanguage\":\"fr-FR\",\"@id\":\"https:\/\/coeytaux-vins.ch\/fr\/nos-vins\/chasselas-pot-vaudois\/#primaryimage\",\"url\":\"https:\/\/coeytaux-vins.ch\/wp-content\/uploads\/2020\/03\/Chasselas-140-cl-LR-min-1.png\",\"contentUrl\":\"https:\/\/coeytaux-vins.ch\/wp-content\/uploads\/2020\/03\/Chasselas-140-cl-LR-min-1.png\",\"width\":791,\"height\":1772},{\"@type\":\"BreadcrumbList\",\"@id\":\"https:\/\/coeytaux-vins.ch\/fr\/nos-vins\/chasselas-pot-vaudois\/#breadcrumb\",\"itemListElement\":[{\"@type\":\"ListItem\",\"position\":1,\"name\":\"Accueil\",\"item\":\"https:\/\/coeytaux-vins.ch\/fr\/\"},{\"@type\":\"ListItem\",\"position\":2,\"name\":\"Nos Vins\",\"item\":\"https:\/\/coeytaux-vins.ch\/fr\/nos-vins\/\"},{\"@type\":\"ListItem\",\"position\":3,\"name\":\"Chasselas Grand Cru &#8211; Pot Vaudois\"}]},{\"@type\":\"WebSite\",\"@id\":\"https:\/\/coeytaux-vins.ch\/fr\/#website\",\"url\":\"https:\/\/coeytaux-vins.ch\/fr\/\",\"name\":\"Coeytaux Jean-Daniel\",\"description\":\"Jean Daniel Coeytaux, Vigneron-Encaveur, Rue du Ch\u00e2teau 4, 1169 Yens-s\/Morges, Tel +41 21 800 47 38, Fax +41 21 800 47 57, Natel +41 79 276 30 47, jean-daniel@coeytaux-vins.ch\",\"publisher\":{\"@id\":\"https:\/\/coeytaux-vins.ch\/fr\/#organization\"},\"potentialAction\":[{\"@type\":\"SearchAction\",\"target\":{\"@type\":\"EntryPoint\",\"urlTemplate\":\"https:\/\/coeytaux-vins.ch\/fr\/?s={search_term_string}\"},\"query-input\":{\"@type\":\"PropertyValueSpecification\",\"valueRequired\":true,\"valueName\":\"search_term_string\"}}],\"inLanguage\":\"fr-FR\"},{\"@type\":\"Organization\",\"@id\":\"https:\/\/coeytaux-vins.ch\/fr\/#organization\",\"name\":\"Jean-Daniel Coeytaux\",\"url\":\"https:\/\/coeytaux-vins.ch\/fr\/\",\"logo\":{\"@type\":\"ImageObject\",\"inLanguage\":\"fr-FR\",\"@id\":\"https:\/\/coeytaux-vins.ch\/fr\/#\/schema\/logo\/image\/\",\"url\":\"https:\/\/coeytaux-vins.ch\/wp-content\/uploads\/2020\/08\/Logo-Cave-Jean-Daniel-Coeytaux-Vigneron-Encaveur-e1598877479575.png\",\"contentUrl\":\"https:\/\/coeytaux-vins.ch\/wp-content\/uploads\/2020\/08\/Logo-Cave-Jean-Daniel-Coeytaux-Vigneron-Encaveur-e1598877479575.png\",\"width\":250,\"height\":176,\"caption\":\"Jean-Daniel Coeytaux\"},\"image\":{\"@id\":\"https:\/\/coeytaux-vins.ch\/fr\/#\/schema\/logo\/image\/\"},\"sameAs\":[\"https:\/\/www.facebook.com\/cavejeandaniel.coeytaux\",\"https:\/\/x.com\/CaveJDC\",\"https:\/\/www.instagram.com\/cave_jean_daniel_coeytaux\/\"]}]}<\/script>\n<!-- \/ Yoast SEO plugin. -->","yoast_head_json":{"title":"Coeytaux Jean-Daniel - Vigneron - Encaveur - Chasselas Grand Cru - Pot Vaudois","robots":{"index":"index","follow":"follow","max-snippet":"max-snippet:-1","max-image-preview":"max-image-preview:large","max-video-preview":"max-video-preview:-1"},"canonical":"https:\/\/coeytaux-vins.ch\/fr\/nos-vins\/chasselas-pot-vaudois\/","og_locale":"fr_FR","og_type":"article","og_title":"Coeytaux Jean-Daniel - Vigneron - Encaveur - Chasselas Grand Cru - Pot Vaudois","og_description":"140 cl","og_url":"https:\/\/coeytaux-vins.ch\/fr\/nos-vins\/chasselas-pot-vaudois\/","og_site_name":"Coeytaux Jean-Daniel","article_publisher":"https:\/\/www.facebook.com\/cavejeandaniel.coeytaux","article_modified_time":"2025-06-06T13:32:48+00:00","og_image":[{"width":791,"height":1772,"url":"https:\/\/coeytaux-vins.ch\/wp-content\/uploads\/2020\/03\/Chasselas-140-cl-LR-min-1.png","type":"image\/png"}],"twitter_card":"summary_large_image","twitter_site":"@CaveJDC","twitter_misc":{"Dur\u00e9e de lecture estim\u00e9e":"1 minute"},"schema":{"@context":"https:\/\/schema.org","@graph":[{"@type":"WebPage","@id":"https:\/\/coeytaux-vins.ch\/fr\/nos-vins\/chasselas-pot-vaudois\/","url":"https:\/\/coeytaux-vins.ch\/fr\/nos-vins\/chasselas-pot-vaudois\/","name":"Coeytaux Jean-Daniel - Vigneron - Encaveur - Chasselas Grand Cru - Pot Vaudois","isPartOf":{"@id":"https:\/\/coeytaux-vins.ch\/fr\/#website"},"primaryImageOfPage":{"@id":"https:\/\/coeytaux-vins.ch\/fr\/nos-vins\/chasselas-pot-vaudois\/#primaryimage"},"image":{"@id":"https:\/\/coeytaux-vins.ch\/fr\/nos-vins\/chasselas-pot-vaudois\/#primaryimage"},"thumbnailUrl":"https:\/\/coeytaux-vins.ch\/wp-content\/uploads\/2020\/03\/Chasselas-140-cl-LR-min-1.png","datePublished":"2025-03-06T20:30:25+00:00","dateModified":"2025-06-06T13:32:48+00:00","breadcrumb":{"@id":"https:\/\/coeytaux-vins.ch\/fr\/nos-vins\/chasselas-pot-vaudois\/#breadcrumb"},"inLanguage":"fr-FR","potentialAction":[{"@type":"ReadAction","target":["https:\/\/coeytaux-vins.ch\/fr\/nos-vins\/chasselas-pot-vaudois\/"]}]},{"@type":"ImageObject","inLanguage":"fr-FR","@id":"https:\/\/coeytaux-vins.ch\/fr\/nos-vins\/chasselas-pot-vaudois\/#primaryimage","url":"https:\/\/coeytaux-vins.ch\/wp-content\/uploads\/2020\/03\/Chasselas-140-cl-LR-min-1.png","contentUrl":"https:\/\/coeytaux-vins.ch\/wp-content\/uploads\/2020\/03\/Chasselas-140-cl-LR-min-1.png","width":791,"height":1772},{"@type":"BreadcrumbList","@id":"https:\/\/coeytaux-vins.ch\/fr\/nos-vins\/chasselas-pot-vaudois\/#breadcrumb","itemListElement":[{"@type":"ListItem","position":1,"name":"Accueil","item":"https:\/\/coeytaux-vins.ch\/fr\/"},{"@type":"ListItem","position":2,"name":"Nos Vins","item":"https:\/\/coeytaux-vins.ch\/fr\/nos-vins\/"},{"@type":"ListItem","position":3,"name":"Chasselas Grand Cru &#8211; Pot Vaudois"}]},{"@type":"WebSite","@id":"https:\/\/coeytaux-vins.ch\/fr\/#website","url":"https:\/\/coeytaux-vins.ch\/fr\/","name":"Coeytaux Jean-Daniel","description":"Jean Daniel Coeytaux, Vigneron-Encaveur, Rue du Ch\u00e2teau 4, 1169 Yens-s\/Morges, Tel +41 21 800 47 38, Fax +41 21 800 47 57, Natel +41 79 276 30 47, jean-daniel@coeytaux-vins.ch","publisher":{"@id":"https:\/\/coeytaux-vins.ch\/fr\/#organization"},"potentialAction":[{"@type":"SearchAction","target":{"@type":"EntryPoint","urlTemplate":"https:\/\/coeytaux-vins.ch\/fr\/?s={search_term_string}"},"query-input":{"@type":"PropertyValueSpecification","valueRequired":true,"valueName":"search_term_string"}}],"inLanguage":"fr-FR"},{"@type":"Organization","@id":"https:\/\/coeytaux-vins.ch\/fr\/#organization","name":"Jean-Daniel Coeytaux","url":"https:\/\/coeytaux-vins.ch\/fr\/","logo":{"@type":"ImageObject","inLanguage":"fr-FR","@id":"https:\/\/coeytaux-vins.ch\/fr\/#\/schema\/logo\/image\/","url":"https:\/\/coeytaux-vins.ch\/wp-content\/uploads\/2020\/08\/Logo-Cave-Jean-Daniel-Coeytaux-Vigneron-Encaveur-e1598877479575.png","contentUrl":"https:\/\/coeytaux-vins.ch\/wp-content\/uploads\/2020\/08\/Logo-Cave-Jean-Daniel-Coeytaux-Vigneron-Encaveur-e1598877479575.png","width":250,"height":176,"caption":"Jean-Daniel Coeytaux"},"image":{"@id":"https:\/\/coeytaux-vins.ch\/fr\/#\/schema\/logo\/image\/"},"sameAs":["https:\/\/www.facebook.com\/cavejeandaniel.coeytaux","https:\/\/x.com\/CaveJDC","https:\/\/www.instagram.com\/cave_jean_daniel_coeytaux\/"]}]}},"_links":{"self":[{"href":"https:\/\/coeytaux-vins.ch\/fr\/wp-json\/wp\/v2\/product\/1024","targetHints":{"allow":["GET"]}}],"collection":[{"href":"https:\/\/coeytaux-vins.ch\/fr\/wp-json\/wp\/v2\/product"}],"about":[{"href":"https:\/\/coeytaux-vins.ch\/fr\/wp-json\/wp\/v2\/types\/product"}],"wp:featuredmedia":[{"embeddable":true,"href":"https:\/\/coeytaux-vins.ch\/fr\/wp-json\/wp\/v2\/media\/1336"}],"wp:attachment":[{"href":"https:\/\/coeytaux-vins.ch\/fr\/wp-json\/wp\/v2\/media?parent=1024"}],"wp:term":[{"taxonomy":"product_brand","embeddable":true,"href":"https:\/\/coeytaux-vins.ch\/fr\/wp-json\/wp\/v2\/product_brand?post=1024"},{"taxonomy":"product_cat","embeddable":true,"href":"https:\/\/coeytaux-vins.ch\/fr\/wp-json\/wp\/v2\/product_cat?post=1024"},{"taxonomy":"product_tag","embeddable":true,"href":"https:\/\/coeytaux-vins.ch\/fr\/wp-json\/wp\/v2\/product_tag?post=1024"}],"curies":[{"name":"wp","href":"https:\/\/api.w.org\/{rel}","templated":true}]}}