{"id":1042,"date":"2019-10-09T16:25:37","date_gmt":"2019-10-09T16:25:37","guid":{"rendered":"https:\/\/coeytaux-vins.ch\/?post_type=product&#038;p=1042"},"modified":"2026-01-12T00:39:47","modified_gmt":"2026-01-11T23:39:47","slug":"assemblage-de-cepages-nobles-magnum-et-sa-caissette-en-bois","status":"publish","type":"product","link":"https:\/\/coeytaux-vins.ch\/fr\/nos-vins\/assemblage-de-cepages-nobles-magnum-et-sa-caissette-en-bois\/","title":{"rendered":"Assemblage de C\u00e9pages Nobles &#8211; Magnum et sa caissette en bois"},"content":{"rendered":"<p><strong>Descriptif<\/strong><br \/>\nVin rouge. Assemblage de Garanoir, Gamaret et Gamay.<\/p>\n<p><strong>Au nez<\/strong><br \/>\nLes diff\u00e9rents c\u00e9pages assembl\u00e9s dans ce vin lui donnent un bouquet \u00e9l\u00e9gant et complexe.<\/p>\n<p><strong>En bouche<\/strong><br \/>\nRichesse, complexit\u00e9 et belle pr\u00e9sence tanique conf\u00e8rent \u00e0 ce vin un merveilleux potentiel de vieillissement.<\/p>\n<p><strong>Id\u00e9es d\u2019accompagnement<\/strong><br \/>\n&#8211; Vos mets les plus \u00e9labor\u00e9s<br \/>\n&#8211; Viandes rouges<br \/>\n&#8211; Gibier.<\/p>\n<p><strong>150 cl &#8211; CHF 52.00 (vente \u00e0 l\u2019unit\u00e9)<\/strong><\/p>\n","protected":false},"excerpt":{"rendered":"<p>150 cl<\/p>\n","protected":false},"featured_media":4633,"template":"","meta":{"_et_pb_use_builder":"off","_et_pb_old_content":"<strong>Descriptif<\/strong>\r\nVin rouge. Assemblage de Garanoir, Gamaret et Gamay.\r\n\r\n<strong>Au nez<\/strong>\r\nLes diff\u00e9rents c\u00e9pages assembl\u00e9s dans ce vin lui donnent un bouquet \u00e9l\u00e9gant et complexe.\r\n\r\n<strong>En bouche<\/strong>\r\nRichesse, complexit\u00e9 et belle pr\u00e9sence tanique conf\u00e8rent \u00e0 ce vin un merveilleux potentiel de vieillissement.\r\n\r\n<strong>Id\u00e9es d\u2019accompagnement<\/strong>\r\n- Vos mets les plus \u00e9labor\u00e9s\r\n- Viandes rouges\r\n- Gibier.\r\n\r\n<strong>150 cl - CHF 44 (vente \u00e0 l\u2019unit\u00e9)<\/strong>","_et_gb_content_width":"","inline_featured_image":false},"product_brand":[],"product_cat":[45],"product_tag":[],"class_list":{"0":"post-1042","1":"product","2":"type-product","3":"status-publish","4":"has-post-thumbnail","6":"product_cat-vins-rouges","8":"first","9":"instock","10":"featured","11":"shipping-taxable","12":"purchasable","13":"product-type-simple"},"yoast_head":"<!-- This site is optimized with the Yoast SEO plugin v26.4 - https:\/\/yoast.com\/wordpress\/plugins\/seo\/ -->\n<title>Coeytaux Jean-Daniel - Vigneron - Encaveur - Assemblage de C\u00e9pages Nobles - Magnum et sa caissette en bois<\/title>\n<meta name=\"robots\" content=\"index, follow, max-snippet:-1, max-image-preview:large, max-video-preview:-1\" \/>\n<link rel=\"canonical\" href=\"https:\/\/coeytaux-vins.ch\/fr\/nos-vins\/assemblage-de-cepages-nobles-magnum-et-sa-caissette-en-bois\/\" \/>\n<meta property=\"og:locale\" content=\"fr_FR\" \/>\n<meta property=\"og:type\" content=\"article\" \/>\n<meta property=\"og:title\" content=\"Coeytaux Jean-Daniel - Vigneron - Encaveur - Assemblage de C\u00e9pages Nobles - Magnum et sa caissette en bois\" \/>\n<meta property=\"og:description\" content=\"150 cl\" \/>\n<meta property=\"og:url\" content=\"https:\/\/coeytaux-vins.ch\/fr\/nos-vins\/assemblage-de-cepages-nobles-magnum-et-sa-caissette-en-bois\/\" \/>\n<meta property=\"og:site_name\" content=\"Coeytaux Jean-Daniel\" \/>\n<meta property=\"article:publisher\" content=\"https:\/\/www.facebook.com\/cavejeandaniel.coeytaux\" \/>\n<meta property=\"article:modified_time\" content=\"2026-01-11T23:39:47+00:00\" \/>\n<meta property=\"og:image\" content=\"https:\/\/coeytaux-vins.ch\/wp-content\/uploads\/2019\/10\/Assemblage-de-Cepages-Nobles-150-cl-et-caisse-en-bois-HR.png\" \/>\n\t<meta property=\"og:image:width\" content=\"805\" \/>\n\t<meta property=\"og:image:height\" content=\"1700\" \/>\n\t<meta property=\"og:image:type\" content=\"image\/png\" \/>\n<meta name=\"twitter:card\" content=\"summary_large_image\" \/>\n<meta name=\"twitter:site\" content=\"@CaveJDC\" \/>\n<meta name=\"twitter:label1\" content=\"Dur\u00e9e de lecture estim\u00e9e\" \/>\n\t<meta name=\"twitter:data1\" content=\"1 minute\" \/>\n<script type=\"application\/ld+json\" class=\"yoast-schema-graph\">{\"@context\":\"https:\/\/schema.org\",\"@graph\":[{\"@type\":\"WebPage\",\"@id\":\"https:\/\/coeytaux-vins.ch\/fr\/nos-vins\/assemblage-de-cepages-nobles-magnum-et-sa-caissette-en-bois\/\",\"url\":\"https:\/\/coeytaux-vins.ch\/fr\/nos-vins\/assemblage-de-cepages-nobles-magnum-et-sa-caissette-en-bois\/\",\"name\":\"Coeytaux Jean-Daniel - Vigneron - Encaveur - Assemblage de C\u00e9pages Nobles - Magnum et sa caissette en bois\",\"isPartOf\":{\"@id\":\"https:\/\/coeytaux-vins.ch\/fr\/#website\"},\"primaryImageOfPage\":{\"@id\":\"https:\/\/coeytaux-vins.ch\/fr\/nos-vins\/assemblage-de-cepages-nobles-magnum-et-sa-caissette-en-bois\/#primaryimage\"},\"image\":{\"@id\":\"https:\/\/coeytaux-vins.ch\/fr\/nos-vins\/assemblage-de-cepages-nobles-magnum-et-sa-caissette-en-bois\/#primaryimage\"},\"thumbnailUrl\":\"https:\/\/coeytaux-vins.ch\/wp-content\/uploads\/2019\/10\/Assemblage-de-Cepages-Nobles-150-cl-et-caisse-en-bois-HR.png\",\"datePublished\":\"2019-10-09T16:25:37+00:00\",\"dateModified\":\"2026-01-11T23:39:47+00:00\",\"breadcrumb\":{\"@id\":\"https:\/\/coeytaux-vins.ch\/fr\/nos-vins\/assemblage-de-cepages-nobles-magnum-et-sa-caissette-en-bois\/#breadcrumb\"},\"inLanguage\":\"fr-FR\",\"potentialAction\":[{\"@type\":\"ReadAction\",\"target\":[\"https:\/\/coeytaux-vins.ch\/fr\/nos-vins\/assemblage-de-cepages-nobles-magnum-et-sa-caissette-en-bois\/\"]}]},{\"@type\":\"ImageObject\",\"inLanguage\":\"fr-FR\",\"@id\":\"https:\/\/coeytaux-vins.ch\/fr\/nos-vins\/assemblage-de-cepages-nobles-magnum-et-sa-caissette-en-bois\/#primaryimage\",\"url\":\"https:\/\/coeytaux-vins.ch\/wp-content\/uploads\/2019\/10\/Assemblage-de-Cepages-Nobles-150-cl-et-caisse-en-bois-HR.png\",\"contentUrl\":\"https:\/\/coeytaux-vins.ch\/wp-content\/uploads\/2019\/10\/Assemblage-de-Cepages-Nobles-150-cl-et-caisse-en-bois-HR.png\",\"width\":805,\"height\":1700},{\"@type\":\"BreadcrumbList\",\"@id\":\"https:\/\/coeytaux-vins.ch\/fr\/nos-vins\/assemblage-de-cepages-nobles-magnum-et-sa-caissette-en-bois\/#breadcrumb\",\"itemListElement\":[{\"@type\":\"ListItem\",\"position\":1,\"name\":\"Accueil\",\"item\":\"https:\/\/coeytaux-vins.ch\/fr\/\"},{\"@type\":\"ListItem\",\"position\":2,\"name\":\"Nos Vins\",\"item\":\"https:\/\/coeytaux-vins.ch\/fr\/nos-vins\/\"},{\"@type\":\"ListItem\",\"position\":3,\"name\":\"Assemblage de C\u00e9pages Nobles &#8211; Magnum et sa caissette en bois\"}]},{\"@type\":\"WebSite\",\"@id\":\"https:\/\/coeytaux-vins.ch\/fr\/#website\",\"url\":\"https:\/\/coeytaux-vins.ch\/fr\/\",\"name\":\"Coeytaux Jean-Daniel\",\"description\":\"Jean Daniel Coeytaux, Vigneron-Encaveur, Rue du Ch\u00e2teau 4, 1169 Yens-s\/Morges, Tel +41 21 800 47 38, Fax +41 21 800 47 57, Natel +41 79 276 30 47, jean-daniel@coeytaux-vins.ch\",\"publisher\":{\"@id\":\"https:\/\/coeytaux-vins.ch\/fr\/#organization\"},\"potentialAction\":[{\"@type\":\"SearchAction\",\"target\":{\"@type\":\"EntryPoint\",\"urlTemplate\":\"https:\/\/coeytaux-vins.ch\/fr\/?s={search_term_string}\"},\"query-input\":{\"@type\":\"PropertyValueSpecification\",\"valueRequired\":true,\"valueName\":\"search_term_string\"}}],\"inLanguage\":\"fr-FR\"},{\"@type\":\"Organization\",\"@id\":\"https:\/\/coeytaux-vins.ch\/fr\/#organization\",\"name\":\"Jean-Daniel Coeytaux\",\"url\":\"https:\/\/coeytaux-vins.ch\/fr\/\",\"logo\":{\"@type\":\"ImageObject\",\"inLanguage\":\"fr-FR\",\"@id\":\"https:\/\/coeytaux-vins.ch\/fr\/#\/schema\/logo\/image\/\",\"url\":\"https:\/\/coeytaux-vins.ch\/wp-content\/uploads\/2020\/08\/Logo-Cave-Jean-Daniel-Coeytaux-Vigneron-Encaveur-e1598877479575.png\",\"contentUrl\":\"https:\/\/coeytaux-vins.ch\/wp-content\/uploads\/2020\/08\/Logo-Cave-Jean-Daniel-Coeytaux-Vigneron-Encaveur-e1598877479575.png\",\"width\":250,\"height\":176,\"caption\":\"Jean-Daniel Coeytaux\"},\"image\":{\"@id\":\"https:\/\/coeytaux-vins.ch\/fr\/#\/schema\/logo\/image\/\"},\"sameAs\":[\"https:\/\/www.facebook.com\/cavejeandaniel.coeytaux\",\"https:\/\/x.com\/CaveJDC\",\"https:\/\/www.instagram.com\/cave_jean_daniel_coeytaux\/\"]}]}<\/script>\n<!-- \/ Yoast SEO plugin. -->","yoast_head_json":{"title":"Coeytaux Jean-Daniel - Vigneron - Encaveur - Assemblage de C\u00e9pages Nobles - Magnum et sa caissette en bois","robots":{"index":"index","follow":"follow","max-snippet":"max-snippet:-1","max-image-preview":"max-image-preview:large","max-video-preview":"max-video-preview:-1"},"canonical":"https:\/\/coeytaux-vins.ch\/fr\/nos-vins\/assemblage-de-cepages-nobles-magnum-et-sa-caissette-en-bois\/","og_locale":"fr_FR","og_type":"article","og_title":"Coeytaux Jean-Daniel - Vigneron - Encaveur - Assemblage de C\u00e9pages Nobles - Magnum et sa caissette en bois","og_description":"150 cl","og_url":"https:\/\/coeytaux-vins.ch\/fr\/nos-vins\/assemblage-de-cepages-nobles-magnum-et-sa-caissette-en-bois\/","og_site_name":"Coeytaux Jean-Daniel","article_publisher":"https:\/\/www.facebook.com\/cavejeandaniel.coeytaux","article_modified_time":"2026-01-11T23:39:47+00:00","og_image":[{"width":805,"height":1700,"url":"https:\/\/coeytaux-vins.ch\/wp-content\/uploads\/2019\/10\/Assemblage-de-Cepages-Nobles-150-cl-et-caisse-en-bois-HR.png","type":"image\/png"}],"twitter_card":"summary_large_image","twitter_site":"@CaveJDC","twitter_misc":{"Dur\u00e9e de lecture estim\u00e9e":"1 minute"},"schema":{"@context":"https:\/\/schema.org","@graph":[{"@type":"WebPage","@id":"https:\/\/coeytaux-vins.ch\/fr\/nos-vins\/assemblage-de-cepages-nobles-magnum-et-sa-caissette-en-bois\/","url":"https:\/\/coeytaux-vins.ch\/fr\/nos-vins\/assemblage-de-cepages-nobles-magnum-et-sa-caissette-en-bois\/","name":"Coeytaux Jean-Daniel - Vigneron - Encaveur - Assemblage de C\u00e9pages Nobles - Magnum et sa caissette en bois","isPartOf":{"@id":"https:\/\/coeytaux-vins.ch\/fr\/#website"},"primaryImageOfPage":{"@id":"https:\/\/coeytaux-vins.ch\/fr\/nos-vins\/assemblage-de-cepages-nobles-magnum-et-sa-caissette-en-bois\/#primaryimage"},"image":{"@id":"https:\/\/coeytaux-vins.ch\/fr\/nos-vins\/assemblage-de-cepages-nobles-magnum-et-sa-caissette-en-bois\/#primaryimage"},"thumbnailUrl":"https:\/\/coeytaux-vins.ch\/wp-content\/uploads\/2019\/10\/Assemblage-de-Cepages-Nobles-150-cl-et-caisse-en-bois-HR.png","datePublished":"2019-10-09T16:25:37+00:00","dateModified":"2026-01-11T23:39:47+00:00","breadcrumb":{"@id":"https:\/\/coeytaux-vins.ch\/fr\/nos-vins\/assemblage-de-cepages-nobles-magnum-et-sa-caissette-en-bois\/#breadcrumb"},"inLanguage":"fr-FR","potentialAction":[{"@type":"ReadAction","target":["https:\/\/coeytaux-vins.ch\/fr\/nos-vins\/assemblage-de-cepages-nobles-magnum-et-sa-caissette-en-bois\/"]}]},{"@type":"ImageObject","inLanguage":"fr-FR","@id":"https:\/\/coeytaux-vins.ch\/fr\/nos-vins\/assemblage-de-cepages-nobles-magnum-et-sa-caissette-en-bois\/#primaryimage","url":"https:\/\/coeytaux-vins.ch\/wp-content\/uploads\/2019\/10\/Assemblage-de-Cepages-Nobles-150-cl-et-caisse-en-bois-HR.png","contentUrl":"https:\/\/coeytaux-vins.ch\/wp-content\/uploads\/2019\/10\/Assemblage-de-Cepages-Nobles-150-cl-et-caisse-en-bois-HR.png","width":805,"height":1700},{"@type":"BreadcrumbList","@id":"https:\/\/coeytaux-vins.ch\/fr\/nos-vins\/assemblage-de-cepages-nobles-magnum-et-sa-caissette-en-bois\/#breadcrumb","itemListElement":[{"@type":"ListItem","position":1,"name":"Accueil","item":"https:\/\/coeytaux-vins.ch\/fr\/"},{"@type":"ListItem","position":2,"name":"Nos Vins","item":"https:\/\/coeytaux-vins.ch\/fr\/nos-vins\/"},{"@type":"ListItem","position":3,"name":"Assemblage de C\u00e9pages Nobles &#8211; Magnum et sa caissette en bois"}]},{"@type":"WebSite","@id":"https:\/\/coeytaux-vins.ch\/fr\/#website","url":"https:\/\/coeytaux-vins.ch\/fr\/","name":"Coeytaux Jean-Daniel","description":"Jean Daniel Coeytaux, Vigneron-Encaveur, Rue du Ch\u00e2teau 4, 1169 Yens-s\/Morges, Tel +41 21 800 47 38, Fax +41 21 800 47 57, Natel +41 79 276 30 47, jean-daniel@coeytaux-vins.ch","publisher":{"@id":"https:\/\/coeytaux-vins.ch\/fr\/#organization"},"potentialAction":[{"@type":"SearchAction","target":{"@type":"EntryPoint","urlTemplate":"https:\/\/coeytaux-vins.ch\/fr\/?s={search_term_string}"},"query-input":{"@type":"PropertyValueSpecification","valueRequired":true,"valueName":"search_term_string"}}],"inLanguage":"fr-FR"},{"@type":"Organization","@id":"https:\/\/coeytaux-vins.ch\/fr\/#organization","name":"Jean-Daniel Coeytaux","url":"https:\/\/coeytaux-vins.ch\/fr\/","logo":{"@type":"ImageObject","inLanguage":"fr-FR","@id":"https:\/\/coeytaux-vins.ch\/fr\/#\/schema\/logo\/image\/","url":"https:\/\/coeytaux-vins.ch\/wp-content\/uploads\/2020\/08\/Logo-Cave-Jean-Daniel-Coeytaux-Vigneron-Encaveur-e1598877479575.png","contentUrl":"https:\/\/coeytaux-vins.ch\/wp-content\/uploads\/2020\/08\/Logo-Cave-Jean-Daniel-Coeytaux-Vigneron-Encaveur-e1598877479575.png","width":250,"height":176,"caption":"Jean-Daniel Coeytaux"},"image":{"@id":"https:\/\/coeytaux-vins.ch\/fr\/#\/schema\/logo\/image\/"},"sameAs":["https:\/\/www.facebook.com\/cavejeandaniel.coeytaux","https:\/\/x.com\/CaveJDC","https:\/\/www.instagram.com\/cave_jean_daniel_coeytaux\/"]}]}},"_links":{"self":[{"href":"https:\/\/coeytaux-vins.ch\/fr\/wp-json\/wp\/v2\/product\/1042","targetHints":{"allow":["GET"]}}],"collection":[{"href":"https:\/\/coeytaux-vins.ch\/fr\/wp-json\/wp\/v2\/product"}],"about":[{"href":"https:\/\/coeytaux-vins.ch\/fr\/wp-json\/wp\/v2\/types\/product"}],"wp:featuredmedia":[{"embeddable":true,"href":"https:\/\/coeytaux-vins.ch\/fr\/wp-json\/wp\/v2\/media\/4633"}],"wp:attachment":[{"href":"https:\/\/coeytaux-vins.ch\/fr\/wp-json\/wp\/v2\/media?parent=1042"}],"wp:term":[{"taxonomy":"product_brand","embeddable":true,"href":"https:\/\/coeytaux-vins.ch\/fr\/wp-json\/wp\/v2\/product_brand?post=1042"},{"taxonomy":"product_cat","embeddable":true,"href":"https:\/\/coeytaux-vins.ch\/fr\/wp-json\/wp\/v2\/product_cat?post=1042"},{"taxonomy":"product_tag","embeddable":true,"href":"https:\/\/coeytaux-vins.ch\/fr\/wp-json\/wp\/v2\/product_tag?post=1042"}],"curies":[{"name":"wp","href":"https:\/\/api.w.org\/{rel}","templated":true}]}}