{"id":26990,"date":"2019-10-09T16:35:17","date_gmt":"2019-10-09T15:35:17","guid":{"rendered":"https:\/\/coeytaux-vins.ch\/?post_type=product&#038;p=26990"},"modified":"2025-03-06T21:51:13","modified_gmt":"2025-03-06T20:51:13","slug":"divico","status":"publish","type":"product","link":"https:\/\/coeytaux-vins.ch\/fr\/nos-vins\/divico\/","title":{"rendered":"Divico"},"content":{"rendered":"<p><strong>Descriptif<\/strong><br \/>\nVin rouge. Un vin g\u00e9n\u00e9reux, \u00e9l\u00e9gant et bien structur\u00e9.<\/p>\n<p><strong>Au nez<\/strong><br \/>\nLe Divico d\u00e9voile des ar\u00f4mes intenses de fruits noirs, tels que la m\u00fbre et la cerise, accompagn\u00e9s de subtiles notes d&rsquo;\u00e9pices et de violette.<\/p>\n<p><strong>En bouche<\/strong><br \/>\nCe vin offre une belle harmonie entre puissance et finesse. Sa structure est dense, avec des tanins souples et soyeux, laissant place \u00e0 une finale longue et gourmande.<\/p>\n<p><strong>Id\u00e9es d\u2019accompagnement<br \/>\n<\/strong>&#8211; Viandes rouges r\u00f4ties<br \/>\n&#8211; Plats en sauce<br \/>\n&#8211; Fromages affin\u00e9s<\/p>\n<p>75 cl \u2013 CHF 16.50 (carton de 6 bouteilles)<\/p>\n","protected":false},"excerpt":{"rendered":"<p>75 cl<\/p>\n","protected":false},"featured_media":27001,"template":"","meta":{"_et_pb_use_builder":"off","_et_pb_old_content":"<strong>Descriptif<\/strong>\r\nVin rouge \u00e9lev\u00e9 en f\u00fbt de ch\u00eane, cors\u00e9 et color\u00e9.\r\n\r\n<strong>Au nez<\/strong>\r\nAr\u00f4mes de fruit noir, cerise, compl\u00e9t\u00e9s par des notes de r\u00e9glisse et d\u2019\u00e9pices.\r\n\r\n<strong>En bouche<\/strong>\r\nAttaque souple et fra\u00eeche. Vin fruit\u00e9 accompagn\u00e9 d\u2019un l\u00e9ger bois\u00e9. Tanins pr\u00e9sents qui lui donnent structure et bon potentiel de garde.\r\n\r\n<strong>Id\u00e9es d\u2019accompagnement<\/strong>\r\n- Viandes mijot\u00e9es en sauce (Rago\u00fbts, b\u0153uf bourguignon, b\u0153uf Stroganov,\u2026)\r\n\r\n<strong>75 cl - CHF 23.00 (carton de 6 bouteilles)<\/strong>","_et_gb_content_width":"","inline_featured_image":false},"product_brand":[],"product_cat":[45],"product_tag":[],"class_list":{"0":"post-26990","1":"product","2":"type-product","3":"status-publish","4":"has-post-thumbnail","6":"product_cat-vins-rouges","8":"first","9":"instock","10":"featured","11":"shipping-taxable","12":"purchasable","13":"product-type-simple"},"yoast_head":"<!-- This site is optimized with the Yoast SEO plugin v26.4 - https:\/\/yoast.com\/wordpress\/plugins\/seo\/ -->\n<title>Coeytaux Jean-Daniel - Vigneron - Encaveur - Divico<\/title>\n<meta name=\"robots\" content=\"index, follow, max-snippet:-1, max-image-preview:large, max-video-preview:-1\" \/>\n<link rel=\"canonical\" href=\"https:\/\/coeytaux-vins.ch\/fr\/nos-vins\/divico\/\" \/>\n<meta property=\"og:locale\" content=\"fr_FR\" \/>\n<meta property=\"og:type\" content=\"article\" \/>\n<meta property=\"og:title\" content=\"Coeytaux Jean-Daniel - Vigneron - Encaveur - Divico\" \/>\n<meta property=\"og:description\" content=\"75 cl\" \/>\n<meta property=\"og:url\" content=\"https:\/\/coeytaux-vins.ch\/fr\/nos-vins\/divico\/\" \/>\n<meta property=\"og:site_name\" content=\"Coeytaux Jean-Daniel\" \/>\n<meta property=\"article:publisher\" content=\"https:\/\/www.facebook.com\/cavejeandaniel.coeytaux\" \/>\n<meta property=\"article:modified_time\" content=\"2025-03-06T20:51:13+00:00\" \/>\n<meta property=\"og:image\" content=\"https:\/\/coeytaux-vins.ch\/wp-content\/uploads\/2025\/03\/divico.png\" \/>\n\t<meta property=\"og:image:width\" content=\"620\" \/>\n\t<meta property=\"og:image:height\" content=\"1772\" \/>\n\t<meta property=\"og:image:type\" content=\"image\/png\" \/>\n<meta name=\"twitter:card\" content=\"summary_large_image\" \/>\n<meta name=\"twitter:site\" content=\"@CaveJDC\" \/>\n<meta name=\"twitter:label1\" content=\"Dur\u00e9e de lecture estim\u00e9e\" \/>\n\t<meta name=\"twitter:data1\" content=\"1 minute\" \/>\n<script type=\"application\/ld+json\" class=\"yoast-schema-graph\">{\"@context\":\"https:\/\/schema.org\",\"@graph\":[{\"@type\":\"WebPage\",\"@id\":\"https:\/\/coeytaux-vins.ch\/fr\/nos-vins\/divico\/\",\"url\":\"https:\/\/coeytaux-vins.ch\/fr\/nos-vins\/divico\/\",\"name\":\"Coeytaux Jean-Daniel - Vigneron - Encaveur - Divico\",\"isPartOf\":{\"@id\":\"https:\/\/coeytaux-vins.ch\/fr\/#website\"},\"primaryImageOfPage\":{\"@id\":\"https:\/\/coeytaux-vins.ch\/fr\/nos-vins\/divico\/#primaryimage\"},\"image\":{\"@id\":\"https:\/\/coeytaux-vins.ch\/fr\/nos-vins\/divico\/#primaryimage\"},\"thumbnailUrl\":\"https:\/\/coeytaux-vins.ch\/wp-content\/uploads\/2025\/03\/divico.png\",\"datePublished\":\"2019-10-09T15:35:17+00:00\",\"dateModified\":\"2025-03-06T20:51:13+00:00\",\"breadcrumb\":{\"@id\":\"https:\/\/coeytaux-vins.ch\/fr\/nos-vins\/divico\/#breadcrumb\"},\"inLanguage\":\"fr-FR\",\"potentialAction\":[{\"@type\":\"ReadAction\",\"target\":[\"https:\/\/coeytaux-vins.ch\/fr\/nos-vins\/divico\/\"]}]},{\"@type\":\"ImageObject\",\"inLanguage\":\"fr-FR\",\"@id\":\"https:\/\/coeytaux-vins.ch\/fr\/nos-vins\/divico\/#primaryimage\",\"url\":\"https:\/\/coeytaux-vins.ch\/wp-content\/uploads\/2025\/03\/divico.png\",\"contentUrl\":\"https:\/\/coeytaux-vins.ch\/wp-content\/uploads\/2025\/03\/divico.png\",\"width\":620,\"height\":1772},{\"@type\":\"BreadcrumbList\",\"@id\":\"https:\/\/coeytaux-vins.ch\/fr\/nos-vins\/divico\/#breadcrumb\",\"itemListElement\":[{\"@type\":\"ListItem\",\"position\":1,\"name\":\"Accueil\",\"item\":\"https:\/\/coeytaux-vins.ch\/fr\/\"},{\"@type\":\"ListItem\",\"position\":2,\"name\":\"Nos Vins\",\"item\":\"https:\/\/coeytaux-vins.ch\/fr\/nos-vins\/\"},{\"@type\":\"ListItem\",\"position\":3,\"name\":\"Divico\"}]},{\"@type\":\"WebSite\",\"@id\":\"https:\/\/coeytaux-vins.ch\/fr\/#website\",\"url\":\"https:\/\/coeytaux-vins.ch\/fr\/\",\"name\":\"Coeytaux Jean-Daniel\",\"description\":\"Jean Daniel Coeytaux, Vigneron-Encaveur, Rue du Ch\u00e2teau 4, 1169 Yens-s\/Morges, Tel +41 21 800 47 38, Fax +41 21 800 47 57, Natel +41 79 276 30 47, jean-daniel@coeytaux-vins.ch\",\"publisher\":{\"@id\":\"https:\/\/coeytaux-vins.ch\/fr\/#organization\"},\"potentialAction\":[{\"@type\":\"SearchAction\",\"target\":{\"@type\":\"EntryPoint\",\"urlTemplate\":\"https:\/\/coeytaux-vins.ch\/fr\/?s={search_term_string}\"},\"query-input\":{\"@type\":\"PropertyValueSpecification\",\"valueRequired\":true,\"valueName\":\"search_term_string\"}}],\"inLanguage\":\"fr-FR\"},{\"@type\":\"Organization\",\"@id\":\"https:\/\/coeytaux-vins.ch\/fr\/#organization\",\"name\":\"Jean-Daniel Coeytaux\",\"url\":\"https:\/\/coeytaux-vins.ch\/fr\/\",\"logo\":{\"@type\":\"ImageObject\",\"inLanguage\":\"fr-FR\",\"@id\":\"https:\/\/coeytaux-vins.ch\/fr\/#\/schema\/logo\/image\/\",\"url\":\"https:\/\/coeytaux-vins.ch\/wp-content\/uploads\/2020\/08\/Logo-Cave-Jean-Daniel-Coeytaux-Vigneron-Encaveur-e1598877479575.png\",\"contentUrl\":\"https:\/\/coeytaux-vins.ch\/wp-content\/uploads\/2020\/08\/Logo-Cave-Jean-Daniel-Coeytaux-Vigneron-Encaveur-e1598877479575.png\",\"width\":250,\"height\":176,\"caption\":\"Jean-Daniel Coeytaux\"},\"image\":{\"@id\":\"https:\/\/coeytaux-vins.ch\/fr\/#\/schema\/logo\/image\/\"},\"sameAs\":[\"https:\/\/www.facebook.com\/cavejeandaniel.coeytaux\",\"https:\/\/x.com\/CaveJDC\",\"https:\/\/www.instagram.com\/cave_jean_daniel_coeytaux\/\"]}]}<\/script>\n<!-- \/ Yoast SEO plugin. -->","yoast_head_json":{"title":"Coeytaux Jean-Daniel - Vigneron - Encaveur - Divico","robots":{"index":"index","follow":"follow","max-snippet":"max-snippet:-1","max-image-preview":"max-image-preview:large","max-video-preview":"max-video-preview:-1"},"canonical":"https:\/\/coeytaux-vins.ch\/fr\/nos-vins\/divico\/","og_locale":"fr_FR","og_type":"article","og_title":"Coeytaux Jean-Daniel - Vigneron - Encaveur - Divico","og_description":"75 cl","og_url":"https:\/\/coeytaux-vins.ch\/fr\/nos-vins\/divico\/","og_site_name":"Coeytaux Jean-Daniel","article_publisher":"https:\/\/www.facebook.com\/cavejeandaniel.coeytaux","article_modified_time":"2025-03-06T20:51:13+00:00","og_image":[{"width":620,"height":1772,"url":"https:\/\/coeytaux-vins.ch\/wp-content\/uploads\/2025\/03\/divico.png","type":"image\/png"}],"twitter_card":"summary_large_image","twitter_site":"@CaveJDC","twitter_misc":{"Dur\u00e9e de lecture estim\u00e9e":"1 minute"},"schema":{"@context":"https:\/\/schema.org","@graph":[{"@type":"WebPage","@id":"https:\/\/coeytaux-vins.ch\/fr\/nos-vins\/divico\/","url":"https:\/\/coeytaux-vins.ch\/fr\/nos-vins\/divico\/","name":"Coeytaux Jean-Daniel - Vigneron - Encaveur - Divico","isPartOf":{"@id":"https:\/\/coeytaux-vins.ch\/fr\/#website"},"primaryImageOfPage":{"@id":"https:\/\/coeytaux-vins.ch\/fr\/nos-vins\/divico\/#primaryimage"},"image":{"@id":"https:\/\/coeytaux-vins.ch\/fr\/nos-vins\/divico\/#primaryimage"},"thumbnailUrl":"https:\/\/coeytaux-vins.ch\/wp-content\/uploads\/2025\/03\/divico.png","datePublished":"2019-10-09T15:35:17+00:00","dateModified":"2025-03-06T20:51:13+00:00","breadcrumb":{"@id":"https:\/\/coeytaux-vins.ch\/fr\/nos-vins\/divico\/#breadcrumb"},"inLanguage":"fr-FR","potentialAction":[{"@type":"ReadAction","target":["https:\/\/coeytaux-vins.ch\/fr\/nos-vins\/divico\/"]}]},{"@type":"ImageObject","inLanguage":"fr-FR","@id":"https:\/\/coeytaux-vins.ch\/fr\/nos-vins\/divico\/#primaryimage","url":"https:\/\/coeytaux-vins.ch\/wp-content\/uploads\/2025\/03\/divico.png","contentUrl":"https:\/\/coeytaux-vins.ch\/wp-content\/uploads\/2025\/03\/divico.png","width":620,"height":1772},{"@type":"BreadcrumbList","@id":"https:\/\/coeytaux-vins.ch\/fr\/nos-vins\/divico\/#breadcrumb","itemListElement":[{"@type":"ListItem","position":1,"name":"Accueil","item":"https:\/\/coeytaux-vins.ch\/fr\/"},{"@type":"ListItem","position":2,"name":"Nos Vins","item":"https:\/\/coeytaux-vins.ch\/fr\/nos-vins\/"},{"@type":"ListItem","position":3,"name":"Divico"}]},{"@type":"WebSite","@id":"https:\/\/coeytaux-vins.ch\/fr\/#website","url":"https:\/\/coeytaux-vins.ch\/fr\/","name":"Coeytaux Jean-Daniel","description":"Jean Daniel Coeytaux, Vigneron-Encaveur, Rue du Ch\u00e2teau 4, 1169 Yens-s\/Morges, Tel +41 21 800 47 38, Fax +41 21 800 47 57, Natel +41 79 276 30 47, jean-daniel@coeytaux-vins.ch","publisher":{"@id":"https:\/\/coeytaux-vins.ch\/fr\/#organization"},"potentialAction":[{"@type":"SearchAction","target":{"@type":"EntryPoint","urlTemplate":"https:\/\/coeytaux-vins.ch\/fr\/?s={search_term_string}"},"query-input":{"@type":"PropertyValueSpecification","valueRequired":true,"valueName":"search_term_string"}}],"inLanguage":"fr-FR"},{"@type":"Organization","@id":"https:\/\/coeytaux-vins.ch\/fr\/#organization","name":"Jean-Daniel Coeytaux","url":"https:\/\/coeytaux-vins.ch\/fr\/","logo":{"@type":"ImageObject","inLanguage":"fr-FR","@id":"https:\/\/coeytaux-vins.ch\/fr\/#\/schema\/logo\/image\/","url":"https:\/\/coeytaux-vins.ch\/wp-content\/uploads\/2020\/08\/Logo-Cave-Jean-Daniel-Coeytaux-Vigneron-Encaveur-e1598877479575.png","contentUrl":"https:\/\/coeytaux-vins.ch\/wp-content\/uploads\/2020\/08\/Logo-Cave-Jean-Daniel-Coeytaux-Vigneron-Encaveur-e1598877479575.png","width":250,"height":176,"caption":"Jean-Daniel Coeytaux"},"image":{"@id":"https:\/\/coeytaux-vins.ch\/fr\/#\/schema\/logo\/image\/"},"sameAs":["https:\/\/www.facebook.com\/cavejeandaniel.coeytaux","https:\/\/x.com\/CaveJDC","https:\/\/www.instagram.com\/cave_jean_daniel_coeytaux\/"]}]}},"_links":{"self":[{"href":"https:\/\/coeytaux-vins.ch\/fr\/wp-json\/wp\/v2\/product\/26990","targetHints":{"allow":["GET"]}}],"collection":[{"href":"https:\/\/coeytaux-vins.ch\/fr\/wp-json\/wp\/v2\/product"}],"about":[{"href":"https:\/\/coeytaux-vins.ch\/fr\/wp-json\/wp\/v2\/types\/product"}],"wp:featuredmedia":[{"embeddable":true,"href":"https:\/\/coeytaux-vins.ch\/fr\/wp-json\/wp\/v2\/media\/27001"}],"wp:attachment":[{"href":"https:\/\/coeytaux-vins.ch\/fr\/wp-json\/wp\/v2\/media?parent=26990"}],"wp:term":[{"taxonomy":"product_brand","embeddable":true,"href":"https:\/\/coeytaux-vins.ch\/fr\/wp-json\/wp\/v2\/product_brand?post=26990"},{"taxonomy":"product_cat","embeddable":true,"href":"https:\/\/coeytaux-vins.ch\/fr\/wp-json\/wp\/v2\/product_cat?post=26990"},{"taxonomy":"product_tag","embeddable":true,"href":"https:\/\/coeytaux-vins.ch\/fr\/wp-json\/wp\/v2\/product_tag?post=26990"}],"curies":[{"name":"wp","href":"https:\/\/api.w.org\/{rel}","templated":true}]}}