{"id":26993,"date":"2025-03-06T20:11:53","date_gmt":"2025-03-06T19:11:53","guid":{"rendered":"https:\/\/coeytaux-vins.ch\/?post_type=product&#038;p=26993"},"modified":"2025-03-06T21:24:07","modified_gmt":"2025-03-06T20:24:07","slug":"chasselas-sur-lie","status":"publish","type":"product","link":"https:\/\/coeytaux-vins.ch\/fr\/nos-vins\/chasselas-sur-lie\/","title":{"rendered":"Chasselas sur Lie"},"content":{"rendered":"<p><strong>Descriptif<\/strong><br \/>\nVin blanc. Un Chasselas authentique de la r\u00e9gion de Morges, \u00e9lev\u00e9 sur lies pour une complexit\u00e9 accrue.<\/p>\n<p><strong>Au nez<\/strong><br \/>\nAr\u00f4mes d\u00e9licats de fleurs blanches et de fruits \u00e0 chair blanche, tels que la pomme et la poire, avec une subtile touche brioch\u00e9e.<\/p>\n<p><strong>En bouche<\/strong><br \/>\nRond et gras, mais aussi raffin\u00e9 et \u00e9quilibr\u00e9, avec une acidit\u00e9 vive, fra\u00eeche et d\u00e9salt\u00e9rante. L&rsquo;\u00e9levage sur lies apporte du volume et une texture l\u00e9g\u00e8rement cr\u00e9meuse, avec une finale subtilement saline.<\/p>\n<p><strong>Id\u00e9es d\u2019accompagnement<br \/>\n<\/strong>&#8211; Poissons grill\u00e9s ou en sauce<br \/>\n&#8211; Fromages \u00e0 p\u00e2te molle<br \/>\n&#8211; Mets de saison tels qu\u2019une fondue ou une raclette<\/p>\n<p>75 cl \u2013 CHF 14.50 (carton de 6 bouteilles)<\/p>\n","protected":false},"excerpt":{"rendered":"<p>75 cl<\/p>\n","protected":false},"featured_media":27005,"template":"","meta":{"_et_pb_use_builder":"off","_et_pb_old_content":"<strong>Descriptif<\/strong>\r\nVin blanc. Ce vin demande de la maturit\u00e9 et donne son plein potentiel apr\u00e8s 1 \u00e0 2 ann\u00e9es.\r\n\r\n<strong>Au nez<\/strong>\r\nAr\u00f4mes fruit\u00e9s de poires, coings et fruits confits.\r\n\r\n<strong>En bouche<\/strong>\r\nCe Pinot Gris se caract\u00e9rise par sa richesse et son volume en bouche.\r\n\r\n<strong>Id\u00e9es d\u2019accompagnement<\/strong>\r\n- En ap\u00e9ritif\r\n- Entr\u00e9es\r\n- Fruits de mer\r\n- Viandes blanches\r\n\r\n<strong>75 cl - CHF 15.00 (carton de 6 bouteilles)<\/strong>","_et_gb_content_width":"","inline_featured_image":false},"product_brand":[],"product_cat":[47],"product_tag":[],"class_list":{"0":"post-26993","1":"product","2":"type-product","3":"status-publish","4":"has-post-thumbnail","6":"product_cat-vins-blancs","8":"first","9":"instock","10":"featured","11":"shipping-taxable","12":"purchasable","13":"product-type-simple"},"yoast_head":"<!-- This site is optimized with the Yoast SEO plugin v26.4 - https:\/\/yoast.com\/wordpress\/plugins\/seo\/ -->\n<title>Coeytaux Jean-Daniel - Vigneron - Encaveur - Chasselas sur Lie<\/title>\n<meta name=\"description\" content=\"Un Chasselas r\u00e9gion de Morges, \u00e9lev\u00e9 sur lies. Ar\u00f4mes fleurs blanches et de fruits \u00e0 chair blanche, pomme et la poire, une subtile touche brioch\u00e9e.\" \/>\n<meta name=\"robots\" content=\"index, follow, max-snippet:-1, max-image-preview:large, max-video-preview:-1\" \/>\n<link rel=\"canonical\" href=\"https:\/\/coeytaux-vins.ch\/fr\/nos-vins\/chasselas-sur-lie\/\" \/>\n<meta property=\"og:locale\" content=\"fr_FR\" \/>\n<meta property=\"og:type\" content=\"article\" \/>\n<meta property=\"og:title\" content=\"Coeytaux Jean-Daniel - Vigneron - Encaveur - Chasselas sur Lie\" \/>\n<meta property=\"og:description\" content=\"Un Chasselas r\u00e9gion de Morges, \u00e9lev\u00e9 sur lies. Ar\u00f4mes fleurs blanches et de fruits \u00e0 chair blanche, pomme et la poire, une subtile touche brioch\u00e9e.\" \/>\n<meta property=\"og:url\" content=\"https:\/\/coeytaux-vins.ch\/fr\/nos-vins\/chasselas-sur-lie\/\" \/>\n<meta property=\"og:site_name\" content=\"Coeytaux Jean-Daniel\" \/>\n<meta property=\"article:publisher\" content=\"https:\/\/www.facebook.com\/cavejeandaniel.coeytaux\" \/>\n<meta property=\"article:modified_time\" content=\"2025-03-06T20:24:07+00:00\" \/>\n<meta property=\"og:image\" content=\"https:\/\/coeytaux-vins.ch\/wp-content\/uploads\/2025\/03\/chasselas-sur-lie-.png\" \/>\n\t<meta property=\"og:image:width\" content=\"620\" \/>\n\t<meta property=\"og:image:height\" content=\"1772\" \/>\n\t<meta property=\"og:image:type\" content=\"image\/png\" \/>\n<meta name=\"twitter:card\" content=\"summary_large_image\" \/>\n<meta name=\"twitter:site\" content=\"@CaveJDC\" \/>\n<meta name=\"twitter:label1\" content=\"Dur\u00e9e de lecture estim\u00e9e\" \/>\n\t<meta name=\"twitter:data1\" content=\"1 minute\" \/>\n<script type=\"application\/ld+json\" class=\"yoast-schema-graph\">{\"@context\":\"https:\/\/schema.org\",\"@graph\":[{\"@type\":\"WebPage\",\"@id\":\"https:\/\/coeytaux-vins.ch\/fr\/nos-vins\/chasselas-sur-lie\/\",\"url\":\"https:\/\/coeytaux-vins.ch\/fr\/nos-vins\/chasselas-sur-lie\/\",\"name\":\"Coeytaux Jean-Daniel - Vigneron - Encaveur - Chasselas sur Lie\",\"isPartOf\":{\"@id\":\"https:\/\/coeytaux-vins.ch\/fr\/#website\"},\"primaryImageOfPage\":{\"@id\":\"https:\/\/coeytaux-vins.ch\/fr\/nos-vins\/chasselas-sur-lie\/#primaryimage\"},\"image\":{\"@id\":\"https:\/\/coeytaux-vins.ch\/fr\/nos-vins\/chasselas-sur-lie\/#primaryimage\"},\"thumbnailUrl\":\"https:\/\/coeytaux-vins.ch\/wp-content\/uploads\/2025\/03\/chasselas-sur-lie-.png\",\"datePublished\":\"2025-03-06T19:11:53+00:00\",\"dateModified\":\"2025-03-06T20:24:07+00:00\",\"description\":\"Un Chasselas r\u00e9gion de Morges, \u00e9lev\u00e9 sur lies. Ar\u00f4mes fleurs blanches et de fruits \u00e0 chair blanche, pomme et la poire, une subtile touche brioch\u00e9e.\",\"breadcrumb\":{\"@id\":\"https:\/\/coeytaux-vins.ch\/fr\/nos-vins\/chasselas-sur-lie\/#breadcrumb\"},\"inLanguage\":\"fr-FR\",\"potentialAction\":[{\"@type\":\"ReadAction\",\"target\":[\"https:\/\/coeytaux-vins.ch\/fr\/nos-vins\/chasselas-sur-lie\/\"]}]},{\"@type\":\"ImageObject\",\"inLanguage\":\"fr-FR\",\"@id\":\"https:\/\/coeytaux-vins.ch\/fr\/nos-vins\/chasselas-sur-lie\/#primaryimage\",\"url\":\"https:\/\/coeytaux-vins.ch\/wp-content\/uploads\/2025\/03\/chasselas-sur-lie-.png\",\"contentUrl\":\"https:\/\/coeytaux-vins.ch\/wp-content\/uploads\/2025\/03\/chasselas-sur-lie-.png\",\"width\":620,\"height\":1772},{\"@type\":\"BreadcrumbList\",\"@id\":\"https:\/\/coeytaux-vins.ch\/fr\/nos-vins\/chasselas-sur-lie\/#breadcrumb\",\"itemListElement\":[{\"@type\":\"ListItem\",\"position\":1,\"name\":\"Accueil\",\"item\":\"https:\/\/coeytaux-vins.ch\/fr\/\"},{\"@type\":\"ListItem\",\"position\":2,\"name\":\"Nos Vins\",\"item\":\"https:\/\/coeytaux-vins.ch\/fr\/nos-vins\/\"},{\"@type\":\"ListItem\",\"position\":3,\"name\":\"Chasselas sur Lie\"}]},{\"@type\":\"WebSite\",\"@id\":\"https:\/\/coeytaux-vins.ch\/fr\/#website\",\"url\":\"https:\/\/coeytaux-vins.ch\/fr\/\",\"name\":\"Coeytaux Jean-Daniel\",\"description\":\"Jean Daniel Coeytaux, Vigneron-Encaveur, Rue du Ch\u00e2teau 4, 1169 Yens-s\/Morges, Tel +41 21 800 47 38, Fax +41 21 800 47 57, Natel +41 79 276 30 47, jean-daniel@coeytaux-vins.ch\",\"publisher\":{\"@id\":\"https:\/\/coeytaux-vins.ch\/fr\/#organization\"},\"potentialAction\":[{\"@type\":\"SearchAction\",\"target\":{\"@type\":\"EntryPoint\",\"urlTemplate\":\"https:\/\/coeytaux-vins.ch\/fr\/?s={search_term_string}\"},\"query-input\":{\"@type\":\"PropertyValueSpecification\",\"valueRequired\":true,\"valueName\":\"search_term_string\"}}],\"inLanguage\":\"fr-FR\"},{\"@type\":\"Organization\",\"@id\":\"https:\/\/coeytaux-vins.ch\/fr\/#organization\",\"name\":\"Jean-Daniel Coeytaux\",\"url\":\"https:\/\/coeytaux-vins.ch\/fr\/\",\"logo\":{\"@type\":\"ImageObject\",\"inLanguage\":\"fr-FR\",\"@id\":\"https:\/\/coeytaux-vins.ch\/fr\/#\/schema\/logo\/image\/\",\"url\":\"https:\/\/coeytaux-vins.ch\/wp-content\/uploads\/2020\/08\/Logo-Cave-Jean-Daniel-Coeytaux-Vigneron-Encaveur-e1598877479575.png\",\"contentUrl\":\"https:\/\/coeytaux-vins.ch\/wp-content\/uploads\/2020\/08\/Logo-Cave-Jean-Daniel-Coeytaux-Vigneron-Encaveur-e1598877479575.png\",\"width\":250,\"height\":176,\"caption\":\"Jean-Daniel Coeytaux\"},\"image\":{\"@id\":\"https:\/\/coeytaux-vins.ch\/fr\/#\/schema\/logo\/image\/\"},\"sameAs\":[\"https:\/\/www.facebook.com\/cavejeandaniel.coeytaux\",\"https:\/\/x.com\/CaveJDC\",\"https:\/\/www.instagram.com\/cave_jean_daniel_coeytaux\/\"]}]}<\/script>\n<!-- \/ Yoast SEO plugin. -->","yoast_head_json":{"title":"Coeytaux Jean-Daniel - Vigneron - Encaveur - Chasselas sur Lie","description":"Un Chasselas r\u00e9gion de Morges, \u00e9lev\u00e9 sur lies. Ar\u00f4mes fleurs blanches et de fruits \u00e0 chair blanche, pomme et la poire, une subtile touche brioch\u00e9e.","robots":{"index":"index","follow":"follow","max-snippet":"max-snippet:-1","max-image-preview":"max-image-preview:large","max-video-preview":"max-video-preview:-1"},"canonical":"https:\/\/coeytaux-vins.ch\/fr\/nos-vins\/chasselas-sur-lie\/","og_locale":"fr_FR","og_type":"article","og_title":"Coeytaux Jean-Daniel - Vigneron - Encaveur - Chasselas sur Lie","og_description":"Un Chasselas r\u00e9gion de Morges, \u00e9lev\u00e9 sur lies. Ar\u00f4mes fleurs blanches et de fruits \u00e0 chair blanche, pomme et la poire, une subtile touche brioch\u00e9e.","og_url":"https:\/\/coeytaux-vins.ch\/fr\/nos-vins\/chasselas-sur-lie\/","og_site_name":"Coeytaux Jean-Daniel","article_publisher":"https:\/\/www.facebook.com\/cavejeandaniel.coeytaux","article_modified_time":"2025-03-06T20:24:07+00:00","og_image":[{"width":620,"height":1772,"url":"https:\/\/coeytaux-vins.ch\/wp-content\/uploads\/2025\/03\/chasselas-sur-lie-.png","type":"image\/png"}],"twitter_card":"summary_large_image","twitter_site":"@CaveJDC","twitter_misc":{"Dur\u00e9e de lecture estim\u00e9e":"1 minute"},"schema":{"@context":"https:\/\/schema.org","@graph":[{"@type":"WebPage","@id":"https:\/\/coeytaux-vins.ch\/fr\/nos-vins\/chasselas-sur-lie\/","url":"https:\/\/coeytaux-vins.ch\/fr\/nos-vins\/chasselas-sur-lie\/","name":"Coeytaux Jean-Daniel - Vigneron - Encaveur - Chasselas sur Lie","isPartOf":{"@id":"https:\/\/coeytaux-vins.ch\/fr\/#website"},"primaryImageOfPage":{"@id":"https:\/\/coeytaux-vins.ch\/fr\/nos-vins\/chasselas-sur-lie\/#primaryimage"},"image":{"@id":"https:\/\/coeytaux-vins.ch\/fr\/nos-vins\/chasselas-sur-lie\/#primaryimage"},"thumbnailUrl":"https:\/\/coeytaux-vins.ch\/wp-content\/uploads\/2025\/03\/chasselas-sur-lie-.png","datePublished":"2025-03-06T19:11:53+00:00","dateModified":"2025-03-06T20:24:07+00:00","description":"Un Chasselas r\u00e9gion de Morges, \u00e9lev\u00e9 sur lies. Ar\u00f4mes fleurs blanches et de fruits \u00e0 chair blanche, pomme et la poire, une subtile touche brioch\u00e9e.","breadcrumb":{"@id":"https:\/\/coeytaux-vins.ch\/fr\/nos-vins\/chasselas-sur-lie\/#breadcrumb"},"inLanguage":"fr-FR","potentialAction":[{"@type":"ReadAction","target":["https:\/\/coeytaux-vins.ch\/fr\/nos-vins\/chasselas-sur-lie\/"]}]},{"@type":"ImageObject","inLanguage":"fr-FR","@id":"https:\/\/coeytaux-vins.ch\/fr\/nos-vins\/chasselas-sur-lie\/#primaryimage","url":"https:\/\/coeytaux-vins.ch\/wp-content\/uploads\/2025\/03\/chasselas-sur-lie-.png","contentUrl":"https:\/\/coeytaux-vins.ch\/wp-content\/uploads\/2025\/03\/chasselas-sur-lie-.png","width":620,"height":1772},{"@type":"BreadcrumbList","@id":"https:\/\/coeytaux-vins.ch\/fr\/nos-vins\/chasselas-sur-lie\/#breadcrumb","itemListElement":[{"@type":"ListItem","position":1,"name":"Accueil","item":"https:\/\/coeytaux-vins.ch\/fr\/"},{"@type":"ListItem","position":2,"name":"Nos Vins","item":"https:\/\/coeytaux-vins.ch\/fr\/nos-vins\/"},{"@type":"ListItem","position":3,"name":"Chasselas sur Lie"}]},{"@type":"WebSite","@id":"https:\/\/coeytaux-vins.ch\/fr\/#website","url":"https:\/\/coeytaux-vins.ch\/fr\/","name":"Coeytaux Jean-Daniel","description":"Jean Daniel Coeytaux, Vigneron-Encaveur, Rue du Ch\u00e2teau 4, 1169 Yens-s\/Morges, Tel +41 21 800 47 38, Fax +41 21 800 47 57, Natel +41 79 276 30 47, jean-daniel@coeytaux-vins.ch","publisher":{"@id":"https:\/\/coeytaux-vins.ch\/fr\/#organization"},"potentialAction":[{"@type":"SearchAction","target":{"@type":"EntryPoint","urlTemplate":"https:\/\/coeytaux-vins.ch\/fr\/?s={search_term_string}"},"query-input":{"@type":"PropertyValueSpecification","valueRequired":true,"valueName":"search_term_string"}}],"inLanguage":"fr-FR"},{"@type":"Organization","@id":"https:\/\/coeytaux-vins.ch\/fr\/#organization","name":"Jean-Daniel Coeytaux","url":"https:\/\/coeytaux-vins.ch\/fr\/","logo":{"@type":"ImageObject","inLanguage":"fr-FR","@id":"https:\/\/coeytaux-vins.ch\/fr\/#\/schema\/logo\/image\/","url":"https:\/\/coeytaux-vins.ch\/wp-content\/uploads\/2020\/08\/Logo-Cave-Jean-Daniel-Coeytaux-Vigneron-Encaveur-e1598877479575.png","contentUrl":"https:\/\/coeytaux-vins.ch\/wp-content\/uploads\/2020\/08\/Logo-Cave-Jean-Daniel-Coeytaux-Vigneron-Encaveur-e1598877479575.png","width":250,"height":176,"caption":"Jean-Daniel Coeytaux"},"image":{"@id":"https:\/\/coeytaux-vins.ch\/fr\/#\/schema\/logo\/image\/"},"sameAs":["https:\/\/www.facebook.com\/cavejeandaniel.coeytaux","https:\/\/x.com\/CaveJDC","https:\/\/www.instagram.com\/cave_jean_daniel_coeytaux\/"]}]}},"_links":{"self":[{"href":"https:\/\/coeytaux-vins.ch\/fr\/wp-json\/wp\/v2\/product\/26993","targetHints":{"allow":["GET"]}}],"collection":[{"href":"https:\/\/coeytaux-vins.ch\/fr\/wp-json\/wp\/v2\/product"}],"about":[{"href":"https:\/\/coeytaux-vins.ch\/fr\/wp-json\/wp\/v2\/types\/product"}],"wp:featuredmedia":[{"embeddable":true,"href":"https:\/\/coeytaux-vins.ch\/fr\/wp-json\/wp\/v2\/media\/27005"}],"wp:attachment":[{"href":"https:\/\/coeytaux-vins.ch\/fr\/wp-json\/wp\/v2\/media?parent=26993"}],"wp:term":[{"taxonomy":"product_brand","embeddable":true,"href":"https:\/\/coeytaux-vins.ch\/fr\/wp-json\/wp\/v2\/product_brand?post=26993"},{"taxonomy":"product_cat","embeddable":true,"href":"https:\/\/coeytaux-vins.ch\/fr\/wp-json\/wp\/v2\/product_cat?post=26993"},{"taxonomy":"product_tag","embeddable":true,"href":"https:\/\/coeytaux-vins.ch\/fr\/wp-json\/wp\/v2\/product_tag?post=26993"}],"curies":[{"name":"wp","href":"https:\/\/api.w.org\/{rel}","templated":true}]}}